{"id":20,"date":"2025-03-28T16:05:29","date_gmt":"2025-03-28T19:05:29","guid":{"rendered":"https:\/\/innovacon.simplificandotuweb.com\/?page_id=20"},"modified":"2025-05-13T16:44:53","modified_gmt":"2025-05-13T14:44:53","slug":"declaracio-daccessibilitat","status":"publish","type":"page","link":"https:\/\/flamia.es\/en\/declaracio-daccessibilitat\/","title":{"rendered":"Accessibility statement"},"content":{"rendered":"<div data-elementor-type=\"wp-page\" data-elementor-id=\"20\" class=\"elementor elementor-20\" data-elementor-post-type=\"page\">\n\t\t\t\t<div class=\"elementor-element elementor-element-4894de47 e-flex e-con-boxed e-con e-parent\" data-id=\"4894de47\" data-element_type=\"container\">\n\t\t\t\t\t<div class=\"e-con-inner\">\n\t\t\t\t<div class=\"elementor-element elementor-element-5878d0b elementor-widget elementor-widget-heading\" data-id=\"5878d0b\" data-element_type=\"widget\" data-widget_type=\"heading.default\">\n\t\t\t\t<div class=\"elementor-widget-container\">\n\t\t\t\t\t<h2 class=\"elementor-heading-title elementor-size-default\">Accessibility statement<\/h2>\t\t\t\t<\/div>\n\t\t\t\t<\/div>\n\t\t\t\t<div class=\"elementor-element elementor-element-547ffcab elementor-widget elementor-widget-text-editor\" data-id=\"547ffcab\" data-element_type=\"widget\" data-widget_type=\"text-editor.default\">\n\t\t\t\t<div class=\"elementor-widget-container\">\n\t\t\t\t\t\t\t\t\t\n<p><strong>HORECATEK, SL<\/strong> has committed to making its website accessible, in accordance with Royal Decree 1112\/2018, of September 7, on accessibility of websites and applications for mobile devices in the public sector. This accessibility statement applies to this website.<\/p>\n\n\n\n<h3 class=\"wp-block-heading\">Compliance status<\/h3>\n\n\n\n<p>This website is developed according to RD 1112\/2018.<\/p>\n\n\n\n<h3 class=\"wp-block-heading\">Preparing for the next accessibility statement<\/h3>\n\n\n\n<p>This statement was prepared on April 20, 2023. The method used to prepare the statement was a self-assessment.<\/p>\n\n\n\n<h3 class=\"wp-block-heading\">Observations and contact details<\/h3>\n\n\n\n<p>You can make communications about accessibility requirements (article 10.2.a of RD 1112\/2018) such as:<\/p>\n\n\n\n<ul class=\"wp-block-list\">\n<li>Report any possible breach by this website.<\/li>\n\n\n\n<li>Convey other difficulties in accessing content.<\/li>\n\n\n\n<li>Make any other query or suggestion for improvement regarding the accessibility of the website through the contact form on this website or through the telephone number.<\/li>\n<\/ul>\n\n\n\n<p>You can present:<\/p>\n\n\n\n<ul class=\"wp-block-list\">\n<li>Complaint regarding compliance with the requirements of RD 1112\/2018.<\/li>\n\n\n\n<li>Request for accessible information regarding:\n<ul class=\"wp-block-list\">\n<li>Contents that are excluded from the scope of application of RD 1112\/2018 as established in article 3, section 4.<\/li>\n\n\n\n<li>Content that is exempt from compliance with accessibility requirements to impose a disproportionate burden.<\/li>\n<\/ul>\n<\/li>\n<\/ul>\n\n\n\n<p>In the request for accessible information, it is necessary to specify, with complete clarity, the facts, reasons and request that allow it to be established that it is a reasonable and legitimate request.<\/p>\n\n\n\n<p>Complaints and claims regarding accessible information will be made through the electronic office (<a href=\"https:\/\/sede.red.gob.es\/procedimientos\/quejas-y-sugerencias\"><strong>https:\/\/sede.red.gob.es\/procedimientos\/quejas-y-sugerencias<\/strong><\/a>) and will be received and processed by the Information Systems area of Red.es.<\/p>\n\n\n\n<h3 class=\"wp-block-heading\">Optional content<\/h3>\n\n\n\n<p>If you want to change the font size of the text in the main graphical browsers, use the following menus:<\/p>\n\n\n\n<ul class=\"wp-block-list\">\n<li><strong>Safari<\/strong>: View &gt; Make text larger<\/li>\n\n\n\n<li><strong>Chrome<\/strong>: Control current page &gt; Text size<\/li>\n<\/ul>\n\n\n\n<p>To resize everything on the page:<\/p>\n\n\n\n<ul class=\"wp-block-list\">\n<li><strong>Ctrl++<\/strong>&nbsp;to increase it<\/li>\n\n\n\n<li><strong>Ctrl + \u2013<\/strong>&nbsp;to reduce it<\/li>\n\n\n\n<li><strong>Ctrl + 0<\/strong>&nbsp;restores the original text size<\/li>\n<\/ul>\n\n\n\n<p>If you want to override the style sheet or change the text color, you can consult the page&nbsp;<em>How to Change Text Size or Colors<\/em>&nbsp;of the WAI, which can be read translated into Spanish at&nbsp;<em>How to change the text size or colors?<\/em><\/p>\n\t\t\t\t\t\t\t\t<\/div>\n\t\t\t\t<\/div>\n\t\t\t\t\t<\/div>\n\t\t\t\t<\/div>\n\t\t\t\t<\/div>","protected":false},"excerpt":{"rendered":"<p>HORECATEK, S.L. ha comprom\u00e8s a fer accessible el seu lloc web, d\u2019acord amb el Reial decret 1112\/2018, de 7 de setembre, sobre accessibilitat dels llocs web i aplicacions per a dispositius m\u00f2bils del sector p\u00fablic. Aquesta declaraci\u00f3 d\u2019accessibilitat s\u2019aplica a aquest web. Situaci\u00f3 de compliment Aquest lloc web est\u00e0 desenvolupat segons el RD 1112\/2018. Preparaci\u00f3 [&hellip;]<\/p>","protected":false},"author":1,"featured_media":0,"parent":0,"menu_order":0,"comment_status":"closed","ping_status":"closed","template":"","meta":{"footnotes":""},"class_list":["post-20","page","type-page","status-publish","hentry"],"yoast_head":"<!-- This site is optimized with the Yoast SEO plugin v25.5 - https:\/\/yoast.com\/wordpress\/plugins\/seo\/ -->\n<title>Declaraci\u00f3 d\u2019accessibilitat - Flamia<\/title>\n<meta name=\"robots\" content=\"index, follow, max-snippet:-1, max-image-preview:large, max-video-preview:-1\" \/>\n<link rel=\"canonical\" href=\"https:\/\/flamia.es\/en\/declaracio-daccessibilitat\/\" \/>\n<meta property=\"og:locale\" content=\"en_GB\" \/>\n<meta property=\"og:type\" content=\"article\" \/>\n<meta property=\"og:title\" content=\"Declaraci\u00f3 d\u2019accessibilitat - Flamia\" \/>\n<meta property=\"og:description\" content=\"HORECATEK, S.L. ha comprom\u00e8s a fer accessible el seu lloc web, d\u2019acord amb el Reial decret 1112\/2018, de 7 de setembre, sobre accessibilitat dels llocs web i aplicacions per a dispositius m\u00f2bils del sector p\u00fablic. Aquesta declaraci\u00f3 d\u2019accessibilitat s\u2019aplica a aquest web. Situaci\u00f3 de compliment Aquest lloc web est\u00e0 desenvolupat segons el RD 1112\/2018. Preparaci\u00f3 [&hellip;]\" \/>\n<meta property=\"og:url\" content=\"https:\/\/flamia.es\/en\/declaracio-daccessibilitat\/\" \/>\n<meta property=\"og:site_name\" content=\"Flamia\" \/>\n<meta property=\"article:modified_time\" content=\"2025-05-13T14:44:53+00:00\" \/>\n<meta name=\"twitter:card\" content=\"summary_large_image\" \/>\n<meta name=\"twitter:label1\" content=\"Estimated reading time\" \/>\n\t<meta name=\"twitter:data1\" content=\"2 minutes\" \/>\n<script type=\"application\/ld+json\" class=\"yoast-schema-graph\">{\"@context\":\"https:\/\/schema.org\",\"@graph\":[{\"@type\":\"WebPage\",\"@id\":\"https:\/\/flamia.es\/declaracio-daccessibilitat\/\",\"url\":\"https:\/\/flamia.es\/declaracio-daccessibilitat\/\",\"name\":\"Declaraci\u00f3 d\u2019accessibilitat - Flamia\",\"isPartOf\":{\"@id\":\"https:\/\/flamia.es\/#website\"},\"datePublished\":\"2025-03-28T19:05:29+00:00\",\"dateModified\":\"2025-05-13T14:44:53+00:00\",\"breadcrumb\":{\"@id\":\"https:\/\/flamia.es\/declaracio-daccessibilitat\/#breadcrumb\"},\"inLanguage\":\"en-GB\",\"potentialAction\":[{\"@type\":\"ReadAction\",\"target\":[\"https:\/\/flamia.es\/declaracio-daccessibilitat\/\"]}]},{\"@type\":\"BreadcrumbList\",\"@id\":\"https:\/\/flamia.es\/declaracio-daccessibilitat\/#breadcrumb\",\"itemListElement\":[{\"@type\":\"ListItem\",\"position\":1,\"name\":\"Portada\",\"item\":\"https:\/\/flamia.es\/\"},{\"@type\":\"ListItem\",\"position\":2,\"name\":\"Declaraci\u00f3 d\u2019accessibilitat\"}]},{\"@type\":\"WebSite\",\"@id\":\"https:\/\/flamia.es\/#website\",\"url\":\"https:\/\/flamia.es\/\",\"name\":\"Horecatek\",\"description\":\"Planxes el\u00e8ctriques i cremadors de gas industrials\",\"potentialAction\":[{\"@type\":\"SearchAction\",\"target\":{\"@type\":\"EntryPoint\",\"urlTemplate\":\"https:\/\/flamia.es\/?s={search_term_string}\"},\"query-input\":{\"@type\":\"PropertyValueSpecification\",\"valueRequired\":true,\"valueName\":\"search_term_string\"}}],\"inLanguage\":\"en-GB\"}]}<\/script>\n<!-- \/ Yoast SEO plugin. -->","yoast_head_json":{"title":"Declaraci\u00f3 d\u2019accessibilitat - Flamia","robots":{"index":"index","follow":"follow","max-snippet":"max-snippet:-1","max-image-preview":"max-image-preview:large","max-video-preview":"max-video-preview:-1"},"canonical":"https:\/\/flamia.es\/en\/declaracio-daccessibilitat\/","og_locale":"en_GB","og_type":"article","og_title":"Declaraci\u00f3 d\u2019accessibilitat - Flamia","og_description":"HORECATEK, S.L. ha comprom\u00e8s a fer accessible el seu lloc web, d\u2019acord amb el Reial decret 1112\/2018, de 7 de setembre, sobre accessibilitat dels llocs web i aplicacions per a dispositius m\u00f2bils del sector p\u00fablic. Aquesta declaraci\u00f3 d\u2019accessibilitat s\u2019aplica a aquest web. Situaci\u00f3 de compliment Aquest lloc web est\u00e0 desenvolupat segons el RD 1112\/2018. Preparaci\u00f3 [&hellip;]","og_url":"https:\/\/flamia.es\/en\/declaracio-daccessibilitat\/","og_site_name":"Flamia","article_modified_time":"2025-05-13T14:44:53+00:00","twitter_card":"summary_large_image","twitter_misc":{"Estimated reading time":"2 minutes"},"schema":{"@context":"https:\/\/schema.org","@graph":[{"@type":"WebPage","@id":"https:\/\/flamia.es\/declaracio-daccessibilitat\/","url":"https:\/\/flamia.es\/declaracio-daccessibilitat\/","name":"Declaraci\u00f3 d\u2019accessibilitat - Flamia","isPartOf":{"@id":"https:\/\/flamia.es\/#website"},"datePublished":"2025-03-28T19:05:29+00:00","dateModified":"2025-05-13T14:44:53+00:00","breadcrumb":{"@id":"https:\/\/flamia.es\/declaracio-daccessibilitat\/#breadcrumb"},"inLanguage":"en-GB","potentialAction":[{"@type":"ReadAction","target":["https:\/\/flamia.es\/declaracio-daccessibilitat\/"]}]},{"@type":"BreadcrumbList","@id":"https:\/\/flamia.es\/declaracio-daccessibilitat\/#breadcrumb","itemListElement":[{"@type":"ListItem","position":1,"name":"Portada","item":"https:\/\/flamia.es\/"},{"@type":"ListItem","position":2,"name":"Declaraci\u00f3 d\u2019accessibilitat"}]},{"@type":"WebSite","@id":"https:\/\/flamia.es\/#website","url":"https:\/\/flamia.es\/","name":"Horecatech","description":"Electric irons and industrial gas burners","potentialAction":[{"@type":"SearchAction","target":{"@type":"EntryPoint","urlTemplate":"https:\/\/flamia.es\/?s={search_term_string}"},"query-input":{"@type":"PropertyValueSpecification","valueRequired":true,"valueName":"search_term_string"}}],"inLanguage":"en-GB"}]}},"_links":{"self":[{"href":"https:\/\/flamia.es\/en\/wp-json\/wp\/v2\/pages\/20","targetHints":{"allow":["GET"]}}],"collection":[{"href":"https:\/\/flamia.es\/en\/wp-json\/wp\/v2\/pages"}],"about":[{"href":"https:\/\/flamia.es\/en\/wp-json\/wp\/v2\/types\/page"}],"author":[{"embeddable":true,"href":"https:\/\/flamia.es\/en\/wp-json\/wp\/v2\/users\/1"}],"replies":[{"embeddable":true,"href":"https:\/\/flamia.es\/en\/wp-json\/wp\/v2\/comments?post=20"}],"version-history":[{"count":0,"href":"https:\/\/flamia.es\/en\/wp-json\/wp\/v2\/pages\/20\/revisions"}],"wp:attachment":[{"href":"https:\/\/flamia.es\/en\/wp-json\/wp\/v2\/media?parent=20"}],"curies":[{"name":"wp","href":"https:\/\/api.w.org\/{rel}","templated":true}]}}