{"id":30,"date":"2025-03-28T16:09:49","date_gmt":"2025-03-28T19:09:49","guid":{"rendered":"https:\/\/innovacon.simplificandotuweb.com\/?page_id=30"},"modified":"2025-07-04T15:46:11","modified_gmt":"2025-07-04T13:46:11","slug":"politica-de-privacitat","status":"publish","type":"page","link":"https:\/\/flamia.es\/en\/politica-de-privacitat\/","title":{"rendered":"Privacy Policy"},"content":{"rendered":"<div data-elementor-type=\"wp-page\" data-elementor-id=\"30\" class=\"elementor elementor-30\" data-elementor-post-type=\"page\">\n\t\t\t\t<div class=\"elementor-element elementor-element-1ddb4436 e-flex e-con-boxed e-con e-parent\" data-id=\"1ddb4436\" data-element_type=\"container\">\n\t\t\t\t\t<div class=\"e-con-inner\">\n\t\t\t\t<div class=\"elementor-element elementor-element-df84bf4 elementor-widget elementor-widget-heading\" data-id=\"df84bf4\" data-element_type=\"widget\" data-widget_type=\"heading.default\">\n\t\t\t\t<div class=\"elementor-widget-container\">\n\t\t\t\t\t<h2 class=\"elementor-heading-title elementor-size-default\">Privacy Policy<\/h2>\t\t\t\t<\/div>\n\t\t\t\t<\/div>\n\t\t\t\t<div class=\"elementor-element elementor-element-3abd521e elementor-widget elementor-widget-text-editor\" data-id=\"3abd521e\" data-element_type=\"widget\" data-widget_type=\"text-editor.default\">\n\t\t\t\t<div class=\"elementor-widget-container\">\n\t\t\t\t\t\t\t\t\t\n<h3 class=\"wp-block-heading\"><strong>1.- INFORMATION TO THE USER<\/strong><\/h3>\n\n<p>The website informs website users about its policy regarding the processing and protection of personal data of users and customers that may be requested while browsing its website.<\/p>\n\n<p>The website is responsible for the processing of the user&#039;s personal data, so the following information is provided regarding the processing of their data:<\/p>\n\n<p><strong>Data retention criteria:<\/strong>\u00a0The personal data provided will be kept until the interested party requests its suspension, exercising their rights over the data, and in any case in compliance with the legal limitation periods that apply to them.<\/p>\n\n<p><strong>Rights of interested parties:<\/strong><\/p>\n\n<ul class=\"wp-block-list\">\n<li>Right to withdraw your consent at any time.<\/li>\n\n<li>Right to access, rectify, delete, portability of your data, as well as limitation or opposition to its processing, and not to be subject to automated individual decisions.<\/li>\n<\/ul>\n\n<p><strong>Contact details to exercise your rights:<\/strong><br \/>The right you wish to exercise must be properly identified and clearly requested.<\/p>\n\n<ul class=\"wp-block-list\">\n<li><strong>Company: <\/strong>HORECATEK, SL<\/li>\n\n<li><strong>Tax ID: <\/strong>B66758160<\/li>\n\n<li><strong>Responsible: <\/strong>Oscar Ribes Vilanova<\/li>\n\n<li><strong>Address: <\/strong>C\/Bac de Roda, 53<\/li>\n\n<li><strong>Postal code and population: <\/strong>08005 Barcelona (Barcelona)<\/li>\n\n<li><strong>Telephone:<\/strong>+34 653102398<\/li>\n<li><strong>Email: <\/strong><a href=\"mailto:info@flamia.es\" target=\"_blank\" rel=\"noopener\">info@flamia.es<\/a><\/li>\n<\/ul>\n\n<h3 class=\"wp-block-heading\"><strong>2.- INFORMATION PROVIDED BY THE USER<\/strong><\/h3>\n\n<p>If you are under 18 years of age, you are not permitted to use forms on our website.<\/p>\n\n<p>Users, by entering their data in the contact forms or presented in download forms, expressly and freely and unequivocally accept that their data is necessary for the Controller to respond to their request, the inclusion of data in the remaining fields being voluntary.<\/p>\n\n<p>The User guarantees that the personal data provided is truthful and is responsible for communicating any modification.<\/p>\n\n<p>All data requested through the website is necessary to provide an optimal service to the User. If all data is not provided, it is not guaranteed that the information and services provided by the Controller will fully meet your needs.<\/p>\n\n<h3 class=\"wp-block-heading\"><strong>3.- SECURITY MEASURES<\/strong><\/h3>\n\n<p>In accordance with the provisions of the current regulations on the protection of personal data, the Controller complies with all the provisions of the RGPD and LOPD regulations for the processing of personal data under its responsibility, which are processed lawfully, fairly and transparently in relation to the interested party, and are adequate, relevant and limited to what is necessary in relation to the purposes for which they are processed.<\/p>\n\n<p>The Controller guarantees that it has implemented appropriate technical and organizational policies to apply the security measures established by the GDPR and the LOPD to protect the rights and freedoms of Users, and has communicated the appropriate information to them so that they can exercise them.<\/p>\n\n<h3 class=\"wp-block-heading\"><strong>4.- SECURITY BREACHES<\/strong><\/h3>\n\n<p>The Controller will report any security breach affecting the database used by this website, or affecting any of our third-party services, to each and every person whose data may have been affected, as well as to the authorities, within 72 hours of the breach being detected.<\/p>\n\n<h3 class=\"wp-block-heading\"><strong>APPLICABLE LEGISLATION AND JURISDICTION<\/strong><\/h3>\n\n<p>For the resolution of all disputes or issues related to this website or the activities carried out on it, Spanish legislation will apply, to which the parties expressly submit, with the Courts and Tribunals of Barcelona being competent for the resolution of all conflicts arising from or related to its use.<\/p>\n\t\t\t\t\t\t\t\t<\/div>\n\t\t\t\t<\/div>\n\t\t\t\t\t<\/div>\n\t\t\t\t<\/div>\n\t\t\t\t<\/div>","protected":false},"excerpt":{"rendered":"<p>1.- INFORMACI\u00d3 A L\u2019USUARI El lloc web informa els usuaris del lloc web sobre la seva pol\u00edtica respecte al tractament i protecci\u00f3 de les dades de car\u00e0cter personal dels usuaris i clients que puguin ser sol\u00b7licitades durant la navegaci\u00f3 pel seu lloc web. El lloc web \u00e9s el Responsable del tractament de les dades personals [&hellip;]<\/p>","protected":false},"author":1,"featured_media":0,"parent":0,"menu_order":0,"comment_status":"closed","ping_status":"closed","template":"","meta":{"footnotes":""},"class_list":["post-30","page","type-page","status-publish","hentry"],"yoast_head":"<!-- This site is optimized with the Yoast SEO plugin v25.5 - https:\/\/yoast.com\/wordpress\/plugins\/seo\/ -->\n<title>Pol\u00edtica de Privacitat - Flamia<\/title>\n<meta name=\"robots\" content=\"index, follow, max-snippet:-1, max-image-preview:large, max-video-preview:-1\" \/>\n<link rel=\"canonical\" href=\"https:\/\/flamia.es\/en\/politica-de-privacitat\/\" \/>\n<meta property=\"og:locale\" content=\"en_GB\" \/>\n<meta property=\"og:type\" content=\"article\" \/>\n<meta property=\"og:title\" content=\"Pol\u00edtica de Privacitat - Flamia\" \/>\n<meta property=\"og:description\" content=\"1.- INFORMACI\u00d3 A L\u2019USUARI El lloc web informa els usuaris del lloc web sobre la seva pol\u00edtica respecte al tractament i protecci\u00f3 de les dades de car\u00e0cter personal dels usuaris i clients que puguin ser sol\u00b7licitades durant la navegaci\u00f3 pel seu lloc web. El lloc web \u00e9s el Responsable del tractament de les dades personals [&hellip;]\" \/>\n<meta property=\"og:url\" content=\"https:\/\/flamia.es\/en\/politica-de-privacitat\/\" \/>\n<meta property=\"og:site_name\" content=\"Flamia\" \/>\n<meta property=\"article:modified_time\" content=\"2025-07-04T13:46:11+00:00\" \/>\n<meta name=\"twitter:card\" content=\"summary_large_image\" \/>\n<meta name=\"twitter:label1\" content=\"Estimated reading time\" \/>\n\t<meta name=\"twitter:data1\" content=\"3 minutes\" \/>\n<script type=\"application\/ld+json\" class=\"yoast-schema-graph\">{\"@context\":\"https:\/\/schema.org\",\"@graph\":[{\"@type\":\"WebPage\",\"@id\":\"https:\/\/flamia.es\/politica-de-privacitat\/\",\"url\":\"https:\/\/flamia.es\/politica-de-privacitat\/\",\"name\":\"Pol\u00edtica de Privacitat - Flamia\",\"isPartOf\":{\"@id\":\"https:\/\/flamia.es\/#website\"},\"datePublished\":\"2025-03-28T19:09:49+00:00\",\"dateModified\":\"2025-07-04T13:46:11+00:00\",\"breadcrumb\":{\"@id\":\"https:\/\/flamia.es\/politica-de-privacitat\/#breadcrumb\"},\"inLanguage\":\"en-GB\",\"potentialAction\":[{\"@type\":\"ReadAction\",\"target\":[\"https:\/\/flamia.es\/politica-de-privacitat\/\"]}]},{\"@type\":\"BreadcrumbList\",\"@id\":\"https:\/\/flamia.es\/politica-de-privacitat\/#breadcrumb\",\"itemListElement\":[{\"@type\":\"ListItem\",\"position\":1,\"name\":\"Portada\",\"item\":\"https:\/\/flamia.es\/\"},{\"@type\":\"ListItem\",\"position\":2,\"name\":\"Pol\u00edtica de Privacitat\"}]},{\"@type\":\"WebSite\",\"@id\":\"https:\/\/flamia.es\/#website\",\"url\":\"https:\/\/flamia.es\/\",\"name\":\"Horecatek\",\"description\":\"Planxes el\u00e8ctriques i cremadors de gas industrials\",\"potentialAction\":[{\"@type\":\"SearchAction\",\"target\":{\"@type\":\"EntryPoint\",\"urlTemplate\":\"https:\/\/flamia.es\/?s={search_term_string}\"},\"query-input\":{\"@type\":\"PropertyValueSpecification\",\"valueRequired\":true,\"valueName\":\"search_term_string\"}}],\"inLanguage\":\"en-GB\"}]}<\/script>\n<!-- \/ Yoast SEO plugin. -->","yoast_head_json":{"title":"Pol\u00edtica de Privacitat - Flamia","robots":{"index":"index","follow":"follow","max-snippet":"max-snippet:-1","max-image-preview":"max-image-preview:large","max-video-preview":"max-video-preview:-1"},"canonical":"https:\/\/flamia.es\/en\/politica-de-privacitat\/","og_locale":"en_GB","og_type":"article","og_title":"Pol\u00edtica de Privacitat - Flamia","og_description":"1.- INFORMACI\u00d3 A L\u2019USUARI El lloc web informa els usuaris del lloc web sobre la seva pol\u00edtica respecte al tractament i protecci\u00f3 de les dades de car\u00e0cter personal dels usuaris i clients que puguin ser sol\u00b7licitades durant la navegaci\u00f3 pel seu lloc web. El lloc web \u00e9s el Responsable del tractament de les dades personals [&hellip;]","og_url":"https:\/\/flamia.es\/en\/politica-de-privacitat\/","og_site_name":"Flamia","article_modified_time":"2025-07-04T13:46:11+00:00","twitter_card":"summary_large_image","twitter_misc":{"Estimated reading time":"3 minutes"},"schema":{"@context":"https:\/\/schema.org","@graph":[{"@type":"WebPage","@id":"https:\/\/flamia.es\/politica-de-privacitat\/","url":"https:\/\/flamia.es\/politica-de-privacitat\/","name":"Pol\u00edtica de Privacitat - Flamia","isPartOf":{"@id":"https:\/\/flamia.es\/#website"},"datePublished":"2025-03-28T19:09:49+00:00","dateModified":"2025-07-04T13:46:11+00:00","breadcrumb":{"@id":"https:\/\/flamia.es\/politica-de-privacitat\/#breadcrumb"},"inLanguage":"en-GB","potentialAction":[{"@type":"ReadAction","target":["https:\/\/flamia.es\/politica-de-privacitat\/"]}]},{"@type":"BreadcrumbList","@id":"https:\/\/flamia.es\/politica-de-privacitat\/#breadcrumb","itemListElement":[{"@type":"ListItem","position":1,"name":"Portada","item":"https:\/\/flamia.es\/"},{"@type":"ListItem","position":2,"name":"Pol\u00edtica de Privacitat"}]},{"@type":"WebSite","@id":"https:\/\/flamia.es\/#website","url":"https:\/\/flamia.es\/","name":"Horecatech","description":"Electric irons and industrial gas burners","potentialAction":[{"@type":"SearchAction","target":{"@type":"EntryPoint","urlTemplate":"https:\/\/flamia.es\/?s={search_term_string}"},"query-input":{"@type":"PropertyValueSpecification","valueRequired":true,"valueName":"search_term_string"}}],"inLanguage":"en-GB"}]}},"_links":{"self":[{"href":"https:\/\/flamia.es\/en\/wp-json\/wp\/v2\/pages\/30","targetHints":{"allow":["GET"]}}],"collection":[{"href":"https:\/\/flamia.es\/en\/wp-json\/wp\/v2\/pages"}],"about":[{"href":"https:\/\/flamia.es\/en\/wp-json\/wp\/v2\/types\/page"}],"author":[{"embeddable":true,"href":"https:\/\/flamia.es\/en\/wp-json\/wp\/v2\/users\/1"}],"replies":[{"embeddable":true,"href":"https:\/\/flamia.es\/en\/wp-json\/wp\/v2\/comments?post=30"}],"version-history":[{"count":0,"href":"https:\/\/flamia.es\/en\/wp-json\/wp\/v2\/pages\/30\/revisions"}],"wp:attachment":[{"href":"https:\/\/flamia.es\/en\/wp-json\/wp\/v2\/media?parent=30"}],"curies":[{"name":"wp","href":"https:\/\/api.w.org\/{rel}","templated":true}]}}