{"id":17,"date":"2025-03-28T15:59:36","date_gmt":"2025-03-28T18:59:36","guid":{"rendered":"https:\/\/innovacon.simplificandotuweb.com\/?page_id=17"},"modified":"2025-07-04T15:45:53","modified_gmt":"2025-07-04T13:45:53","slug":"politica-de-cookies","status":"publish","type":"page","link":"https:\/\/flamia.es\/es\/politica-de-cookies\/","title":{"rendered":"Pol\u00edtica de Cookies"},"content":{"rendered":"<div data-elementor-type=\"wp-page\" data-elementor-id=\"17\" class=\"elementor elementor-17\" data-elementor-post-type=\"page\">\n\t\t\t\t<div class=\"elementor-element elementor-element-154855a3 e-flex e-con-boxed e-con e-parent\" data-id=\"154855a3\" data-element_type=\"container\">\n\t\t\t\t\t<div class=\"e-con-inner\">\n\t\t\t\t<div class=\"elementor-element elementor-element-49fca23 elementor-widget elementor-widget-heading\" data-id=\"49fca23\" data-element_type=\"widget\" data-widget_type=\"heading.default\">\n\t\t\t\t<div class=\"elementor-widget-container\">\n\t\t\t\t\t<h2 class=\"elementor-heading-title elementor-size-default\">Pol\u00edtica de Cookies<\/h2>\t\t\t\t<\/div>\n\t\t\t\t<\/div>\n\t\t\t\t<div class=\"elementor-element elementor-element-60f13ed8 elementor-widget elementor-widget-text-editor\" data-id=\"60f13ed8\" data-element_type=\"widget\" data-widget_type=\"text-editor.default\">\n\t\t\t\t<div class=\"elementor-widget-container\">\n\t\t\t\t\t\t\t\t\t\n<h3 class=\"wp-block-heading\">Pol\u00edtica de Cookies (UE)<\/h3>\n\n<p>Esta pol\u00edtica de cookies fue actualizada por \u00faltima vez el 08\/01\/2024 y se aplica a los ciudadanos y residentes legales permanentes del Espacio Econ\u00f3mico Europeo y Suiza.<\/p>\n\n<h3 class=\"wp-block-heading\">1. Introducci\u00f3n<\/h3>\n\n<p>Nuestra web,\u00a0<a href=\"https:\/\/flamia.es\/es\/\"><strong>https:\/\/flamia.es\/<\/strong><\/a>\u00a0(en adelante: \u00abla web\u00bb), utiliza cookies y otras tecnolog\u00edas relacionadas (por comodidad, todas las tecnolog\u00edas se denominan \u00abcookies\u00bb). Las cookies tambi\u00e9n pueden ser colocadas por terceros con los que hemos contratado. En el siguiente documento te informamos sobre el uso de cookies en nuestra web.<\/p>\n\n<h3 class=\"wp-block-heading\">2. \u00bfQu\u00e9 son las Cookies?<\/h3>\n\n<p>Una cookie es un peque\u00f1o archivo que se env\u00eda junto con las p\u00e1ginas de esta web y que tu navegador almacena en el disco duro de tu ordenador u otro dispositivo. La informaci\u00f3n almacenada puede ser devuelta a nuestros servidores o servidores de terceros apropiados durante una visita posterior.<\/p>\n\n<h3 class=\"wp-block-heading\">3. \u00bfQu\u00e9 son los scripts?<\/h3>\n\n<p>Un script es un fragmento de c\u00f3digo de programa que se utiliza para hacer que nuestra web funcione correctamente y de forma interactiva. Este c\u00f3digo se ejecuta en nuestro servidor o dispositivo.<\/p>\n\n<h3 class=\"wp-block-heading\">4. \u00bfQu\u00e9 es una baliza web?<\/h3>\n\n<p>Una baliza web (o una etiqueta de p\u00edxel) es un peque\u00f1o e invisible fragmento de texto o imagen en una web que se utiliza para monitorear el tr\u00e1fico en la web. Para ello, se pueden almacenar varios datos sobre ti mediante estas balizas web.<\/p>\n\n<h3 class=\"wp-block-heading\">5. Cookies<\/h3>\n\n<h4 class=\"wp-block-heading\">5.1 Cookies t\u00e9cnicas o funcionales<\/h4>\n\n<p>Algunas cookies aseguran que ciertas partes de la web funcionen correctamente y que tus preferencias de usuario se mantengan recordadas. Al colocar cookies funcionales, te facilitamos la visita a nuestra web. De esta forma, no necesitas introducir repetidamente la misma informaci\u00f3n cuando visitas la web y, por ejemplo, los art\u00edculos se mantienen en tu cesta de compra hasta que has realizado el pago. Podemos colocar estas cookies sin su consentimiento.<\/p>\n\n<h4 class=\"wp-block-heading\">5.2 Cookies de marketing\/seguimiento<\/h4>\n\n<p>Las cookies de marketing\/seguimiento son cookies, o cualquier otra forma de almacenamiento local, utilizadas para crear perfiles de usuario para mostrar publicidad o para realizar el seguimiento del usuario en esta web o en varias webs con fines de marketing similares.<\/p>\n\n<h3 class=\"wp-block-heading\">6. Cookies utilizadas<\/h3>\n\n<p><strong>Elementor<\/strong><\/p>\n\n<ul class=\"wp-block-list\">\n<li>Estad\u00edsticas (an\u00f3nimas)<\/li>\n\n<li>Consentimiento para el servicio Elementor<\/li>\n<\/ul>\n\n<p><strong>WordPress<\/strong><\/p>\n\n<ul class=\"wp-block-list\">\n<li>Funcional<\/li>\n\n<li>Consentimiento para el servicio WordPress<\/li>\n<\/ul>\n\n<p><strong>Varios<\/strong><\/p>\n\n<ul class=\"wp-block-list\">\n<li>Prop\u00f3sito pendiente de investigaci\u00f3n<\/li>\n\n<li>Consentimiento para el servicio Varios\u00a0<\/li>\n<\/ul>\n\n<h3 class=\"wp-block-heading\">7. Consentimiento<\/h3>\n\n<p>Cuando visites nuestra web por primera vez, te mostraremos una ventana emergente con una explicaci\u00f3n sobre las cookies. Nada m\u00e1s hacer clic en \u00abGuardar preferencias\u00bb, aceptas que utilizamos las categor\u00edas de cookies y conectores que hayas seleccionado en la ventana emergente, tal y como se describe en esta pol\u00edtica de cookies. Puedes desactivar el uso de cookies a trav\u00e9s de tu navegador, pero, por favor, ten en cuenta que nuestra web puede dejar de funcionar correctamente.<\/p>\n\n<h4 class=\"wp-block-heading\">7.1 Gestiona tus ajustes de consentimiento<\/h4>\n\n<ul class=\"wp-block-list\">\n<li><strong>Funcional<\/strong>\u00a0(Siempre activo)<\/li>\n\n<li><strong>Marketing<\/strong><\/li>\n<\/ul>\n\n<h3 class=\"wp-block-heading\">8. Activaci\u00f3n\/desactivaci\u00f3n y eliminaci\u00f3n de cookies<\/h3>\n\n<p>Puedes utilizar tu navegador de Internet para eliminar las cookies de forma autom\u00e1tica o manual. Tambi\u00e9n puedes especificar que ciertas cookies no se pueden colocar. Otra opci\u00f3n es cambiar los ajustes de tu navegador de Internet para que recibas un mensaje cada vez que se coloca una cookie. Para obtener m\u00e1s informaci\u00f3n sobre estas opciones, consulta las instrucciones de la secci\u00f3n &quot;Ayuda&quot; de tu navegador.<\/p>\n\n<p>Ten en cuenta que nuestra web puede no funcionar correctamente si desactivas todas las cookies. Si eliminas las cookies de tu navegador, se volver\u00e1n a colocar despu\u00e9s de tu consentimiento cuando vuelvas a visitar nuestras webs.<\/p>\n\n<h3 class=\"wp-block-heading\">9. Tus derechos con respecto a los datos personales<\/h3>\n\n<p>Tienes los siguientes derechos con respecto a tus datos personales:<\/p>\n\n<ul class=\"wp-block-list\">\n<li>Derecho a saber por qu\u00e9 se necesitan tus datos personales, qu\u00e9 suceder\u00e1 con ellos y durante cu\u00e1nto tiempo se conservar\u00e1n.<\/li>\n\n<li><strong>Derecho de acceso<\/strong>: tienes derecho a acceder a tus datos personales que conocemos.<\/li>\n\n<li><strong>Derecho de rectificaci\u00f3n<\/strong>: tienes derecho a completar, rectificar, borrar o bloquear tus datos personales cuando lo desees.<\/li>\n\n<li>Si nos das tu consentimiento para procesar tus datos, tienes derecho a revocar este consentimiento ya pedir que se eliminen tus datos personales.<\/li>\n\n<li><strong>Derecho de portabilidad de tus datos<\/strong>: tienes derecho a solicitar todos tus datos personales al responsable del tratamiento ya transferirlos \u00edntegramente a otro responsable del tratamiento.<\/li>\n\n<li><strong>Derecho de oposici\u00f3n<\/strong>: puedes oponerte al tratamiento de tus datos. Nosotros vamos a cumplir esta solicitud, salvo que existan motivos justificados para el procesamiento.<\/li>\n<\/ul>\n\n<p>Para ejercitar estos derechos, contacta con nosotros. Consulta los datos de contacto en la parte inferior de esta pol\u00edtica de cookies. Si tienes alguna queja sobre c\u00f3mo gestionamos tus datos, nos gustar\u00eda que nos lo comunicaras, pero tambi\u00e9n tienes derecho a presentar una queja ante la autoridad supervisora (la autoridad de protecci\u00f3n de datos).<\/p>\n\n<h3 class=\"wp-block-heading\">10. Datos de contacto<\/h3>\n\n<p>Para preguntas y\/o comentarios sobre nuestra pol\u00edtica de cookies y esta declaraci\u00f3n, contacta con nosotros mediante los siguientes datos de contacto:<\/p>\n\n<ul class=\"wp-block-list\">\n<li><strong>Empresa: <\/strong>HORECATEK, SL<\/li>\n\n<li><strong>NIF: <\/strong>B66758160<\/li>\n\n<li><strong>Responsable: <\/strong>\u00d2scar Ribes Vilanova<\/li>\n\n<li><strong>Domicilio: <\/strong>C\/Bac de Roda, 53<\/li>\n\n<li><strong>CP y Poblaci\u00f3n: <\/strong>08005 Barcelona (Barcelona)<\/li>\n\n<li><strong>Tel\u00e9fono:<\/strong>+34 653102398<\/li>\n<li><strong>Mail: <\/strong><a href=\"mailto:info@flamia.es\" target=\"_blank\" rel=\"noopener\">info@flamia.es<\/a><\/li>\n<\/ul>\n\n<p>Esta pol\u00edtica de cookies se ha sincronizado con\u00a0<strong>cookiedatabase.org<\/strong>\u00a0el 08\/01\/2024.<\/p>\n\t\t\t\t\t\t\t\t<\/div>\n\t\t\t\t<\/div>\n\t\t\t\t\t<\/div>\n\t\t\t\t<\/div>\n\t\t\t\t<\/div>","protected":false},"excerpt":{"rendered":"<p>Pol\u00edtica de Cookies (UE) Aquesta pol\u00edtica de cookies va ser actualitzada per \u00faltima vegada el 08\/01\/2024 i s\u2019aplica als ciutadans i residents legals permanents de l\u2019Espai Econ\u00f2mic Europeu i Su\u00efssa. 1. Introducci\u00f3 El nostre web,\u00a0https:\/\/flamia.es\/\u00a0(d\u2019ara endavant: \u00abel web\u00bb), utilitza cookies i altres tecnologies relacionades (per comoditat, totes les tecnologies es denominen \u00abcookies\u00bb). Les cookies tamb\u00e9 [&hellip;]<\/p>","protected":false},"author":1,"featured_media":0,"parent":0,"menu_order":0,"comment_status":"closed","ping_status":"closed","template":"","meta":{"footnotes":""},"class_list":["post-17","page","type-page","status-publish","hentry"],"yoast_head":"<!-- This site is optimized with the Yoast SEO plugin v25.5 - https:\/\/yoast.com\/wordpress\/plugins\/seo\/ -->\n<title>Pol\u00edtica de Cookies - Flamia<\/title>\n<meta name=\"robots\" content=\"index, follow, max-snippet:-1, max-image-preview:large, max-video-preview:-1\" \/>\n<link rel=\"canonical\" href=\"https:\/\/flamia.es\/es\/politica-de-cookies\/\" \/>\n<meta property=\"og:locale\" content=\"es_ES\" \/>\n<meta property=\"og:type\" content=\"article\" \/>\n<meta property=\"og:title\" content=\"Pol\u00edtica de Cookies - Flamia\" \/>\n<meta property=\"og:description\" content=\"Pol\u00edtica de Cookies (UE) Aquesta pol\u00edtica de cookies va ser actualitzada per \u00faltima vegada el 08\/01\/2024 i s\u2019aplica als ciutadans i residents legals permanents de l\u2019Espai Econ\u00f2mic Europeu i Su\u00efssa. 1. Introducci\u00f3 El nostre web,\u00a0https:\/\/flamia.es\/\u00a0(d\u2019ara endavant: \u00abel web\u00bb), utilitza cookies i altres tecnologies relacionades (per comoditat, totes les tecnologies es denominen \u00abcookies\u00bb). Les cookies tamb\u00e9 [&hellip;]\" \/>\n<meta property=\"og:url\" content=\"https:\/\/flamia.es\/es\/politica-de-cookies\/\" \/>\n<meta property=\"og:site_name\" content=\"Flamia\" \/>\n<meta property=\"article:modified_time\" content=\"2025-07-04T13:45:53+00:00\" \/>\n<meta name=\"twitter:card\" content=\"summary_large_image\" \/>\n<meta name=\"twitter:label1\" content=\"Tiempo de lectura\" \/>\n\t<meta name=\"twitter:data1\" content=\"4 minutos\" \/>\n<script type=\"application\/ld+json\" class=\"yoast-schema-graph\">{\"@context\":\"https:\/\/schema.org\",\"@graph\":[{\"@type\":\"WebPage\",\"@id\":\"https:\/\/flamia.es\/politica-de-cookies\/\",\"url\":\"https:\/\/flamia.es\/politica-de-cookies\/\",\"name\":\"Pol\u00edtica de Cookies - Flamia\",\"isPartOf\":{\"@id\":\"https:\/\/flamia.es\/#website\"},\"datePublished\":\"2025-03-28T18:59:36+00:00\",\"dateModified\":\"2025-07-04T13:45:53+00:00\",\"breadcrumb\":{\"@id\":\"https:\/\/flamia.es\/politica-de-cookies\/#breadcrumb\"},\"inLanguage\":\"es\",\"potentialAction\":[{\"@type\":\"ReadAction\",\"target\":[\"https:\/\/flamia.es\/politica-de-cookies\/\"]}]},{\"@type\":\"BreadcrumbList\",\"@id\":\"https:\/\/flamia.es\/politica-de-cookies\/#breadcrumb\",\"itemListElement\":[{\"@type\":\"ListItem\",\"position\":1,\"name\":\"Portada\",\"item\":\"https:\/\/flamia.es\/\"},{\"@type\":\"ListItem\",\"position\":2,\"name\":\"Pol\u00edtica de Cookies\"}]},{\"@type\":\"WebSite\",\"@id\":\"https:\/\/flamia.es\/#website\",\"url\":\"https:\/\/flamia.es\/\",\"name\":\"Horecatek\",\"description\":\"Planxes el\u00e8ctriques i cremadors de gas industrials\",\"potentialAction\":[{\"@type\":\"SearchAction\",\"target\":{\"@type\":\"EntryPoint\",\"urlTemplate\":\"https:\/\/flamia.es\/?s={search_term_string}\"},\"query-input\":{\"@type\":\"PropertyValueSpecification\",\"valueRequired\":true,\"valueName\":\"search_term_string\"}}],\"inLanguage\":\"es\"}]}<\/script>\n<!-- \/ Yoast SEO plugin. -->","yoast_head_json":{"title":"Pol\u00edtica de Cookies - Flamia","robots":{"index":"index","follow":"follow","max-snippet":"max-snippet:-1","max-image-preview":"max-image-preview:large","max-video-preview":"max-video-preview:-1"},"canonical":"https:\/\/flamia.es\/es\/politica-de-cookies\/","og_locale":"es_ES","og_type":"article","og_title":"Pol\u00edtica de Cookies - Flamia","og_description":"Pol\u00edtica de Cookies (UE) Aquesta pol\u00edtica de cookies va ser actualitzada per \u00faltima vegada el 08\/01\/2024 i s\u2019aplica als ciutadans i residents legals permanents de l\u2019Espai Econ\u00f2mic Europeu i Su\u00efssa. 1. Introducci\u00f3 El nostre web,\u00a0https:\/\/flamia.es\/\u00a0(d\u2019ara endavant: \u00abel web\u00bb), utilitza cookies i altres tecnologies relacionades (per comoditat, totes les tecnologies es denominen \u00abcookies\u00bb). Les cookies tamb\u00e9 [&hellip;]","og_url":"https:\/\/flamia.es\/es\/politica-de-cookies\/","og_site_name":"Flamia","article_modified_time":"2025-07-04T13:45:53+00:00","twitter_card":"summary_large_image","twitter_misc":{"Tiempo de lectura":"4 minutos"},"schema":{"@context":"https:\/\/schema.org","@graph":[{"@type":"WebPage","@id":"https:\/\/flamia.es\/politica-de-cookies\/","url":"https:\/\/flamia.es\/politica-de-cookies\/","name":"Pol\u00edtica de Cookies - Flamia","isPartOf":{"@id":"https:\/\/flamia.es\/#website"},"datePublished":"2025-03-28T18:59:36+00:00","dateModified":"2025-07-04T13:45:53+00:00","breadcrumb":{"@id":"https:\/\/flamia.es\/politica-de-cookies\/#breadcrumb"},"inLanguage":"es","potentialAction":[{"@type":"ReadAction","target":["https:\/\/flamia.es\/politica-de-cookies\/"]}]},{"@type":"BreadcrumbList","@id":"https:\/\/flamia.es\/politica-de-cookies\/#breadcrumb","itemListElement":[{"@type":"ListItem","position":1,"name":"Portada","item":"https:\/\/flamia.es\/"},{"@type":"ListItem","position":2,"name":"Pol\u00edtica de Cookies"}]},{"@type":"WebSite","@id":"https:\/\/flamia.es\/#website","url":"https:\/\/flamia.es\/","name":"Horecatek","description":"Planchas el\u00e9ctricas y quemadores de gas industriales","potentialAction":[{"@type":"SearchAction","target":{"@type":"EntryPoint","urlTemplate":"https:\/\/flamia.es\/?s={search_term_string}"},"query-input":{"@type":"PropertyValueSpecification","valueRequired":true,"valueName":"search_term_string"}}],"inLanguage":"es"}]}},"_links":{"self":[{"href":"https:\/\/flamia.es\/es\/wp-json\/wp\/v2\/pages\/17","targetHints":{"allow":["GET"]}}],"collection":[{"href":"https:\/\/flamia.es\/es\/wp-json\/wp\/v2\/pages"}],"about":[{"href":"https:\/\/flamia.es\/es\/wp-json\/wp\/v2\/types\/page"}],"author":[{"embeddable":true,"href":"https:\/\/flamia.es\/es\/wp-json\/wp\/v2\/users\/1"}],"replies":[{"embeddable":true,"href":"https:\/\/flamia.es\/es\/wp-json\/wp\/v2\/comments?post=17"}],"version-history":[{"count":0,"href":"https:\/\/flamia.es\/es\/wp-json\/wp\/v2\/pages\/17\/revisions"}],"wp:attachment":[{"href":"https:\/\/flamia.es\/es\/wp-json\/wp\/v2\/media?parent=17"}],"curies":[{"name":"wp","href":"https:\/\/api.w.org\/{rel}","templated":true}]}}