{"id":19,"date":"2025-03-28T16:04:18","date_gmt":"2025-03-28T19:04:18","guid":{"rendered":"https:\/\/innovacon.simplificandotuweb.com\/?page_id=19"},"modified":"2025-07-04T15:45:12","modified_gmt":"2025-07-04T13:45:12","slug":"avis-legal","status":"publish","type":"page","link":"https:\/\/flamia.es\/es\/avis-legal\/","title":{"rendered":"Aviso Legal"},"content":{"rendered":"<div data-elementor-type=\"wp-page\" data-elementor-id=\"19\" class=\"elementor elementor-19\" data-elementor-post-type=\"page\">\n\t\t\t\t<div class=\"elementor-element elementor-element-239ad5ac e-flex e-con-boxed e-con e-parent\" data-id=\"239ad5ac\" data-element_type=\"container\">\n\t\t\t\t\t<div class=\"e-con-inner\">\n\t\t\t\t<div class=\"elementor-element elementor-element-bf13866 elementor-widget elementor-widget-heading\" data-id=\"bf13866\" data-element_type=\"widget\" data-widget_type=\"heading.default\">\n\t\t\t\t<div class=\"elementor-widget-container\">\n\t\t\t\t\t<h2 class=\"elementor-heading-title elementor-size-default\">Aviso Legal<\/h2>\t\t\t\t<\/div>\n\t\t\t\t<\/div>\n\t\t\t\t<div class=\"elementor-element elementor-element-746ab3a6 elementor-widget elementor-widget-text-editor\" data-id=\"746ab3a6\" data-element_type=\"widget\" data-widget_type=\"text-editor.default\">\n\t\t\t\t<div class=\"elementor-widget-container\">\n\t\t\t\t\t\t\t\t\t\n<h3 class=\"wp-block-heading\">Responsable del tratamiento de los datos<\/h3>\n\n<p>En cumplimiento del deber de informaci\u00f3n que establece la Ley 34\/2002, de 11 de julio, de Servicios de la Sociedad de la Informaci\u00f3n y del Comercio Electr\u00f3nico, le comunicamos que esta web es titularidad de:<\/p>\n\n<ul class=\"wp-block-list\">\n<li><strong>Empresa: <\/strong>HORECATEK, SL<\/li>\n\n<li><strong>NIF: <\/strong>B66758160<\/li>\n\n<li><strong>Responsable: <\/strong>\u00d2scar Ribes Vilanova<\/li>\n\n<li><strong>Domicilio: <\/strong>C\/Bac de Roda, 53<\/li>\n\n<li><strong>CP y Poblaci\u00f3n: <\/strong>08005 Barcelona (Barcelona)<\/li>\n\n<li><strong>Tel\u00e9fono:<\/strong>+34 653102398<\/li>\n\n<li><strong>Mail: <\/strong><a href=\"mailto:info@flamia.es\" target=\"_blank\" rel=\"noopener\">info@flamia.es<\/a><\/li>\n<\/ul>\n\n<h3 class=\"wp-block-heading\">Objeto<\/h3>\n\n<p>El Responsable pone a disposici\u00f3n de los usuarios este documento con el que pretende cumplir lo dispuesto en la normativa vigente en materia de protecci\u00f3n de datos, y en el contexto del nuevo marco normativo establecido en virtud de lo dispuesto en el Reglamento (UE) 2016\/679 del Parlamento Europeo y del Consejo, de 27 de abril de 2016, relativo a la protecci\u00f3n de las personas f\u00edsicas (en adelante, el \u201cRGPD\u201d), y la normativa nacional en materia de protecci\u00f3n de datos de car\u00e1cter personal, as\u00ed como informar a todos los usuarios del sitio web sobre cu\u00e1les son las condiciones de uso del mismo.<\/p>\n\n<p>Toda persona que acceda a este sitio web asume el papel de usuario, comprometi\u00e9ndose a la observancia y riguroso cumplimiento de las disposiciones aqu\u00ed dispuestas, as\u00ed como de cualquier otra disposici\u00f3n legal aplicable.<\/p>\n\n<p>El Responsable se reserva el derecho de modificar cualquier tipo de informaci\u00f3n que pueda aparecer en el sitio web, sin que exista obligaci\u00f3n de preavisar o poner en conocimiento de los usuarios estas modificaciones, entendi\u00e9ndose como suficiente la publicaci\u00f3n en el sitio web del Responsable.<\/p>\n\n<h3 class=\"wp-block-heading\">Responsabilidad<\/h3>\n\n<p>El Responsable se exime de cualquier tipo de responsabilidad derivada de la informaci\u00f3n publicada en su sitio web, siempre que esta informaci\u00f3n haya sido manipulada o introducida por un tercero ajeno al mismo.<\/p>\n\n<h3 class=\"wp-block-heading\">Direcciones IP<\/h3>\n\n<p>Los servidores del sitio web pueden detectar autom\u00e1ticamente la direcci\u00f3n IP y el nombre de dominio utilizados por el usuario. Una direcci\u00f3n IP es un n\u00famero asignado autom\u00e1ticamente a un equipo cuando se conecta a Internet.<\/p>\n\n<p>Toda esta informaci\u00f3n queda registrada en un fichero de actividad del servidor, debidamente inscrito, que permite el posterior procesamiento de los datos para obtener medidas exclusivamente estad\u00edsticas que permitan conocer el n\u00famero de impresiones de p\u00e1ginas, el n\u00famero de visitas realizadas a los servidores web, orden de visitas, punto de acceso, etc.<\/p>\n\n<h3 class=\"wp-block-heading\">Pol\u00edtica de enlaces<\/h3>\n\n<p>Desde este sitio web es posible que se redirija a contenidos de terceros sitios web. Dado que el Responsable no puede controlar siempre los contenidos introducidos por terceros en sus sitios web, \u00e9ste no asume ning\u00fan tipo de responsabilidad respecto a estos contenidos.<\/p>\n\n<p>En cualquier caso, el Responsable manifiesta que proceder\u00e1 a la retirada inmediata de cualquier contenido que pueda contravenir la legislaci\u00f3n nacional o internacional, la moral o el orden p\u00fablico, suprimiendo la redirecci\u00f3n a este sitio web y poniendo en conocimiento de las autoridades competentes el contenido en cuesti\u00f3n.<\/p>\n\n<p>El Responsable no se hace responsable de la informaci\u00f3n y contenidos almacenados, a t\u00edtulo enunciativo pero no limitativo, en foros, chats, generadores de blogs, comentarios, redes sociales o cualquier otro medio que permita a terceros publicar contenidos de forma independiente en la p\u00e1gina web del Responsable.<\/p>\n\n<p>No obstante, y en cumplimiento de lo dispuesto en los art\u00edculos 11 y 16 de la LSSICE, el Responsable se pone a disposici\u00f3n de todos los usuarios, autoridades y fuerzas de seguridad, colaborando de forma activa en la retirada o, en su caso, en el bloqueo de todos aquellos contenidos que puedan afectar o contravenir a la legislaci\u00f3n nacional o internacional, derechos de terceros, o la moral.<\/p>\n\n<p>En caso de que el usuario considere que existe en el sitio web alg\u00fan contenido que pueda ser susceptible de esta clasificaci\u00f3n, se ruega que lo notifique inmediatamente al administrador del sitio web.<\/p>\n\n<p>Este sitio web ha sido revisado y probado para que funcione correctamente. En principio, puede garantizarse el correcto funcionamiento los 365 d\u00edas del a\u00f1o, 24 horas al d\u00eda.<\/p>\n\n<p>No obstante, el Responsable no descarta la posibilidad de que existan ciertos errores de programaci\u00f3n o de que se produzcan causas de fuerza mayor, cat\u00e1strofes naturales, huelgas o circunstancias similares que hagan imposible el acceso a la p\u00e1gina web.<\/p>\n\n<h3 class=\"wp-block-heading\">Protecci\u00f3n de datos<\/h3>\n\n<p>El Responsable est\u00e1 profundamente comprometido con el cumplimiento de lo dispuesto en la normativa vigente en materia de protecci\u00f3n de datos, y en el contexto del nuevo marco normativo establecido en virtud de lo dispuesto en el Reglamento (UE) 2016\/679 del Parlamento Europeo y del Consejo, de 27 de abril de 2016, relativo a la protecci\u00f3n de las personas f\u00edsicas en lo que se refiere al tratamiento. el RGPD), y la normativa nacional en materia de protecci\u00f3n de datos de car\u00e1cter personal.<\/p>\n\n<p>Asimismo, el Responsable informa de que cumple la Ley 34\/2002, de 11 de julio, de Servicios de la Sociedad de la Informaci\u00f3n y del Comercio Electr\u00f3nico y solicitar\u00e1 el consentimiento para el tratamiento de sus datos con fines comerciales en todo momento.<\/p>\n\n<h3 class=\"wp-block-heading\">Propiedad intelectual e industrial<\/h3>\n\n<p>El sitio web, incluyendo, a t\u00edtulo enunciativo pero no limitativo, su programaci\u00f3n, edici\u00f3n, compilaci\u00f3n y otros elementos necesarios para su funcionamiento, los dise\u00f1os, logotipos, textos y\/o gr\u00e1ficos son propiedad del Responsable o, en su caso, dispone de licencia o autorizaci\u00f3n expresa por parte de los autores.<\/p>\n\n<p>Todos los contenidos del sitio web est\u00e1n debidamente protegidos por la normativa de propiedad intelectual e industrial. Independientemente de la finalidad para la que fuesen destinados, la reproducci\u00f3n total o parcial, uso, explotaci\u00f3n, distribuci\u00f3n y comercializaci\u00f3n requieren en todo caso la autorizaci\u00f3n previa por escrito por parte del Responsable.<\/p>\n\n<p>Cualquier uso no autorizado previamente por el Responsable ser\u00e1 considerado un incumplimiento grave de los derechos de propiedad intelectual o industrial del autor.<\/p>\n\n<p>Los dise\u00f1os, logotipos, textos y\/o gr\u00e1ficos ajenos al prestamista y que puedan aparecer en el sitio web pertenecen a sus respectivos propietarios, siendo estos mismos responsables de cualquier posible controversia que pudiera surgir respecto a ellos.<\/p>\n\n<p>En cualquier caso, el Responsable cuenta con la autorizaci\u00f3n expresa y previa por parte de \u00e9stos.<\/p>\n\n<p>El Responsable autoriza expresamente a que terceros puedan redirigir directamente a los contenidos concretos del sitio web, y en todo caso deben redirigir a la p\u00e1gina principal del sitio web del Responsable.<\/p>\n\n<p>El Responsable reconoce a favor de sus titulares los correspondientes derechos de propiedad intelectual e industrial, y el hecho de que aparezcan en el sitio web no implica la existencia de derechos o responsabilidad del Responsable sobre los mismos, ni tampoco soporte, patrocinio o recomendaci\u00f3n por su parte.<\/p>\n\n<p>Para realizar cualquier observaci\u00f3n sobre posibles incumplimientos de los derechos de propiedad intelectual o industrial, as\u00ed como sobre cualquier contenido del sitio web, puede hacerlo a trav\u00e9s del siguiente correo electr\u00f3nico:\u00a0<strong><a href=\"mailto:oscar.ribes@randstech.com\" target=\"_blank\" rel=\"noreferrer noopener\">info@flamia.es<\/a><\/strong><\/p>\n\t\t\t\t\t\t\t\t<\/div>\n\t\t\t\t<\/div>\n\t\t\t\t\t<\/div>\n\t\t\t\t<\/div>\n\t\t\t\t<\/div>","protected":false},"excerpt":{"rendered":"<p>Responsable del tratamiento de los datos En cumplimiento del deber de informaci\u00f3n que establece la Ley 34\/2002, de 11 de julio, de Servicios de la Sociedad de la Informaci\u00f3n y del Comercio Electr\u00f3nico, le comunicamos que esta web es titularidad de: Objeto El Responsable pone a disposici\u00f3n de los usuarios este documento con el que pretende cumplir el [\u2026]<\/p>","protected":false},"author":1,"featured_media":0,"parent":0,"menu_order":0,"comment_status":"closed","ping_status":"closed","template":"","meta":{"footnotes":""},"class_list":["post-19","page","type-page","status-publish","hentry"],"yoast_head":"<!-- This site is optimized with the Yoast SEO plugin v25.5 - https:\/\/yoast.com\/wordpress\/plugins\/seo\/ -->\n<title>Av\u00eds Legal - Flamia<\/title>\n<meta name=\"robots\" content=\"index, follow, max-snippet:-1, max-image-preview:large, max-video-preview:-1\" \/>\n<link rel=\"canonical\" href=\"https:\/\/flamia.es\/es\/avis-legal\/\" \/>\n<meta property=\"og:locale\" content=\"es_ES\" \/>\n<meta property=\"og:type\" content=\"article\" \/>\n<meta property=\"og:title\" content=\"Av\u00eds Legal - Flamia\" \/>\n<meta property=\"og:description\" content=\"Responsable del tractament de les dades En compliment del deure d\u2019informaci\u00f3 que estableix la Llei 34\/2002, d\u201911 de juliol, de Serveis de la Societat de la Informaci\u00f3 i del Comer\u00e7 Electr\u00f2nic, us comuniquem que aquesta web \u00e9s titularitat de: Objecte El Responsable posa a disposici\u00f3 dels usuaris aquest document amb el qual pret\u00e9n complir el [&hellip;]\" \/>\n<meta property=\"og:url\" content=\"https:\/\/flamia.es\/es\/avis-legal\/\" \/>\n<meta property=\"og:site_name\" content=\"Flamia\" \/>\n<meta property=\"article:modified_time\" content=\"2025-07-04T13:45:12+00:00\" \/>\n<meta name=\"twitter:card\" content=\"summary_large_image\" \/>\n<meta name=\"twitter:label1\" content=\"Tiempo de lectura\" \/>\n\t<meta name=\"twitter:data1\" content=\"6 minutos\" \/>\n<script type=\"application\/ld+json\" class=\"yoast-schema-graph\">{\"@context\":\"https:\/\/schema.org\",\"@graph\":[{\"@type\":\"WebPage\",\"@id\":\"https:\/\/flamia.es\/avis-legal\/\",\"url\":\"https:\/\/flamia.es\/avis-legal\/\",\"name\":\"Av\u00eds Legal - Flamia\",\"isPartOf\":{\"@id\":\"https:\/\/flamia.es\/#website\"},\"datePublished\":\"2025-03-28T19:04:18+00:00\",\"dateModified\":\"2025-07-04T13:45:12+00:00\",\"breadcrumb\":{\"@id\":\"https:\/\/flamia.es\/avis-legal\/#breadcrumb\"},\"inLanguage\":\"es\",\"potentialAction\":[{\"@type\":\"ReadAction\",\"target\":[\"https:\/\/flamia.es\/avis-legal\/\"]}]},{\"@type\":\"BreadcrumbList\",\"@id\":\"https:\/\/flamia.es\/avis-legal\/#breadcrumb\",\"itemListElement\":[{\"@type\":\"ListItem\",\"position\":1,\"name\":\"Portada\",\"item\":\"https:\/\/flamia.es\/\"},{\"@type\":\"ListItem\",\"position\":2,\"name\":\"Av\u00eds Legal\"}]},{\"@type\":\"WebSite\",\"@id\":\"https:\/\/flamia.es\/#website\",\"url\":\"https:\/\/flamia.es\/\",\"name\":\"Horecatek\",\"description\":\"Planxes el\u00e8ctriques i cremadors de gas industrials\",\"potentialAction\":[{\"@type\":\"SearchAction\",\"target\":{\"@type\":\"EntryPoint\",\"urlTemplate\":\"https:\/\/flamia.es\/?s={search_term_string}\"},\"query-input\":{\"@type\":\"PropertyValueSpecification\",\"valueRequired\":true,\"valueName\":\"search_term_string\"}}],\"inLanguage\":\"es\"}]}<\/script>\n<!-- \/ Yoast SEO plugin. -->","yoast_head_json":{"title":"Aviso Legal - Flamia","robots":{"index":"index","follow":"follow","max-snippet":"max-snippet:-1","max-image-preview":"max-image-preview:large","max-video-preview":"max-video-preview:-1"},"canonical":"https:\/\/flamia.es\/es\/avis-legal\/","og_locale":"es_ES","og_type":"article","og_title":"Av\u00eds Legal - Flamia","og_description":"Responsable del tractament de les dades En compliment del deure d\u2019informaci\u00f3 que estableix la Llei 34\/2002, d\u201911 de juliol, de Serveis de la Societat de la Informaci\u00f3 i del Comer\u00e7 Electr\u00f2nic, us comuniquem que aquesta web \u00e9s titularitat de: Objecte El Responsable posa a disposici\u00f3 dels usuaris aquest document amb el qual pret\u00e9n complir el [&hellip;]","og_url":"https:\/\/flamia.es\/es\/avis-legal\/","og_site_name":"Flamia","article_modified_time":"2025-07-04T13:45:12+00:00","twitter_card":"summary_large_image","twitter_misc":{"Tiempo de lectura":"6 minutos"},"schema":{"@context":"https:\/\/schema.org","@graph":[{"@type":"WebPage","@id":"https:\/\/flamia.es\/avis-legal\/","url":"https:\/\/flamia.es\/avis-legal\/","name":"Aviso Legal - Flamia","isPartOf":{"@id":"https:\/\/flamia.es\/#website"},"datePublished":"2025-03-28T19:04:18+00:00","dateModified":"2025-07-04T13:45:12+00:00","breadcrumb":{"@id":"https:\/\/flamia.es\/avis-legal\/#breadcrumb"},"inLanguage":"es","potentialAction":[{"@type":"ReadAction","target":["https:\/\/flamia.es\/avis-legal\/"]}]},{"@type":"BreadcrumbList","@id":"https:\/\/flamia.es\/avis-legal\/#breadcrumb","itemListElement":[{"@type":"ListItem","position":1,"name":"Portada","item":"https:\/\/flamia.es\/"},{"@type":"ListItem","position":2,"name":"Av\u00eds Legal"}]},{"@type":"WebSite","@id":"https:\/\/flamia.es\/#website","url":"https:\/\/flamia.es\/","name":"Horecatek","description":"Planchas el\u00e9ctricas y quemadores de gas industriales","potentialAction":[{"@type":"SearchAction","target":{"@type":"EntryPoint","urlTemplate":"https:\/\/flamia.es\/?s={search_term_string}"},"query-input":{"@type":"PropertyValueSpecification","valueRequired":true,"valueName":"search_term_string"}}],"inLanguage":"es"}]}},"_links":{"self":[{"href":"https:\/\/flamia.es\/es\/wp-json\/wp\/v2\/pages\/19","targetHints":{"allow":["GET"]}}],"collection":[{"href":"https:\/\/flamia.es\/es\/wp-json\/wp\/v2\/pages"}],"about":[{"href":"https:\/\/flamia.es\/es\/wp-json\/wp\/v2\/types\/page"}],"author":[{"embeddable":true,"href":"https:\/\/flamia.es\/es\/wp-json\/wp\/v2\/users\/1"}],"replies":[{"embeddable":true,"href":"https:\/\/flamia.es\/es\/wp-json\/wp\/v2\/comments?post=19"}],"version-history":[{"count":0,"href":"https:\/\/flamia.es\/es\/wp-json\/wp\/v2\/pages\/19\/revisions"}],"wp:attachment":[{"href":"https:\/\/flamia.es\/es\/wp-json\/wp\/v2\/media?parent=19"}],"curies":[{"name":"wp","href":"https:\/\/api.w.org\/{rel}","templated":true}]}}