{"id":20,"date":"2025-03-28T16:05:29","date_gmt":"2025-03-28T19:05:29","guid":{"rendered":"https:\/\/innovacon.simplificandotuweb.com\/?page_id=20"},"modified":"2025-05-13T16:44:53","modified_gmt":"2025-05-13T14:44:53","slug":"declaracio-daccessibilitat","status":"publish","type":"page","link":"https:\/\/flamia.es\/es\/declaracio-daccessibilitat\/","title":{"rendered":"Declaraci\u00f3n de accesibilidad"},"content":{"rendered":"<div data-elementor-type=\"wp-page\" data-elementor-id=\"20\" class=\"elementor elementor-20\" data-elementor-post-type=\"page\">\n\t\t\t\t<div class=\"elementor-element elementor-element-4894de47 e-flex e-con-boxed e-con e-parent\" data-id=\"4894de47\" data-element_type=\"container\">\n\t\t\t\t\t<div class=\"e-con-inner\">\n\t\t\t\t<div class=\"elementor-element elementor-element-5878d0b elementor-widget elementor-widget-heading\" data-id=\"5878d0b\" data-element_type=\"widget\" data-widget_type=\"heading.default\">\n\t\t\t\t<div class=\"elementor-widget-container\">\n\t\t\t\t\t<h2 class=\"elementor-heading-title elementor-size-default\">Declaraci\u00f3n de accesibilidad<\/h2>\t\t\t\t<\/div>\n\t\t\t\t<\/div>\n\t\t\t\t<div class=\"elementor-element elementor-element-547ffcab elementor-widget elementor-widget-text-editor\" data-id=\"547ffcab\" data-element_type=\"widget\" data-widget_type=\"text-editor.default\">\n\t\t\t\t<div class=\"elementor-widget-container\">\n\t\t\t\t\t\t\t\t\t\n<p><strong>HORECATEK, SL<\/strong> ha comprometido a hacer accesible su sitio web, de acuerdo con el Real decreto 1112\/2018, de 7 de septiembre, sobre accesibilidad de sitios web y aplicaciones para dispositivos m\u00f3viles del sector p\u00fablico. Esta declaraci\u00f3n de accesibilidad se aplica a esta web.<\/p>\n\n\n\n<h3 class=\"wp-block-heading\">Situaci\u00f3n de cumplimiento<\/h3>\n\n\n\n<p>Este sitio web est\u00e1 desarrollado seg\u00fan el RD 1112\/2018.<\/p>\n\n\n\n<h3 class=\"wp-block-heading\">Preparaci\u00f3n para la siguiente declaraci\u00f3n de accesibilidad<\/h3>\n\n\n\n<p>Esta declaraci\u00f3n fue preparada el 20 de abril de 2023. El m\u00e9todo empleado para preparar la declaraci\u00f3n ha sido una autoevaluaci\u00f3n.<\/p>\n\n\n\n<h3 class=\"wp-block-heading\">Observaciones y datos de contacto<\/h3>\n\n\n\n<p>Puede realizar comunicaciones sobre requisitos de accesibilidad (art\u00edculo 10.2.a del RD 1112\/2018) tales como:<\/p>\n\n\n\n<ul class=\"wp-block-list\">\n<li>Informar sobre cualquier posible incumplimiento por parte de este sitio web.<\/li>\n\n\n\n<li>Transmitir otras dificultades de acceso al contenido.<\/li>\n\n\n\n<li>Formular cualquier otra consulta o sugerencia de mejora relativa a la accesibilidad del sitio web a trav\u00e9s del formulario de contacto de este sitio web oa trav\u00e9s del n\u00famero de tel\u00e9fono.<\/li>\n<\/ul>\n\n\n\n<p>Puede presentar:<\/p>\n\n\n\n<ul class=\"wp-block-list\">\n<li>Queja relativa al cumplimiento de los requisitos del RD 1112\/2018.<\/li>\n\n\n\n<li>Solicitud de informaci\u00f3n accesible relativa a:\n<ul class=\"wp-block-list\">\n<li>Contenidos que est\u00e1n excluidos del \u00e1mbito de aplicaci\u00f3n del RD 1112\/2018 seg\u00fan lo que establece el art\u00edculo 3, apartado 4.<\/li>\n\n\n\n<li>Contenidos que est\u00e1n exentos del cumplimiento de los requisitos de accesibilidad para imponer carga desproporcionada.<\/li>\n<\/ul>\n<\/li>\n<\/ul>\n\n\n\n<p>En la solicitud de informaci\u00f3n accesible, se concretar\u00e1n, con toda claridad, los hechos, razones y petici\u00f3n que permitan constatar que se trata de una solicitud razonable y leg\u00edtima.<\/p>\n\n\n\n<p>Las quejas y reclamaciones sobre informaci\u00f3n accesible se realizar\u00e1n a trav\u00e9s de la sede electr\u00f3nica (<a href=\"https:\/\/sede.red.gob.es\/procedimientos\/quejas-y-sugerencias\"><strong>https:\/\/sede.red.gob.es\/procedimientos\/quejas-y-sugerencias<\/strong><\/a>) y ser\u00e1n recibidas y tratadas por el \u00e1rea de Sistemas de la Informaci\u00f3n de Red.es.<\/p>\n\n\n\n<h3 class=\"wp-block-heading\">Contenido opcional<\/h3>\n\n\n\n<p>Si desea cambiar el tama\u00f1o de la letra del texto en los principales navegadores gr\u00e1ficos, utilice los siguientes men\u00fas:<\/p>\n\n\n\n<ul class=\"wp-block-list\">\n<li><strong>Safari<\/strong>: Visualizaci\u00f3n &gt; Hacer el texto m\u00e1s grande<\/li>\n\n\n\n<li><strong>Chrome<\/strong>: Controla la p\u00e1gina actual &gt; Tama\u00f1o del texto<\/li>\n<\/ul>\n\n\n\n<p>Para modificar el tama\u00f1o de todo en la p\u00e1gina:<\/p>\n\n\n\n<ul class=\"wp-block-list\">\n<li><strong>Ctrl++<\/strong>&nbsp;para aumentarlo<\/li>\n\n\n\n<li><strong>Ctrl + \u2013<\/strong>&nbsp;para disminuirlo<\/li>\n\n\n\n<li><strong>Ctrl+0<\/strong>&nbsp;restaura el tama\u00f1o original del texto<\/li>\n<\/ul>\n\n\n\n<p>Si lo que desea es anular la hoja de estilos o modificar el color del texto, puede consultar la p\u00e1gina&nbsp;<em>How to Change Text Size o Colores<\/em>&nbsp;de la WAI, que se puede leer traducida al castellano en&nbsp;<em>\u00bfC\u00f3mo cambiar el tama\u00f1o del texto o colores?<\/em><\/p>\n\t\t\t\t\t\t\t\t<\/div>\n\t\t\t\t<\/div>\n\t\t\t\t\t<\/div>\n\t\t\t\t<\/div>\n\t\t\t\t<\/div>","protected":false},"excerpt":{"rendered":"<p>HORECATEK, S.L. ha comprom\u00e8s a fer accessible el seu lloc web, d\u2019acord amb el Reial decret 1112\/2018, de 7 de setembre, sobre accessibilitat dels llocs web i aplicacions per a dispositius m\u00f2bils del sector p\u00fablic. Aquesta declaraci\u00f3 d\u2019accessibilitat s\u2019aplica a aquest web. Situaci\u00f3 de compliment Aquest lloc web est\u00e0 desenvolupat segons el RD 1112\/2018. Preparaci\u00f3 [&hellip;]<\/p>","protected":false},"author":1,"featured_media":0,"parent":0,"menu_order":0,"comment_status":"closed","ping_status":"closed","template":"","meta":{"footnotes":""},"class_list":["post-20","page","type-page","status-publish","hentry"],"yoast_head":"<!-- This site is optimized with the Yoast SEO plugin v25.5 - https:\/\/yoast.com\/wordpress\/plugins\/seo\/ -->\n<title>Declaraci\u00f3 d\u2019accessibilitat - Flamia<\/title>\n<meta name=\"robots\" content=\"index, follow, max-snippet:-1, max-image-preview:large, max-video-preview:-1\" \/>\n<link rel=\"canonical\" href=\"https:\/\/flamia.es\/es\/declaracio-daccessibilitat\/\" \/>\n<meta property=\"og:locale\" content=\"es_ES\" \/>\n<meta property=\"og:type\" content=\"article\" \/>\n<meta property=\"og:title\" content=\"Declaraci\u00f3 d\u2019accessibilitat - Flamia\" \/>\n<meta property=\"og:description\" content=\"HORECATEK, S.L. ha comprom\u00e8s a fer accessible el seu lloc web, d\u2019acord amb el Reial decret 1112\/2018, de 7 de setembre, sobre accessibilitat dels llocs web i aplicacions per a dispositius m\u00f2bils del sector p\u00fablic. Aquesta declaraci\u00f3 d\u2019accessibilitat s\u2019aplica a aquest web. Situaci\u00f3 de compliment Aquest lloc web est\u00e0 desenvolupat segons el RD 1112\/2018. Preparaci\u00f3 [&hellip;]\" \/>\n<meta property=\"og:url\" content=\"https:\/\/flamia.es\/es\/declaracio-daccessibilitat\/\" \/>\n<meta property=\"og:site_name\" content=\"Flamia\" \/>\n<meta property=\"article:modified_time\" content=\"2025-05-13T14:44:53+00:00\" \/>\n<meta name=\"twitter:card\" content=\"summary_large_image\" \/>\n<meta name=\"twitter:label1\" content=\"Tiempo de lectura\" \/>\n\t<meta name=\"twitter:data1\" content=\"2 minutos\" \/>\n<script type=\"application\/ld+json\" class=\"yoast-schema-graph\">{\"@context\":\"https:\/\/schema.org\",\"@graph\":[{\"@type\":\"WebPage\",\"@id\":\"https:\/\/flamia.es\/declaracio-daccessibilitat\/\",\"url\":\"https:\/\/flamia.es\/declaracio-daccessibilitat\/\",\"name\":\"Declaraci\u00f3 d\u2019accessibilitat - Flamia\",\"isPartOf\":{\"@id\":\"https:\/\/flamia.es\/#website\"},\"datePublished\":\"2025-03-28T19:05:29+00:00\",\"dateModified\":\"2025-05-13T14:44:53+00:00\",\"breadcrumb\":{\"@id\":\"https:\/\/flamia.es\/declaracio-daccessibilitat\/#breadcrumb\"},\"inLanguage\":\"es\",\"potentialAction\":[{\"@type\":\"ReadAction\",\"target\":[\"https:\/\/flamia.es\/declaracio-daccessibilitat\/\"]}]},{\"@type\":\"BreadcrumbList\",\"@id\":\"https:\/\/flamia.es\/declaracio-daccessibilitat\/#breadcrumb\",\"itemListElement\":[{\"@type\":\"ListItem\",\"position\":1,\"name\":\"Portada\",\"item\":\"https:\/\/flamia.es\/\"},{\"@type\":\"ListItem\",\"position\":2,\"name\":\"Declaraci\u00f3 d\u2019accessibilitat\"}]},{\"@type\":\"WebSite\",\"@id\":\"https:\/\/flamia.es\/#website\",\"url\":\"https:\/\/flamia.es\/\",\"name\":\"Horecatek\",\"description\":\"Planxes el\u00e8ctriques i cremadors de gas industrials\",\"potentialAction\":[{\"@type\":\"SearchAction\",\"target\":{\"@type\":\"EntryPoint\",\"urlTemplate\":\"https:\/\/flamia.es\/?s={search_term_string}\"},\"query-input\":{\"@type\":\"PropertyValueSpecification\",\"valueRequired\":true,\"valueName\":\"search_term_string\"}}],\"inLanguage\":\"es\"}]}<\/script>\n<!-- \/ Yoast SEO plugin. -->","yoast_head_json":{"title":"Declaraci\u00f3 d\u2019accessibilitat - Flamia","robots":{"index":"index","follow":"follow","max-snippet":"max-snippet:-1","max-image-preview":"max-image-preview:large","max-video-preview":"max-video-preview:-1"},"canonical":"https:\/\/flamia.es\/es\/declaracio-daccessibilitat\/","og_locale":"es_ES","og_type":"article","og_title":"Declaraci\u00f3 d\u2019accessibilitat - Flamia","og_description":"HORECATEK, S.L. ha comprom\u00e8s a fer accessible el seu lloc web, d\u2019acord amb el Reial decret 1112\/2018, de 7 de setembre, sobre accessibilitat dels llocs web i aplicacions per a dispositius m\u00f2bils del sector p\u00fablic. Aquesta declaraci\u00f3 d\u2019accessibilitat s\u2019aplica a aquest web. Situaci\u00f3 de compliment Aquest lloc web est\u00e0 desenvolupat segons el RD 1112\/2018. Preparaci\u00f3 [&hellip;]","og_url":"https:\/\/flamia.es\/es\/declaracio-daccessibilitat\/","og_site_name":"Flamia","article_modified_time":"2025-05-13T14:44:53+00:00","twitter_card":"summary_large_image","twitter_misc":{"Tiempo de lectura":"2 minutos"},"schema":{"@context":"https:\/\/schema.org","@graph":[{"@type":"WebPage","@id":"https:\/\/flamia.es\/declaracio-daccessibilitat\/","url":"https:\/\/flamia.es\/declaracio-daccessibilitat\/","name":"Declaraci\u00f3 d\u2019accessibilitat - Flamia","isPartOf":{"@id":"https:\/\/flamia.es\/#website"},"datePublished":"2025-03-28T19:05:29+00:00","dateModified":"2025-05-13T14:44:53+00:00","breadcrumb":{"@id":"https:\/\/flamia.es\/declaracio-daccessibilitat\/#breadcrumb"},"inLanguage":"es","potentialAction":[{"@type":"ReadAction","target":["https:\/\/flamia.es\/declaracio-daccessibilitat\/"]}]},{"@type":"BreadcrumbList","@id":"https:\/\/flamia.es\/declaracio-daccessibilitat\/#breadcrumb","itemListElement":[{"@type":"ListItem","position":1,"name":"Portada","item":"https:\/\/flamia.es\/"},{"@type":"ListItem","position":2,"name":"Declaraci\u00f3 d\u2019accessibilitat"}]},{"@type":"WebSite","@id":"https:\/\/flamia.es\/#website","url":"https:\/\/flamia.es\/","name":"Horecatek","description":"Planchas el\u00e9ctricas y quemadores de gas industriales","potentialAction":[{"@type":"SearchAction","target":{"@type":"EntryPoint","urlTemplate":"https:\/\/flamia.es\/?s={search_term_string}"},"query-input":{"@type":"PropertyValueSpecification","valueRequired":true,"valueName":"search_term_string"}}],"inLanguage":"es"}]}},"_links":{"self":[{"href":"https:\/\/flamia.es\/es\/wp-json\/wp\/v2\/pages\/20","targetHints":{"allow":["GET"]}}],"collection":[{"href":"https:\/\/flamia.es\/es\/wp-json\/wp\/v2\/pages"}],"about":[{"href":"https:\/\/flamia.es\/es\/wp-json\/wp\/v2\/types\/page"}],"author":[{"embeddable":true,"href":"https:\/\/flamia.es\/es\/wp-json\/wp\/v2\/users\/1"}],"replies":[{"embeddable":true,"href":"https:\/\/flamia.es\/es\/wp-json\/wp\/v2\/comments?post=20"}],"version-history":[{"count":0,"href":"https:\/\/flamia.es\/es\/wp-json\/wp\/v2\/pages\/20\/revisions"}],"wp:attachment":[{"href":"https:\/\/flamia.es\/es\/wp-json\/wp\/v2\/media?parent=20"}],"curies":[{"name":"wp","href":"https:\/\/api.w.org\/{rel}","templated":true}]}}