{"id":157,"date":"2025-05-10T00:43:20","date_gmt":"2025-05-09T22:43:20","guid":{"rendered":"https:\/\/flamia.es\/?page_id=157"},"modified":"2025-07-03T19:37:33","modified_gmt":"2025-07-03T17:37:33","slug":"cremadors-de-gas-industrials","status":"publish","type":"page","link":"https:\/\/flamia.es\/fr\/cremadors-de-gas-industrials\/","title":{"rendered":"Br\u00fbleurs \u00e0 gaz industriels"},"content":{"rendered":"<div data-elementor-type=\"wp-page\" data-elementor-id=\"157\" class=\"elementor elementor-157\" data-elementor-post-type=\"page\">\n\t\t\t\t<div class=\"elementor-element elementor-element-d2fe095 e-flex e-con-boxed e-con e-parent\" data-id=\"d2fe095\" data-element_type=\"container\" data-settings=\"{&quot;background_background&quot;:&quot;classic&quot;}\">\n\t\t\t\t\t<div class=\"e-con-inner\">\n\t\t\t\t<div class=\"elementor-element elementor-element-ca71151 elementor-widget elementor-widget-heading\" data-id=\"ca71151\" data-element_type=\"widget\" data-widget_type=\"heading.default\">\n\t\t\t\t<div class=\"elementor-widget-container\">\n\t\t\t\t\t<h2 class=\"elementor-heading-title elementor-size-default\">Br\u00fbleurs \u00e0 gaz industriels<\/h2>\t\t\t\t<\/div>\n\t\t\t\t<\/div>\n\t\t\t\t\t<\/div>\n\t\t\t\t<\/div>\n\t\t<div class=\"elementor-element elementor-element-0f19206 e-flex e-con-boxed e-con e-parent\" data-id=\"0f19206\" data-element_type=\"container\">\n\t\t\t\t\t<div class=\"e-con-inner\">\n\t\t<div class=\"elementor-element elementor-element-cf2010b e-con-full e-flex e-con e-child\" data-id=\"cf2010b\" data-element_type=\"container\" data-settings=\"{&quot;background_background&quot;:&quot;classic&quot;}\">\n\t\t\t\t<\/div>\n\t\t<div class=\"elementor-element elementor-element-4fdbb51 e-con-full e-flex e-con e-child\" data-id=\"4fdbb51\" data-element_type=\"container\" data-settings=\"{&quot;background_background&quot;:&quot;classic&quot;}\">\n\t\t\t\t<div class=\"elementor-element elementor-element-436fbb8 animated-slow elementor-invisible elementor-widget elementor-widget-heading\" data-id=\"436fbb8\" data-element_type=\"widget\" data-settings=\"{&quot;_animation&quot;:&quot;fadeInUp&quot;}\" data-widget_type=\"heading.default\">\n\t\t\t\t<div class=\"elementor-widget-container\">\n\t\t\t\t\t<h2 class=\"elementor-heading-title elementor-size-default\">Br\u00fbleurs \u00e0 gaz industriels pour cuisines professionnelles\n\n<\/h2>\t\t\t\t<\/div>\n\t\t\t\t<\/div>\n\t\t\t\t<div class=\"elementor-element elementor-element-4efbf08 elementor-widget elementor-widget-text-editor\" data-id=\"4efbf08\" data-element_type=\"widget\" data-widget_type=\"text-editor.default\">\n\t\t\t\t<div class=\"elementor-widget-container\">\n\t\t\t\t\t\t\t\t\t<p>Br\u00fbleurs \u00e0 gaz Flamia\u00a0: puissance, contr\u00f4le et efficacit\u00e9 pour les cuisines industrielles. Nos br\u00fbleurs \u00e0 gaz industriels sont con\u00e7us pour les professionnels qui d\u00e9veloppent des projets de cuisines industrielles complets, avec des \u00e9quipements fiables et s\u00fbrs, con\u00e7us pour des performances intensives.<\/p>\t\t\t\t\t\t\t\t<\/div>\n\t\t\t\t<\/div>\n\t\t\t\t<\/div>\n\t\t\t\t\t<\/div>\n\t\t\t\t<\/div>\n\t\t<div class=\"elementor-element elementor-element-a04ce38 e-flex e-con-boxed e-con e-parent\" data-id=\"a04ce38\" data-element_type=\"container\">\n\t\t\t\t\t<div class=\"e-con-inner\">\n\t\t<div class=\"elementor-element elementor-element-c296af0 e-con-full e-flex e-con e-child\" data-id=\"c296af0\" data-element_type=\"container\" data-settings=\"{&quot;background_background&quot;:&quot;classic&quot;}\">\n\t\t\t\t<\/div>\n\t\t<div class=\"elementor-element elementor-element-12d4aae e-con-full e-flex e-con e-child\" data-id=\"12d4aae\" data-element_type=\"container\" data-settings=\"{&quot;background_background&quot;:&quot;classic&quot;}\">\n\t\t\t\t<div class=\"elementor-element elementor-element-24f681e animated-slow elementor-invisible elementor-widget elementor-widget-heading\" data-id=\"24f681e\" data-element_type=\"widget\" data-settings=\"{&quot;_animation&quot;:&quot;fadeInUp&quot;}\" data-widget_type=\"heading.default\">\n\t\t\t\t<div class=\"elementor-widget-container\">\n\t\t\t\t\t<h2 class=\"elementor-heading-title elementor-size-default\"> Br\u00fbleurs \u00e0 gaz pour cuisines industrielles, restaurants et collectivit\u00e9s\n\n<\/h2>\t\t\t\t<\/div>\n\t\t\t\t<\/div>\n\t\t\t\t<div class=\"elementor-element elementor-element-8666df6 elementor-widget elementor-widget-text-editor\" data-id=\"8666df6\" data-element_type=\"widget\" data-widget_type=\"text-editor.default\">\n\t\t\t\t<div class=\"elementor-widget-container\">\n\t\t\t\t\t\t\t\t\t<p>Les br\u00fbleurs industriels Flamia sont parfaits pour les \u00e9quipements de cuisine professionnels exigeant puissance et performance continue. Ils s&#039;adaptent \u00e0 tous types de projets, des cuisines de restaurant aux cuisines centrales en passant par les food trucks.<\/p>\t\t\t\t\t\t\t\t<\/div>\n\t\t\t\t<\/div>\n\t\t<div class=\"elementor-element elementor-element-02b42f4 e-grid e-con-full e-con e-child\" data-id=\"02b42f4\" data-element_type=\"container\">\n\t\t\t\t<div class=\"elementor-element elementor-element-9a0dea3 elementor-position-left elementor-vertical-align-middle elementor-mobile-position-left elementor-view-default elementor-widget elementor-widget-icon-box\" data-id=\"9a0dea3\" data-element_type=\"widget\" data-widget_type=\"icon-box.default\">\n\t\t\t\t<div class=\"elementor-widget-container\">\n\t\t\t\t\t\t\t<div class=\"elementor-icon-box-wrapper\">\n\n\t\t\t\t\t\t<div class=\"elementor-icon-box-icon\">\n\t\t\t\t<span  class=\"elementor-icon\">\n\t\t\t\t<svg aria-hidden=\"true\" class=\"e-font-icon-svg e-fas-fire\" viewbox=\"0 0 384 512\" xmlns=\"http:\/\/www.w3.org\/2000\/svg\"><path d=\"M216 23.86c0-23.8-30.65-32.77-44.15-13.04C48 191.85 224 200 224 288c0 35.63-29.11 64.46-64.85 63.99-35.17-.45-63.15-29.77-63.15-64.94v-85.51c0-21.7-26.47-32.23-41.43-16.5C27.8 213.16 0 261.33 0 320c0 105.87 86.13 192 192 192s192-86.13 192-192c0-170.29-168-193-168-296.14z\"><\/path><\/svg>\t\t\t\t<\/span>\n\t\t\t<\/div>\n\t\t\t\n\t\t\t\t\t\t<div class=\"elementor-icon-box-content\">\n\n\t\t\t\t\t\t\t\t\t<h5 class=\"elementor-icon-box-title\">\n\t\t\t\t\t\t<span  >\n\t\t\t\t\t\t\tBr\u00fbleurs \u00e0 gaz haute puissance pour cuisines industrielles professionnelles.\t\t\t\t\t\t<\/span>\n\t\t\t\t\t<\/h5>\n\t\t\t\t\n\t\t\t\t\n\t\t\t<\/div>\n\t\t\t\n\t\t<\/div>\n\t\t\t\t\t\t<\/div>\n\t\t\t\t<\/div>\n\t\t\t\t<div class=\"elementor-element elementor-element-24c54d7 elementor-position-left elementor-vertical-align-middle elementor-mobile-position-left elementor-view-default elementor-widget elementor-widget-icon-box\" data-id=\"24c54d7\" data-element_type=\"widget\" data-widget_type=\"icon-box.default\">\n\t\t\t\t<div class=\"elementor-widget-container\">\n\t\t\t\t\t\t\t<div class=\"elementor-icon-box-wrapper\">\n\n\t\t\t\t\t\t<div class=\"elementor-icon-box-icon\">\n\t\t\t\t<span  class=\"elementor-icon\">\n\t\t\t\t<svg aria-hidden=\"true\" class=\"e-font-icon-svg e-fas-fire\" viewbox=\"0 0 384 512\" xmlns=\"http:\/\/www.w3.org\/2000\/svg\"><path d=\"M216 23.86c0-23.8-30.65-32.77-44.15-13.04C48 191.85 224 200 224 288c0 35.63-29.11 64.46-64.85 63.99-35.17-.45-63.15-29.77-63.15-64.94v-85.51c0-21.7-26.47-32.23-41.43-16.5C27.8 213.16 0 261.33 0 320c0 105.87 86.13 192 192 192s192-86.13 192-192c0-170.29-168-193-168-296.14z\"><\/path><\/svg>\t\t\t\t<\/span>\n\t\t\t<\/div>\n\t\t\t\n\t\t\t\t\t\t<div class=\"elementor-icon-box-content\">\n\n\t\t\t\t\t\t\t\t\t<h5 class=\"elementor-icon-box-title\">\n\t\t\t\t\t\t<span  >\n\t\t\t\t\t\t\tFoyers \u00e0 gaz adapt\u00e9s au butane, au propane et au gaz naturel.\t\t\t\t\t\t<\/span>\n\t\t\t\t\t<\/h5>\n\t\t\t\t\n\t\t\t\t\n\t\t\t<\/div>\n\t\t\t\n\t\t<\/div>\n\t\t\t\t\t\t<\/div>\n\t\t\t\t<\/div>\n\t\t\t\t<div class=\"elementor-element elementor-element-79ec478 elementor-position-left elementor-vertical-align-middle elementor-mobile-position-left elementor-view-default elementor-widget elementor-widget-icon-box\" data-id=\"79ec478\" data-element_type=\"widget\" data-widget_type=\"icon-box.default\">\n\t\t\t\t<div class=\"elementor-widget-container\">\n\t\t\t\t\t\t\t<div class=\"elementor-icon-box-wrapper\">\n\n\t\t\t\t\t\t<div class=\"elementor-icon-box-icon\">\n\t\t\t\t<span  class=\"elementor-icon\">\n\t\t\t\t<svg aria-hidden=\"true\" class=\"e-font-icon-svg e-fas-fire\" viewbox=\"0 0 384 512\" xmlns=\"http:\/\/www.w3.org\/2000\/svg\"><path d=\"M216 23.86c0-23.8-30.65-32.77-44.15-13.04C48 191.85 224 200 224 288c0 35.63-29.11 64.46-64.85 63.99-35.17-.45-63.15-29.77-63.15-64.94v-85.51c0-21.7-26.47-32.23-41.43-16.5C27.8 213.16 0 261.33 0 320c0 105.87 86.13 192 192 192s192-86.13 192-192c0-170.29-168-193-168-296.14z\"><\/path><\/svg>\t\t\t\t<\/span>\n\t\t\t<\/div>\n\t\t\t\n\t\t\t\t\t\t<div class=\"elementor-icon-box-content\">\n\n\t\t\t\t\t\t\t\t\t<h5 class=\"elementor-icon-box-title\">\n\t\t\t\t\t\t<span  >\n\t\t\t\t\t\t\tConception de cuisines industrielles modulaires ou sur mesure.\t\t\t\t\t\t<\/span>\n\t\t\t\t\t<\/h5>\n\t\t\t\t\n\t\t\t\t\n\t\t\t<\/div>\n\t\t\t\n\t\t<\/div>\n\t\t\t\t\t\t<\/div>\n\t\t\t\t<\/div>\n\t\t\t\t<div class=\"elementor-element elementor-element-7c5f884 elementor-position-left elementor-vertical-align-middle elementor-mobile-position-left elementor-view-default elementor-widget elementor-widget-icon-box\" data-id=\"7c5f884\" data-element_type=\"widget\" data-widget_type=\"icon-box.default\">\n\t\t\t\t<div class=\"elementor-widget-container\">\n\t\t\t\t\t\t\t<div class=\"elementor-icon-box-wrapper\">\n\n\t\t\t\t\t\t<div class=\"elementor-icon-box-icon\">\n\t\t\t\t<span  class=\"elementor-icon\">\n\t\t\t\t<svg aria-hidden=\"true\" class=\"e-font-icon-svg e-fas-fire\" viewbox=\"0 0 384 512\" xmlns=\"http:\/\/www.w3.org\/2000\/svg\"><path d=\"M216 23.86c0-23.8-30.65-32.77-44.15-13.04C48 191.85 224 200 224 288c0 35.63-29.11 64.46-64.85 63.99-35.17-.45-63.15-29.77-63.15-64.94v-85.51c0-21.7-26.47-32.23-41.43-16.5C27.8 213.16 0 261.33 0 320c0 105.87 86.13 192 192 192s192-86.13 192-192c0-170.29-168-193-168-296.14z\"><\/path><\/svg>\t\t\t\t<\/span>\n\t\t\t<\/div>\n\t\t\t\n\t\t\t\t\t\t<div class=\"elementor-icon-box-content\">\n\n\t\t\t\t\t\t\t\t\t<h5 class=\"elementor-icon-box-title\">\n\t\t\t\t\t\t<span  >\n\t\t\t\t\t\t\tFinitions en acier inoxydable et composants robustes.\t\t\t\t\t\t<\/span>\n\t\t\t\t\t<\/h5>\n\t\t\t\t\n\t\t\t\t\n\t\t\t<\/div>\n\t\t\t\n\t\t<\/div>\n\t\t\t\t\t\t<\/div>\n\t\t\t\t<\/div>\n\t\t\t\t<div class=\"elementor-element elementor-element-82646d0 elementor-position-left elementor-vertical-align-middle elementor-mobile-position-left elementor-view-default elementor-widget elementor-widget-icon-box\" data-id=\"82646d0\" data-element_type=\"widget\" data-widget_type=\"icon-box.default\">\n\t\t\t\t<div class=\"elementor-widget-container\">\n\t\t\t\t\t\t\t<div class=\"elementor-icon-box-wrapper\">\n\n\t\t\t\t\t\t<div class=\"elementor-icon-box-icon\">\n\t\t\t\t<span  class=\"elementor-icon\">\n\t\t\t\t<svg aria-hidden=\"true\" class=\"e-font-icon-svg e-fas-fire\" viewbox=\"0 0 384 512\" xmlns=\"http:\/\/www.w3.org\/2000\/svg\"><path d=\"M216 23.86c0-23.8-30.65-32.77-44.15-13.04C48 191.85 224 200 224 288c0 35.63-29.11 64.46-64.85 63.99-35.17-.45-63.15-29.77-63.15-64.94v-85.51c0-21.7-26.47-32.23-41.43-16.5C27.8 213.16 0 261.33 0 320c0 105.87 86.13 192 192 192s192-86.13 192-192c0-170.29-168-193-168-296.14z\"><\/path><\/svg>\t\t\t\t<\/span>\n\t\t\t<\/div>\n\t\t\t\n\t\t\t\t\t\t<div class=\"elementor-icon-box-content\">\n\n\t\t\t\t\t\t\t\t\t<h5 class=\"elementor-icon-box-title\">\n\t\t\t\t\t\t<span  >\n\t\t\t\t\t\t\tSoupapes de s\u00e9curit\u00e9, contr\u00f4le de flamme et allumage pi\u00e9zo\u00e9lectrique.\t\t\t\t\t\t<\/span>\n\t\t\t\t\t<\/h5>\n\t\t\t\t\n\t\t\t\t\n\t\t\t<\/div>\n\t\t\t\n\t\t<\/div>\n\t\t\t\t\t\t<\/div>\n\t\t\t\t<\/div>\n\t\t\t\t<div class=\"elementor-element elementor-element-09aa47e elementor-position-left elementor-vertical-align-middle elementor-mobile-position-left elementor-view-default elementor-widget elementor-widget-icon-box\" data-id=\"09aa47e\" data-element_type=\"widget\" data-widget_type=\"icon-box.default\">\n\t\t\t\t<div class=\"elementor-widget-container\">\n\t\t\t\t\t\t\t<div class=\"elementor-icon-box-wrapper\">\n\n\t\t\t\t\t\t<div class=\"elementor-icon-box-icon\">\n\t\t\t\t<span  class=\"elementor-icon\">\n\t\t\t\t<svg aria-hidden=\"true\" class=\"e-font-icon-svg e-fas-fire\" viewbox=\"0 0 384 512\" xmlns=\"http:\/\/www.w3.org\/2000\/svg\"><path d=\"M216 23.86c0-23.8-30.65-32.77-44.15-13.04C48 191.85 224 200 224 288c0 35.63-29.11 64.46-64.85 63.99-35.17-.45-63.15-29.77-63.15-64.94v-85.51c0-21.7-26.47-32.23-41.43-16.5C27.8 213.16 0 261.33 0 320c0 105.87 86.13 192 192 192s192-86.13 192-192c0-170.29-168-193-168-296.14z\"><\/path><\/svg>\t\t\t\t<\/span>\n\t\t\t<\/div>\n\t\t\t\n\t\t\t\t\t\t<div class=\"elementor-icon-box-content\">\n\n\t\t\t\t\t\t\t\t\t<h5 class=\"elementor-icon-box-title\">\n\t\t\t\t\t\t<span  >\n\t\t\t\t\t\t\tMod\u00e8les de feu ouverts et int\u00e9gr\u00e9s pour syst\u00e8mes personnalis\u00e9s\t\t\t\t\t\t<\/span>\n\t\t\t\t\t<\/h5>\n\t\t\t\t\n\t\t\t\t\n\t\t\t<\/div>\n\t\t\t\n\t\t<\/div>\n\t\t\t\t\t\t<\/div>\n\t\t\t\t<\/div>\n\t\t\t\t<\/div>\n\t\t\t\t<\/div>\n\t\t\t\t\t<\/div>\n\t\t\t\t<\/div>\n\t\t<div class=\"elementor-element elementor-element-47b0d12 e-flex e-con-boxed e-con e-parent\" data-id=\"47b0d12\" data-element_type=\"container\" data-settings=\"{&quot;background_background&quot;:&quot;classic&quot;}\">\n\t\t\t\t\t<div class=\"e-con-inner\">\n\t\t\t\t<div class=\"elementor-element elementor-element-0d73f08 animated-slow elementor-widget__width-initial elementor-widget-mobile__width-inherit elementor-invisible elementor-widget elementor-widget-heading\" data-id=\"0d73f08\" data-element_type=\"widget\" data-settings=\"{&quot;_animation&quot;:&quot;fadeInUp&quot;}\" data-widget_type=\"heading.default\">\n\t\t\t\t<div class=\"elementor-widget-container\">\n\t\t\t\t\t<h2 class=\"elementor-heading-title elementor-size-default\">Fourniture de br\u00fbleurs \u00e0 gaz industriels avec service technique et pi\u00e8ces de rechange\n<\/h2>\t\t\t\t<\/div>\n\t\t\t\t<\/div>\n\t\t\t\t<div class=\"elementor-element elementor-element-153d16b elementor-widget__width-initial elementor-widget-mobile__width-inherit elementor-widget elementor-widget-text-editor\" data-id=\"153d16b\" data-element_type=\"widget\" data-widget_type=\"text-editor.default\">\n\t\t\t\t<div class=\"elementor-widget-container\">\n\t\t\t\t\t\t\t\t\t<p>Nous vous proposons des conseils techniques, des livraisons ponctuelles et la disponibilit\u00e9 des pi\u00e8ces d\u00e9tach\u00e9es pour que votre cuisine soit toujours pr\u00eate. Nos br\u00fbleurs \u00e0 gaz industriels sont conformes aux normes de s\u00e9curit\u00e9 et de performance du secteur de la restauration et de l&#039;alimentation.<\/p>\t\t\t\t\t\t\t\t<\/div>\n\t\t\t\t<\/div>\n\t\t\t\t<div class=\"elementor-element elementor-element-8c8c132 elementor-widget elementor-widget-button\" data-id=\"8c8c132\" data-element_type=\"widget\" data-widget_type=\"button.default\">\n\t\t\t\t<div class=\"elementor-widget-container\">\n\t\t\t\t\t\t\t\t\t<div class=\"elementor-button-wrapper\">\n\t\t\t\t\t<a class=\"elementor-button elementor-button-link elementor-size-sm\" href=\"https:\/\/flamia.es\/fr\/contacte\/\">\n\t\t\t\t\t\t<span class=\"elementor-button-content-wrapper\">\n\t\t\t\t\t\t\t\t\t<span class=\"elementor-button-text\">Contactez-nous<\/span>\n\t\t\t\t\t<\/span>\n\t\t\t\t\t<\/a>\n\t\t\t\t<\/div>\n\t\t\t\t\t\t\t\t<\/div>\n\t\t\t\t<\/div>\n\t\t\t\t\t<\/div>\n\t\t\t\t<\/div>\n\t\t\t\t<\/div>","protected":false},"excerpt":{"rendered":"<p>Cremadors de gas industrials per a cuines professionals Cremadors de gas Flamia: pot\u00e8ncia, control i efici\u00e8ncia per a la cuina industrial. Els nostres cremadors de gas industrials estan pensats per a professionals que desenvolupen projectes de cuines industrials complertes, amb equips fiables, segurs i dissenyats per a rendiment intensiu. Cremadors de gas per a cuines [&hellip;]<\/p>","protected":false},"author":1,"featured_media":0,"parent":0,"menu_order":0,"comment_status":"closed","ping_status":"closed","template":"","meta":{"footnotes":""},"class_list":["post-157","page","type-page","status-publish","hentry"],"yoast_head":"<!-- This site is optimized with the Yoast SEO plugin v25.5 - https:\/\/yoast.com\/wordpress\/plugins\/seo\/ -->\n<title>Cremadors de Gas Industrials - Flamia<\/title>\n<meta name=\"robots\" content=\"index, follow, max-snippet:-1, max-image-preview:large, max-video-preview:-1\" \/>\n<link rel=\"canonical\" href=\"https:\/\/flamia.es\/fr\/cremadors-de-gas-industrials\/\" \/>\n<meta property=\"og:locale\" content=\"fr_FR\" \/>\n<meta property=\"og:type\" content=\"article\" \/>\n<meta property=\"og:title\" content=\"Cremadors de Gas Industrials - Flamia\" \/>\n<meta property=\"og:description\" content=\"Cremadors de gas industrials per a cuines professionals Cremadors de gas Flamia: pot\u00e8ncia, control i efici\u00e8ncia per a la cuina industrial. Els nostres cremadors de gas industrials estan pensats per a professionals que desenvolupen projectes de cuines industrials complertes, amb equips fiables, segurs i dissenyats per a rendiment intensiu. Cremadors de gas per a cuines [&hellip;]\" \/>\n<meta property=\"og:url\" content=\"https:\/\/flamia.es\/fr\/cremadors-de-gas-industrials\/\" \/>\n<meta property=\"og:site_name\" content=\"Flamia\" \/>\n<meta property=\"article:modified_time\" content=\"2025-07-03T17:37:33+00:00\" \/>\n<meta name=\"twitter:card\" content=\"summary_large_image\" \/>\n<meta name=\"twitter:label1\" content=\"Dur\u00e9e de lecture estim\u00e9e\" \/>\n\t<meta name=\"twitter:data1\" content=\"1 minute\" \/>\n<script type=\"application\/ld+json\" class=\"yoast-schema-graph\">{\"@context\":\"https:\/\/schema.org\",\"@graph\":[{\"@type\":\"WebPage\",\"@id\":\"https:\/\/flamia.es\/cremadors-de-gas-industrials\/\",\"url\":\"https:\/\/flamia.es\/cremadors-de-gas-industrials\/\",\"name\":\"Cremadors de Gas Industrials - Flamia\",\"isPartOf\":{\"@id\":\"https:\/\/flamia.es\/#website\"},\"datePublished\":\"2025-05-09T22:43:20+00:00\",\"dateModified\":\"2025-07-03T17:37:33+00:00\",\"breadcrumb\":{\"@id\":\"https:\/\/flamia.es\/cremadors-de-gas-industrials\/#breadcrumb\"},\"inLanguage\":\"fr-FR\",\"potentialAction\":[{\"@type\":\"ReadAction\",\"target\":[\"https:\/\/flamia.es\/cremadors-de-gas-industrials\/\"]}]},{\"@type\":\"BreadcrumbList\",\"@id\":\"https:\/\/flamia.es\/cremadors-de-gas-industrials\/#breadcrumb\",\"itemListElement\":[{\"@type\":\"ListItem\",\"position\":1,\"name\":\"Portada\",\"item\":\"https:\/\/flamia.es\/\"},{\"@type\":\"ListItem\",\"position\":2,\"name\":\"Cremadors de Gas Industrials\"}]},{\"@type\":\"WebSite\",\"@id\":\"https:\/\/flamia.es\/#website\",\"url\":\"https:\/\/flamia.es\/\",\"name\":\"Horecatek\",\"description\":\"Planxes el\u00e8ctriques i cremadors de gas industrials\",\"potentialAction\":[{\"@type\":\"SearchAction\",\"target\":{\"@type\":\"EntryPoint\",\"urlTemplate\":\"https:\/\/flamia.es\/?s={search_term_string}\"},\"query-input\":{\"@type\":\"PropertyValueSpecification\",\"valueRequired\":true,\"valueName\":\"search_term_string\"}}],\"inLanguage\":\"fr-FR\"}]}<\/script>\n<!-- \/ Yoast SEO plugin. -->","yoast_head_json":{"title":"Cremadors de Gas Industrials - Flamia","robots":{"index":"index","follow":"follow","max-snippet":"max-snippet:-1","max-image-preview":"max-image-preview:large","max-video-preview":"max-video-preview:-1"},"canonical":"https:\/\/flamia.es\/fr\/cremadors-de-gas-industrials\/","og_locale":"fr_FR","og_type":"article","og_title":"Cremadors de Gas Industrials - Flamia","og_description":"Cremadors de gas industrials per a cuines professionals Cremadors de gas Flamia: pot\u00e8ncia, control i efici\u00e8ncia per a la cuina industrial. Els nostres cremadors de gas industrials estan pensats per a professionals que desenvolupen projectes de cuines industrials complertes, amb equips fiables, segurs i dissenyats per a rendiment intensiu. Cremadors de gas per a cuines [&hellip;]","og_url":"https:\/\/flamia.es\/fr\/cremadors-de-gas-industrials\/","og_site_name":"Flamia","article_modified_time":"2025-07-03T17:37:33+00:00","twitter_card":"summary_large_image","twitter_misc":{"Dur\u00e9e de lecture estim\u00e9e":"1 minute"},"schema":{"@context":"https:\/\/schema.org","@graph":[{"@type":"WebPage","@id":"https:\/\/flamia.es\/cremadors-de-gas-industrials\/","url":"https:\/\/flamia.es\/cremadors-de-gas-industrials\/","name":"Cremadors de Gas Industrials - Flamia","isPartOf":{"@id":"https:\/\/flamia.es\/#website"},"datePublished":"2025-05-09T22:43:20+00:00","dateModified":"2025-07-03T17:37:33+00:00","breadcrumb":{"@id":"https:\/\/flamia.es\/cremadors-de-gas-industrials\/#breadcrumb"},"inLanguage":"fr-FR","potentialAction":[{"@type":"ReadAction","target":["https:\/\/flamia.es\/cremadors-de-gas-industrials\/"]}]},{"@type":"BreadcrumbList","@id":"https:\/\/flamia.es\/cremadors-de-gas-industrials\/#breadcrumb","itemListElement":[{"@type":"ListItem","position":1,"name":"Portada","item":"https:\/\/flamia.es\/"},{"@type":"ListItem","position":2,"name":"Cremadors de Gas Industrials"}]},{"@type":"WebSite","@id":"https:\/\/flamia.es\/#website","url":"https:\/\/flamia.es\/","name":"Horecatech","description":"Fers \u00e0 repasser \u00e9lectriques et br\u00fbleurs \u00e0 gaz industriels","potentialAction":[{"@type":"SearchAction","target":{"@type":"EntryPoint","urlTemplate":"https:\/\/flamia.es\/?s={search_term_string}"},"query-input":{"@type":"PropertyValueSpecification","valueRequired":true,"valueName":"search_term_string"}}],"inLanguage":"fr-FR"}]}},"_links":{"self":[{"href":"https:\/\/flamia.es\/fr\/wp-json\/wp\/v2\/pages\/157","targetHints":{"allow":["GET"]}}],"collection":[{"href":"https:\/\/flamia.es\/fr\/wp-json\/wp\/v2\/pages"}],"about":[{"href":"https:\/\/flamia.es\/fr\/wp-json\/wp\/v2\/types\/page"}],"author":[{"embeddable":true,"href":"https:\/\/flamia.es\/fr\/wp-json\/wp\/v2\/users\/1"}],"replies":[{"embeddable":true,"href":"https:\/\/flamia.es\/fr\/wp-json\/wp\/v2\/comments?post=157"}],"version-history":[{"count":0,"href":"https:\/\/flamia.es\/fr\/wp-json\/wp\/v2\/pages\/157\/revisions"}],"wp:attachment":[{"href":"https:\/\/flamia.es\/fr\/wp-json\/wp\/v2\/media?parent=157"}],"curies":[{"name":"wp","href":"https:\/\/api.w.org\/{rel}","templated":true}]}}