{"id":17,"date":"2025-03-28T15:59:36","date_gmt":"2025-03-28T18:59:36","guid":{"rendered":"https:\/\/innovacon.simplificandotuweb.com\/?page_id=17"},"modified":"2025-07-04T15:45:53","modified_gmt":"2025-07-04T13:45:53","slug":"politica-de-cookies","status":"publish","type":"page","link":"https:\/\/flamia.es\/fr\/politica-de-cookies\/","title":{"rendered":"Politique relative aux cookies"},"content":{"rendered":"<div data-elementor-type=\"wp-page\" data-elementor-id=\"17\" class=\"elementor elementor-17\" data-elementor-post-type=\"page\">\n\t\t\t\t<div class=\"elementor-element elementor-element-154855a3 e-flex e-con-boxed e-con e-parent\" data-id=\"154855a3\" data-element_type=\"container\">\n\t\t\t\t\t<div class=\"e-con-inner\">\n\t\t\t\t<div class=\"elementor-element elementor-element-49fca23 elementor-widget elementor-widget-heading\" data-id=\"49fca23\" data-element_type=\"widget\" data-widget_type=\"heading.default\">\n\t\t\t\t<div class=\"elementor-widget-container\">\n\t\t\t\t\t<h2 class=\"elementor-heading-title elementor-size-default\">Politique relative aux cookies<\/h2>\t\t\t\t<\/div>\n\t\t\t\t<\/div>\n\t\t\t\t<div class=\"elementor-element elementor-element-60f13ed8 elementor-widget elementor-widget-text-editor\" data-id=\"60f13ed8\" data-element_type=\"widget\" data-widget_type=\"text-editor.default\">\n\t\t\t\t<div class=\"elementor-widget-container\">\n\t\t\t\t\t\t\t\t\t\n<h3 class=\"wp-block-heading\">Politique relative aux cookies (UE)<\/h3>\n\n<p>Cette politique de cookies a \u00e9t\u00e9 mise \u00e0 jour pour la derni\u00e8re fois le 08\/01\/2024 et s&#039;applique aux citoyens et r\u00e9sidents permanents l\u00e9gaux de l&#039;Espace \u00e9conomique europ\u00e9en et de la Suisse.<\/p>\n\n<h3 class=\"wp-block-heading\">1. Introduction<\/h3>\n\n<p>Notre site Web,\u00a0<a href=\"https:\/\/flamia.es\/fr\/\"><strong>https:\/\/flamia.es\/<\/strong><\/a>\u00a0(ci-apr\u00e8s \u00ab\u00a0le site web\u00a0\u00bb) utilise des cookies et autres technologies connexes (par souci de commodit\u00e9, toutes ces technologies sont d\u00e9sign\u00e9es par le terme \u00ab\u00a0cookies\u00a0\u00bb). Des cookies peuvent \u00e9galement \u00eatre plac\u00e9s par des tiers avec lesquels nous avons conclu un contrat. Dans le document suivant, nous vous informons de l&#039;utilisation des cookies sur notre site web.<\/p>\n\n<h3 class=\"wp-block-heading\">2. Que sont les cookies ?<\/h3>\n\n<p>Un cookie est un petit fichier envoy\u00e9 avec les pages de ce site web et que votre navigateur stocke sur le disque dur de votre ordinateur ou autre appareil. Les informations stock\u00e9es peuvent \u00eatre renvoy\u00e9es \u00e0 nos serveurs ou aux serveurs tiers concern\u00e9s lors d&#039;une visite ult\u00e9rieure.<\/p>\n\n<h3 class=\"wp-block-heading\">3. Que sont les scripts ?<\/h3>\n\n<p>Un script est un morceau de code utilis\u00e9 pour le bon fonctionnement et l&#039;interactivit\u00e9 de notre site web. Ce code s&#039;ex\u00e9cute sur notre serveur ou sur votre appareil.<\/p>\n\n<h3 class=\"wp-block-heading\">4. Qu\u2019est-ce qu\u2019une balise Web\u00a0?<\/h3>\n\n<p>Une balise web (ou pixel espion) est un petit \u00e9l\u00e9ment de texte ou d&#039;image invisible sur un site web, utilis\u00e9 pour suivre le trafic. \u00c0 cette fin, diverses donn\u00e9es vous concernant peuvent \u00eatre stock\u00e9es \u00e0 l&#039;aide de ces balises web.<\/p>\n\n<h3 class=\"wp-block-heading\">5. Cookies<\/h3>\n\n<h4 class=\"wp-block-heading\">5.1 Cookies techniques ou fonctionnels<\/h4>\n\n<p>Certains cookies assurent le bon fonctionnement de certaines parties du site web et la m\u00e9morisation de vos pr\u00e9f\u00e9rences utilisateur. En utilisant des cookies fonctionnels, nous facilitons votre navigation sur notre site web. Ainsi, vous n&#039;avez pas besoin de saisir \u00e0 plusieurs reprises les m\u00eames informations lors de vos visites et, par exemple, les articles restent dans votre panier jusqu&#039;\u00e0 votre paiement. Nous pouvons utiliser ces cookies sans votre consentement.<\/p>\n\n<h4 class=\"wp-block-heading\">5.2 Cookies de marketing\/suivi<\/h4>\n\n<p>Les cookies de marketing\/suivi sont des cookies, ou toute autre forme de stockage local, utilis\u00e9s pour cr\u00e9er des profils d&#039;utilisateurs afin d&#039;afficher de la publicit\u00e9 ou de suivre l&#039;utilisateur sur ce site Web ou sur plusieurs sites Web \u00e0 des fins de marketing similaires.<\/p>\n\n<h3 class=\"wp-block-heading\">6. Cookies utilis\u00e9s<\/h3>\n\n<p><strong>\u00c9l\u00e9mentor<\/strong><\/p>\n\n<ul class=\"wp-block-list\">\n<li>Statistiques (anonymes)<\/li>\n\n<li>Consentement pour le service Elementor<\/li>\n<\/ul>\n\n<p><strong>WordPress<\/strong><\/p>\n\n<ul class=\"wp-block-list\">\n<li>Fonctionnel<\/li>\n\n<li>Consentement pour le service WordPress<\/li>\n<\/ul>\n\n<p><strong>Divers<\/strong><\/p>\n\n<ul class=\"wp-block-list\">\n<li>Objectif en attente d&#039;enqu\u00eate<\/li>\n\n<li>Consentement pour le service Divers\u00a0<\/li>\n<\/ul>\n\n<h3 class=\"wp-block-heading\">7. Consent<\/h3>\n\n<p>Lors de votre premi\u00e8re visite sur notre site web, une fen\u00eatre contextuelle contenant des explications sur les cookies s&#039;affichera. En cliquant sur \u00ab\u00a0Enregistrer les pr\u00e9f\u00e9rences\u00a0\u00bb, vous acceptez notre utilisation des cat\u00e9gories de cookies et de plugins que vous avez s\u00e9lectionn\u00e9s dans la fen\u00eatre contextuelle, comme d\u00e9crit dans la pr\u00e9sente politique relative aux cookies. Vous pouvez d\u00e9sactiver les cookies via votre navigateur, mais veuillez noter que notre site web pourrait ne plus fonctionner correctement.<\/p>\n\n<h4 class=\"wp-block-heading\">7.1 G\u00e9rez vos param\u00e8tres de consentement<\/h4>\n\n<ul class=\"wp-block-list\">\n<li><strong>Fonctionnel<\/strong>\u00a0(Toujours actif)<\/li>\n\n<li><strong>Commercialisation<\/strong><\/li>\n<\/ul>\n\n<h3 class=\"wp-block-heading\">8. Activation\/d\u00e9sactivation et suppression des cookies<\/h3>\n\n<p>Vous pouvez utiliser votre navigateur Internet pour supprimer les cookies automatiquement ou manuellement. Vous pouvez \u00e9galement refuser l&#039;installation de certains cookies. Vous pouvez \u00e9galement configurer votre navigateur Internet afin de recevoir un message \u00e0 chaque fois qu&#039;un cookie est install\u00e9. Pour plus d&#039;informations sur ces options, veuillez consulter les instructions de la section \u00ab\u00a0Aide\u00a0\u00bb de votre navigateur.<\/p>\n\n<p>Veuillez noter que notre site web pourrait ne pas fonctionner correctement si vous d\u00e9sactivez tous les cookies. Si vous supprimez les cookies de votre navigateur, ils seront de nouveau install\u00e9s apr\u00e8s votre consentement lors de vos prochaines visites sur nos sites web.<\/p>\n\n<h3 class=\"wp-block-heading\">9. Vos droits concernant les donn\u00e9es personnelles<\/h3>\n\n<p>Vous disposez des droits suivants concernant vos donn\u00e9es personnelles :<\/p>\n\n<ul class=\"wp-block-list\">\n<li>Droit de savoir pourquoi vos donn\u00e9es personnelles sont n\u00e9cessaires, ce qu\u2019il adviendra d\u2019elles et combien de temps elles seront conserv\u00e9es.<\/li>\n\n<li><strong>Droit d&#039;acc\u00e8s<\/strong>: vous avez le droit d&#039;acc\u00e9der \u00e0 vos donn\u00e9es personnelles que nous connaissons.<\/li>\n\n<li><strong>Droit de rectification<\/strong>: vous avez le droit de compl\u00e9ter, de rectifier, de supprimer ou de bloquer vos donn\u00e9es personnelles quand vous le souhaitez.<\/li>\n\n<li>Si vous nous donnez votre consentement pour traiter vos donn\u00e9es, vous avez le droit de r\u00e9voquer ce consentement et de demander que vos donn\u00e9es personnelles soient supprim\u00e9es.<\/li>\n\n<li><strong>Droit \u00e0 la portabilit\u00e9 de vos donn\u00e9es<\/strong>: vous avez le droit de demander toutes vos donn\u00e9es personnelles au responsable du traitement et de les transf\u00e9rer dans leur int\u00e9gralit\u00e9 \u00e0 un autre responsable du traitement.<\/li>\n\n<li><strong>Droit d&#039;opposition<\/strong>Vous pouvez vous opposer au traitement de vos donn\u00e9es. Nous acc\u00e9derons \u00e0 cette demande, sauf si le traitement est justifi\u00e9.<\/li>\n<\/ul>\n\n<p>Pour exercer ces droits, veuillez nous contacter. Veuillez consulter les coordonn\u00e9es au bas de cette politique relative aux cookies. Si vous avez des r\u00e9clamations concernant la gestion de vos donn\u00e9es, n&#039;h\u00e9sitez pas \u00e0 nous en faire part. Vous avez \u00e9galement le droit de d\u00e9poser une r\u00e9clamation aupr\u00e8s de l&#039;autorit\u00e9 de contr\u00f4le (l&#039;autorit\u00e9 de protection des donn\u00e9es).<\/p>\n\n<h3 class=\"wp-block-heading\">10. Coordonn\u00e9es<\/h3>\n\n<p>Pour toute question et\/ou commentaire concernant notre politique en mati\u00e8re de cookies et cette d\u00e9claration, veuillez nous contacter en utilisant les coordonn\u00e9es suivantes :<\/p>\n\n<ul class=\"wp-block-list\">\n<li><strong>Entreprise: <\/strong>HORECATEK, SL<\/li>\n\n<li><strong>Num\u00e9ro d&#039;identification fiscale : <\/strong>B66758160<\/li>\n\n<li><strong>Responsable: <\/strong>Oscar Ribes Vilanova<\/li>\n\n<li><strong>Adresse: <\/strong>C\/Bac de Roda, 53<\/li>\n\n<li><strong>Code postal et population : <\/strong>08005 Barcelone (Barcelone)<\/li>\n\n<li><strong>T\u00e9l\u00e9phone:<\/strong>+34 653102398<\/li>\n<li><strong>E-mail: <\/strong><a href=\"mailto:info@flamia.es\" target=\"_blank\" rel=\"noopener\">info@flamia.es<\/a><\/li>\n<\/ul>\n\n<p>Cette politique de cookies a \u00e9t\u00e9 synchronis\u00e9e avec\u00a0<strong>cookiedatabase.org<\/strong>\u00a0le 01\/08\/2024.<\/p>\n\t\t\t\t\t\t\t\t<\/div>\n\t\t\t\t<\/div>\n\t\t\t\t\t<\/div>\n\t\t\t\t<\/div>\n\t\t\t\t<\/div>","protected":false},"excerpt":{"rendered":"<p>Politique relative aux cookies (UE) Cette politique relative aux cookies a \u00e9t\u00e9 mise \u00e0 jour le 08\/01\/2024 et s&#039;applique aux citoyens et r\u00e9sidents permanents l\u00e9gaux de l&#039;Espace \u00e9conomique europ\u00e9en et de la Suisse. 1. Introduction Notre site web, https:\/\/flamia.es\/ (ci-apr\u00e8s\u00a0: \u00ab\u00a0le site web\u00a0\u00bb), utilise des cookies et autres technologies similaires (par commodit\u00e9, toutes ces technologies sont d\u00e9sign\u00e9es par le terme \u00ab\u00a0cookies\u00a0\u00bb). Les cookies permettent \u00e9galement [\u2026]<\/p>","protected":false},"author":1,"featured_media":0,"parent":0,"menu_order":0,"comment_status":"closed","ping_status":"closed","template":"","meta":{"footnotes":""},"class_list":["post-17","page","type-page","status-publish","hentry"],"yoast_head":"<!-- This site is optimized with the Yoast SEO plugin v25.5 - https:\/\/yoast.com\/wordpress\/plugins\/seo\/ -->\n<title>Pol\u00edtica de Cookies - Flamia<\/title>\n<meta name=\"robots\" content=\"index, follow, max-snippet:-1, max-image-preview:large, max-video-preview:-1\" \/>\n<link rel=\"canonical\" href=\"https:\/\/flamia.es\/fr\/politica-de-cookies\/\" \/>\n<meta property=\"og:locale\" content=\"fr_FR\" \/>\n<meta property=\"og:type\" content=\"article\" \/>\n<meta property=\"og:title\" content=\"Pol\u00edtica de Cookies - Flamia\" \/>\n<meta property=\"og:description\" content=\"Pol\u00edtica de Cookies (UE) Aquesta pol\u00edtica de cookies va ser actualitzada per \u00faltima vegada el 08\/01\/2024 i s\u2019aplica als ciutadans i residents legals permanents de l\u2019Espai Econ\u00f2mic Europeu i Su\u00efssa. 1. Introducci\u00f3 El nostre web,\u00a0https:\/\/flamia.es\/\u00a0(d\u2019ara endavant: \u00abel web\u00bb), utilitza cookies i altres tecnologies relacionades (per comoditat, totes les tecnologies es denominen \u00abcookies\u00bb). Les cookies tamb\u00e9 [&hellip;]\" \/>\n<meta property=\"og:url\" content=\"https:\/\/flamia.es\/fr\/politica-de-cookies\/\" \/>\n<meta property=\"og:site_name\" content=\"Flamia\" \/>\n<meta property=\"article:modified_time\" content=\"2025-07-04T13:45:53+00:00\" \/>\n<meta name=\"twitter:card\" content=\"summary_large_image\" \/>\n<meta name=\"twitter:label1\" content=\"Dur\u00e9e de lecture estim\u00e9e\" \/>\n\t<meta name=\"twitter:data1\" content=\"4 minutes\" \/>\n<script type=\"application\/ld+json\" class=\"yoast-schema-graph\">{\"@context\":\"https:\/\/schema.org\",\"@graph\":[{\"@type\":\"WebPage\",\"@id\":\"https:\/\/flamia.es\/politica-de-cookies\/\",\"url\":\"https:\/\/flamia.es\/politica-de-cookies\/\",\"name\":\"Pol\u00edtica de Cookies - Flamia\",\"isPartOf\":{\"@id\":\"https:\/\/flamia.es\/#website\"},\"datePublished\":\"2025-03-28T18:59:36+00:00\",\"dateModified\":\"2025-07-04T13:45:53+00:00\",\"breadcrumb\":{\"@id\":\"https:\/\/flamia.es\/politica-de-cookies\/#breadcrumb\"},\"inLanguage\":\"fr-FR\",\"potentialAction\":[{\"@type\":\"ReadAction\",\"target\":[\"https:\/\/flamia.es\/politica-de-cookies\/\"]}]},{\"@type\":\"BreadcrumbList\",\"@id\":\"https:\/\/flamia.es\/politica-de-cookies\/#breadcrumb\",\"itemListElement\":[{\"@type\":\"ListItem\",\"position\":1,\"name\":\"Portada\",\"item\":\"https:\/\/flamia.es\/\"},{\"@type\":\"ListItem\",\"position\":2,\"name\":\"Pol\u00edtica de Cookies\"}]},{\"@type\":\"WebSite\",\"@id\":\"https:\/\/flamia.es\/#website\",\"url\":\"https:\/\/flamia.es\/\",\"name\":\"Horecatek\",\"description\":\"Planxes el\u00e8ctriques i cremadors de gas industrials\",\"potentialAction\":[{\"@type\":\"SearchAction\",\"target\":{\"@type\":\"EntryPoint\",\"urlTemplate\":\"https:\/\/flamia.es\/?s={search_term_string}\"},\"query-input\":{\"@type\":\"PropertyValueSpecification\",\"valueRequired\":true,\"valueName\":\"search_term_string\"}}],\"inLanguage\":\"fr-FR\"}]}<\/script>\n<!-- \/ Yoast SEO plugin. -->","yoast_head_json":{"title":"Politique relative aux cookies - Flamia","robots":{"index":"index","follow":"follow","max-snippet":"max-snippet:-1","max-image-preview":"max-image-preview:large","max-video-preview":"max-video-preview:-1"},"canonical":"https:\/\/flamia.es\/fr\/politica-de-cookies\/","og_locale":"fr_FR","og_type":"article","og_title":"Pol\u00edtica de Cookies - Flamia","og_description":"Pol\u00edtica de Cookies (UE) Aquesta pol\u00edtica de cookies va ser actualitzada per \u00faltima vegada el 08\/01\/2024 i s\u2019aplica als ciutadans i residents legals permanents de l\u2019Espai Econ\u00f2mic Europeu i Su\u00efssa. 1. Introducci\u00f3 El nostre web,\u00a0https:\/\/flamia.es\/\u00a0(d\u2019ara endavant: \u00abel web\u00bb), utilitza cookies i altres tecnologies relacionades (per comoditat, totes les tecnologies es denominen \u00abcookies\u00bb). Les cookies tamb\u00e9 [&hellip;]","og_url":"https:\/\/flamia.es\/fr\/politica-de-cookies\/","og_site_name":"Flamia","article_modified_time":"2025-07-04T13:45:53+00:00","twitter_card":"summary_large_image","twitter_misc":{"Dur\u00e9e de lecture estim\u00e9e":"4 minutes"},"schema":{"@context":"https:\/\/schema.org","@graph":[{"@type":"WebPage","@id":"https:\/\/flamia.es\/politica-de-cookies\/","url":"https:\/\/flamia.es\/politica-de-cookies\/","name":"Politique relative aux cookies - Flamia","isPartOf":{"@id":"https:\/\/flamia.es\/#website"},"datePublished":"2025-03-28T18:59:36+00:00","dateModified":"2025-07-04T13:45:53+00:00","breadcrumb":{"@id":"https:\/\/flamia.es\/politica-de-cookies\/#breadcrumb"},"inLanguage":"fr-FR","potentialAction":[{"@type":"ReadAction","target":["https:\/\/flamia.es\/politica-de-cookies\/"]}]},{"@type":"BreadcrumbList","@id":"https:\/\/flamia.es\/politica-de-cookies\/#breadcrumb","itemListElement":[{"@type":"ListItem","position":1,"name":"Portada","item":"https:\/\/flamia.es\/"},{"@type":"ListItem","position":2,"name":"Pol\u00edtica de Cookies"}]},{"@type":"WebSite","@id":"https:\/\/flamia.es\/#website","url":"https:\/\/flamia.es\/","name":"Horecatech","description":"Fers \u00e0 repasser \u00e9lectriques et br\u00fbleurs \u00e0 gaz industriels","potentialAction":[{"@type":"SearchAction","target":{"@type":"EntryPoint","urlTemplate":"https:\/\/flamia.es\/?s={search_term_string}"},"query-input":{"@type":"PropertyValueSpecification","valueRequired":true,"valueName":"search_term_string"}}],"inLanguage":"fr-FR"}]}},"_links":{"self":[{"href":"https:\/\/flamia.es\/fr\/wp-json\/wp\/v2\/pages\/17","targetHints":{"allow":["GET"]}}],"collection":[{"href":"https:\/\/flamia.es\/fr\/wp-json\/wp\/v2\/pages"}],"about":[{"href":"https:\/\/flamia.es\/fr\/wp-json\/wp\/v2\/types\/page"}],"author":[{"embeddable":true,"href":"https:\/\/flamia.es\/fr\/wp-json\/wp\/v2\/users\/1"}],"replies":[{"embeddable":true,"href":"https:\/\/flamia.es\/fr\/wp-json\/wp\/v2\/comments?post=17"}],"version-history":[{"count":0,"href":"https:\/\/flamia.es\/fr\/wp-json\/wp\/v2\/pages\/17\/revisions"}],"wp:attachment":[{"href":"https:\/\/flamia.es\/fr\/wp-json\/wp\/v2\/media?parent=17"}],"curies":[{"name":"wp","href":"https:\/\/api.w.org\/{rel}","templated":true}]}}