{"id":19,"date":"2025-03-28T16:04:18","date_gmt":"2025-03-28T19:04:18","guid":{"rendered":"https:\/\/innovacon.simplificandotuweb.com\/?page_id=19"},"modified":"2025-07-04T15:45:12","modified_gmt":"2025-07-04T13:45:12","slug":"avis-legal","status":"publish","type":"page","link":"https:\/\/flamia.es\/fr\/avis-legal\/","title":{"rendered":"Mentions l\u00e9gales"},"content":{"rendered":"<div data-elementor-type=\"wp-page\" data-elementor-id=\"19\" class=\"elementor elementor-19\" data-elementor-post-type=\"page\">\n\t\t\t\t<div class=\"elementor-element elementor-element-239ad5ac e-flex e-con-boxed e-con e-parent\" data-id=\"239ad5ac\" data-element_type=\"container\">\n\t\t\t\t\t<div class=\"e-con-inner\">\n\t\t\t\t<div class=\"elementor-element elementor-element-bf13866 elementor-widget elementor-widget-heading\" data-id=\"bf13866\" data-element_type=\"widget\" data-widget_type=\"heading.default\">\n\t\t\t\t<div class=\"elementor-widget-container\">\n\t\t\t\t\t<h2 class=\"elementor-heading-title elementor-size-default\">Mentions l\u00e9gales<\/h2>\t\t\t\t<\/div>\n\t\t\t\t<\/div>\n\t\t\t\t<div class=\"elementor-element elementor-element-746ab3a6 elementor-widget elementor-widget-text-editor\" data-id=\"746ab3a6\" data-element_type=\"widget\" data-widget_type=\"text-editor.default\">\n\t\t\t\t<div class=\"elementor-widget-container\">\n\t\t\t\t\t\t\t\t\t\n<h3 class=\"wp-block-heading\">Responsable du traitement des donn\u00e9es<\/h3>\n\n<p>Conform\u00e9ment au devoir d&#039;information \u00e9tabli par la loi 34\/2002, du 11 juillet, sur les services de la soci\u00e9t\u00e9 de l&#039;information et du commerce \u00e9lectronique, nous vous informons que ce site Web est la propri\u00e9t\u00e9 de :<\/p>\n\n<ul class=\"wp-block-list\">\n<li><strong>Entreprise: <\/strong>HORECATEK, SL<\/li>\n\n<li><strong>Num\u00e9ro d&#039;identification fiscale : <\/strong>B66758160<\/li>\n\n<li><strong>Responsable: <\/strong>Oscar Ribes Vilanova<\/li>\n\n<li><strong>Adresse: <\/strong>C\/Bac de Roda, 53<\/li>\n\n<li><strong>Code postal et population : <\/strong>08005 Barcelone (Barcelone)<\/li>\n\n<li><strong>T\u00e9l\u00e9phone:<\/strong>+34 653102398<\/li>\n\n<li><strong>E-mail: <\/strong><a href=\"mailto:info@flamia.es\" target=\"_blank\" rel=\"noopener\">info@flamia.es<\/a><\/li>\n<\/ul>\n\n<h3 class=\"wp-block-heading\">Objet<\/h3>\n\n<p>Le Responsable met \u00e0 la disposition des utilisateurs ce document avec lequel il entend se conformer aux dispositions de la r\u00e9glementation en vigueur en mati\u00e8re de protection des donn\u00e9es, et dans le cadre du nouveau cadre r\u00e9glementaire \u00e9tabli en vertu des dispositions du R\u00e8glement (UE) 2016\/679 du Parlement europ\u00e9en et du Conseil, du 27 avril 2016, relatif \u00e0 la protection des personnes physiques \u00e0 l&#039;\u00e9gard du traitement des donn\u00e9es \u00e0 caract\u00e8re personnel et \u00e0 la libre circulation de ces donn\u00e9es (ci-apr\u00e8s, le \u00ab RGPD \u00bb), et des r\u00e9glementations nationales en mati\u00e8re de protection des donn\u00e9es \u00e0 caract\u00e8re personnel, ainsi que pour informer tous les utilisateurs du site Web sur les conditions d&#039;utilisation de celui-ci.<\/p>\n\n<p>Toute personne qui acc\u00e8de \u00e0 ce site Web assume le r\u00f4le d&#039;utilisateur, s&#039;engageant \u00e0 respecter strictement les dispositions \u00e9nonc\u00e9es ici, ainsi que toute autre disposition l\u00e9gale applicable.<\/p>\n\n<p>Le Responsable se r\u00e9serve le droit de modifier tout type d&#039;information pouvant appara\u00eetre sur le site Web, sans aucune obligation de pr\u00e9avis ni d&#039;information des utilisateurs de ces modifications, la publication sur le site Web du Responsable \u00e9tant consid\u00e9r\u00e9e comme suffisante.<\/p>\n\n<h3 class=\"wp-block-heading\">Responsabilit\u00e9<\/h3>\n\n<p>Le Responsable est exon\u00e9r\u00e9 de tout type de responsabilit\u00e9 d\u00e9coulant des informations publi\u00e9es sur son site Web, \u00e0 condition que ces informations aient \u00e9t\u00e9 manipul\u00e9es ou saisies par un tiers \u00e9tranger \u00e0 lui.<\/p>\n\n<h3 class=\"wp-block-heading\">adresses IP<\/h3>\n\n<p>Les serveurs du site web peuvent d\u00e9tecter automatiquement l&#039;adresse IP et le nom de domaine utilis\u00e9s par l&#039;utilisateur. Une adresse IP est un num\u00e9ro automatiquement attribu\u00e9 \u00e0 un ordinateur lorsqu&#039;il se connecte \u00e0 Internet.<\/p>\n\n<p>Toutes ces informations sont enregistr\u00e9es dans un fichier d&#039;activit\u00e9 du serveur, d\u00fbment enregistr\u00e9, qui permet le traitement ult\u00e9rieur des donn\u00e9es pour obtenir des mesures exclusivement statistiques qui nous permettent de conna\u00eetre le nombre d&#039;impressions de pages, le nombre de visites effectu\u00e9es sur les serveurs Web, l&#039;ordre des visites, le point d&#039;acc\u00e8s, etc.<\/p>\n\n<h3 class=\"wp-block-heading\">Politique de liens<\/h3>\n\n<p>Depuis ce site web, il est possible d&#039;\u00eatre redirig\u00e9 vers des contenus de sites web tiers. Dans la mesure o\u00f9 le Responsable ne peut pas toujours contr\u00f4ler le contenu introduit par des tiers sur ses sites web, il d\u00e9cline toute responsabilit\u00e9 quant \u00e0 ce contenu.<\/p>\n\n<p>Dans tous les cas, le Responsable d\u00e9clare qu&#039;il proc\u00e9dera au retrait imm\u00e9diat de tout contenu susceptible de contrevenir \u00e0 la l\u00e9gislation nationale ou internationale, \u00e0 la morale ou \u00e0 l&#039;ordre public, en supprimant la redirection vers ce site Web et en informant les autorit\u00e9s comp\u00e9tentes du contenu en question.<\/p>\n\n<p>Le Responsable n&#039;est pas responsable des informations et contenus stock\u00e9s, \u00e0 titre d&#039;exemple mais non limitatif, dans les forums, chats, g\u00e9n\u00e9rateurs de blogs, commentaires, r\u00e9seaux sociaux ou tout autre moyen permettant \u00e0 des tiers de publier du contenu de mani\u00e8re ind\u00e9pendante sur le site Web du Responsable.<\/p>\n\n<p>Toutefois, et conform\u00e9ment aux dispositions des articles 11 et 16 de la LSSICE, le Responsable se met \u00e0 la disposition de tous les utilisateurs, autorit\u00e9s et forces de s\u00e9curit\u00e9, en collaborant activement au retrait ou, le cas \u00e9ch\u00e9ant, au blocage de tout contenu susceptible d&#039;affecter ou de contrevenir \u00e0 la l\u00e9gislation nationale ou internationale, aux droits des tiers, ou \u00e0 la morale et \u00e0 l&#039;ordre public.<\/p>\n\n<p>Si l&#039;utilisateur consid\u00e8re qu&#039;il existe un contenu sur le site Web susceptible d&#039;\u00eatre susceptible d&#039;\u00eatre class\u00e9 dans cette cat\u00e9gorie, veuillez en informer imm\u00e9diatement l&#039;administrateur du site Web.<\/p>\n\n<p>Ce site web a \u00e9t\u00e9 v\u00e9rifi\u00e9 et test\u00e9 afin de garantir son bon fonctionnement. En principe, son bon fonctionnement est garanti 365 jours par an, 24 heures sur 24.<\/p>\n\n<p>Toutefois, le Responsable n&#039;exclut pas la possibilit\u00e9 qu&#039;il puisse y avoir certaines erreurs de programmation ou que des causes de force majeure, des catastrophes naturelles, des gr\u00e8ves ou des circonstances similaires puissent survenir qui rendent l&#039;acc\u00e8s au site Web impossible.<\/p>\n\n<h3 class=\"wp-block-heading\">Protection des donn\u00e9es<\/h3>\n\n<p>Le Responsable du traitement est profond\u00e9ment engag\u00e9 \u00e0 respecter les dispositions de la r\u00e9glementation en vigueur en mati\u00e8re de protection des donn\u00e9es, et dans le cadre du nouveau cadre r\u00e9glementaire \u00e9tabli en vertu des dispositions du R\u00e8glement (UE) 2016\/679 du Parlement europ\u00e9en et du Conseil du 27 avril 2016 relatif \u00e0 la protection des personnes physiques \u00e0 l&#039;\u00e9gard du traitement des donn\u00e9es \u00e0 caract\u00e8re personnel et \u00e0 la libre circulation de ces donn\u00e9es (ci-apr\u00e8s, le RGPD), et des r\u00e9glementations nationales en mati\u00e8re de protection des donn\u00e9es \u00e0 caract\u00e8re personnel.<\/p>\n\n<p>De m\u00eame, le Responsable informe qu&#039;il se conforme \u00e0 la loi 34\/2002, du 11 juillet, sur les services de la soci\u00e9t\u00e9 de l&#039;information et du commerce \u00e9lectronique et demandera \u00e0 tout moment le consentement pour le traitement de vos donn\u00e9es \u00e0 des fins commerciales.<\/p>\n\n<h3 class=\"wp-block-heading\">Propri\u00e9t\u00e9 intellectuelle et industrielle<\/h3>\n\n<p>Le site Web, y compris, mais sans s&#039;y limiter, sa programmation, son \u00e9dition, sa compilation et d&#039;autres \u00e9l\u00e9ments n\u00e9cessaires \u00e0 son fonctionnement, les conceptions, logos, textes et\/ou graphiques sont la propri\u00e9t\u00e9 du Responsable ou, le cas \u00e9ch\u00e9ant, disposent d&#039;une licence ou d&#039;une autorisation expresse des auteurs.<\/p>\n\n<p>Tous les contenus du site web sont prot\u00e9g\u00e9s par la r\u00e9glementation sur la propri\u00e9t\u00e9 intellectuelle et industrielle. Quelle que soit leur finalit\u00e9, leur reproduction, utilisation, exploitation, distribution et commercialisation, totales ou partielles, n\u00e9cessitent l&#039;autorisation \u00e9crite pr\u00e9alable du Responsable.<\/p>\n\n<p>Toute utilisation non pr\u00e9alablement autoris\u00e9e par le Responsable sera consid\u00e9r\u00e9e comme une violation grave des droits de propri\u00e9t\u00e9 intellectuelle ou industrielle de l&#039;auteur.<\/p>\n\n<p>Les dessins, logos, textes et\/ou graphiques qui n&#039;appartiennent pas au prestataire et qui peuvent appara\u00eetre sur le site Web appartiennent \u00e0 leurs propri\u00e9taires respectifs, qui sont responsables de toute \u00e9ventuelle controverse pouvant survenir \u00e0 leur sujet.<\/p>\n\n<p>Dans tous les cas, le Responsable dispose de l&#039;autorisation expresse et pr\u00e9alable de ces derniers.<\/p>\n\n<p>Le Responsable autorise express\u00e9ment les tiers \u00e0 rediriger directement vers des contenus sp\u00e9cifiques du site Web, et dans tous les cas, ils doivent rediriger vers la page principale du site Web du Responsable.<\/p>\n\n<p>Le Responsable reconna\u00eet en faveur de leurs titulaires les droits de propri\u00e9t\u00e9 intellectuelle et industrielle correspondants, et le fait qu&#039;ils apparaissent sur le site Web n&#039;implique pas l&#039;existence de droits ou de responsabilit\u00e9 du Responsable sur eux, ni de soutien, de parrainage ou de recommandation de sa part.<\/p>\n\n<p>Pour faire des observations sur d&#039;\u00e9ventuelles violations des droits de propri\u00e9t\u00e9 intellectuelle ou industrielle, ainsi que sur tout contenu du site, vous pouvez le faire via l&#039;e-mail suivant :\u00a0<strong><a href=\"mailto:oscar.ribes@randstech.com\" target=\"_blank\" rel=\"noreferrer noopener\">info@flamia.es<\/a><\/strong><\/p>\n\t\t\t\t\t\t\t\t<\/div>\n\t\t\t\t<\/div>\n\t\t\t\t\t<\/div>\n\t\t\t\t<\/div>\n\t\t\t\t<\/div>","protected":false},"excerpt":{"rendered":"<p>Responsable del tractament de les dades En compliment del deure d\u2019informaci\u00f3 que estableix la Llei 34\/2002, d\u201911 de juliol, de Serveis de la Societat de la Informaci\u00f3 i del Comer\u00e7 Electr\u00f2nic, us comuniquem que aquesta web \u00e9s titularitat de: Objecte El Responsable posa a disposici\u00f3 dels usuaris aquest document amb el qual pret\u00e9n complir el [&hellip;]<\/p>","protected":false},"author":1,"featured_media":0,"parent":0,"menu_order":0,"comment_status":"closed","ping_status":"closed","template":"","meta":{"footnotes":""},"class_list":["post-19","page","type-page","status-publish","hentry"],"yoast_head":"<!-- This site is optimized with the Yoast SEO plugin v25.5 - https:\/\/yoast.com\/wordpress\/plugins\/seo\/ -->\n<title>Av\u00eds Legal - Flamia<\/title>\n<meta name=\"robots\" content=\"index, follow, max-snippet:-1, max-image-preview:large, max-video-preview:-1\" \/>\n<link rel=\"canonical\" href=\"https:\/\/flamia.es\/fr\/avis-legal\/\" \/>\n<meta property=\"og:locale\" content=\"fr_FR\" \/>\n<meta property=\"og:type\" content=\"article\" \/>\n<meta property=\"og:title\" content=\"Av\u00eds Legal - Flamia\" \/>\n<meta property=\"og:description\" content=\"Responsable del tractament de les dades En compliment del deure d\u2019informaci\u00f3 que estableix la Llei 34\/2002, d\u201911 de juliol, de Serveis de la Societat de la Informaci\u00f3 i del Comer\u00e7 Electr\u00f2nic, us comuniquem que aquesta web \u00e9s titularitat de: Objecte El Responsable posa a disposici\u00f3 dels usuaris aquest document amb el qual pret\u00e9n complir el [&hellip;]\" \/>\n<meta property=\"og:url\" content=\"https:\/\/flamia.es\/fr\/avis-legal\/\" \/>\n<meta property=\"og:site_name\" content=\"Flamia\" \/>\n<meta property=\"article:modified_time\" content=\"2025-07-04T13:45:12+00:00\" \/>\n<meta name=\"twitter:card\" content=\"summary_large_image\" \/>\n<meta name=\"twitter:label1\" content=\"Dur\u00e9e de lecture estim\u00e9e\" \/>\n\t<meta name=\"twitter:data1\" content=\"6 minutes\" \/>\n<script type=\"application\/ld+json\" class=\"yoast-schema-graph\">{\"@context\":\"https:\/\/schema.org\",\"@graph\":[{\"@type\":\"WebPage\",\"@id\":\"https:\/\/flamia.es\/avis-legal\/\",\"url\":\"https:\/\/flamia.es\/avis-legal\/\",\"name\":\"Av\u00eds Legal - Flamia\",\"isPartOf\":{\"@id\":\"https:\/\/flamia.es\/#website\"},\"datePublished\":\"2025-03-28T19:04:18+00:00\",\"dateModified\":\"2025-07-04T13:45:12+00:00\",\"breadcrumb\":{\"@id\":\"https:\/\/flamia.es\/avis-legal\/#breadcrumb\"},\"inLanguage\":\"fr-FR\",\"potentialAction\":[{\"@type\":\"ReadAction\",\"target\":[\"https:\/\/flamia.es\/avis-legal\/\"]}]},{\"@type\":\"BreadcrumbList\",\"@id\":\"https:\/\/flamia.es\/avis-legal\/#breadcrumb\",\"itemListElement\":[{\"@type\":\"ListItem\",\"position\":1,\"name\":\"Portada\",\"item\":\"https:\/\/flamia.es\/\"},{\"@type\":\"ListItem\",\"position\":2,\"name\":\"Av\u00eds Legal\"}]},{\"@type\":\"WebSite\",\"@id\":\"https:\/\/flamia.es\/#website\",\"url\":\"https:\/\/flamia.es\/\",\"name\":\"Horecatek\",\"description\":\"Planxes el\u00e8ctriques i cremadors de gas industrials\",\"potentialAction\":[{\"@type\":\"SearchAction\",\"target\":{\"@type\":\"EntryPoint\",\"urlTemplate\":\"https:\/\/flamia.es\/?s={search_term_string}\"},\"query-input\":{\"@type\":\"PropertyValueSpecification\",\"valueRequired\":true,\"valueName\":\"search_term_string\"}}],\"inLanguage\":\"fr-FR\"}]}<\/script>\n<!-- \/ Yoast SEO plugin. -->","yoast_head_json":{"title":"Av\u00eds Legal - Flamia","robots":{"index":"index","follow":"follow","max-snippet":"max-snippet:-1","max-image-preview":"max-image-preview:large","max-video-preview":"max-video-preview:-1"},"canonical":"https:\/\/flamia.es\/fr\/avis-legal\/","og_locale":"fr_FR","og_type":"article","og_title":"Av\u00eds Legal - Flamia","og_description":"Responsable del tractament de les dades En compliment del deure d\u2019informaci\u00f3 que estableix la Llei 34\/2002, d\u201911 de juliol, de Serveis de la Societat de la Informaci\u00f3 i del Comer\u00e7 Electr\u00f2nic, us comuniquem que aquesta web \u00e9s titularitat de: Objecte El Responsable posa a disposici\u00f3 dels usuaris aquest document amb el qual pret\u00e9n complir el [&hellip;]","og_url":"https:\/\/flamia.es\/fr\/avis-legal\/","og_site_name":"Flamia","article_modified_time":"2025-07-04T13:45:12+00:00","twitter_card":"summary_large_image","twitter_misc":{"Dur\u00e9e de lecture estim\u00e9e":"6 minutes"},"schema":{"@context":"https:\/\/schema.org","@graph":[{"@type":"WebPage","@id":"https:\/\/flamia.es\/avis-legal\/","url":"https:\/\/flamia.es\/avis-legal\/","name":"Av\u00eds Legal - Flamia","isPartOf":{"@id":"https:\/\/flamia.es\/#website"},"datePublished":"2025-03-28T19:04:18+00:00","dateModified":"2025-07-04T13:45:12+00:00","breadcrumb":{"@id":"https:\/\/flamia.es\/avis-legal\/#breadcrumb"},"inLanguage":"fr-FR","potentialAction":[{"@type":"ReadAction","target":["https:\/\/flamia.es\/avis-legal\/"]}]},{"@type":"BreadcrumbList","@id":"https:\/\/flamia.es\/avis-legal\/#breadcrumb","itemListElement":[{"@type":"ListItem","position":1,"name":"Portada","item":"https:\/\/flamia.es\/"},{"@type":"ListItem","position":2,"name":"Av\u00eds Legal"}]},{"@type":"WebSite","@id":"https:\/\/flamia.es\/#website","url":"https:\/\/flamia.es\/","name":"Horecatech","description":"Fers \u00e0 repasser \u00e9lectriques et br\u00fbleurs \u00e0 gaz industriels","potentialAction":[{"@type":"SearchAction","target":{"@type":"EntryPoint","urlTemplate":"https:\/\/flamia.es\/?s={search_term_string}"},"query-input":{"@type":"PropertyValueSpecification","valueRequired":true,"valueName":"search_term_string"}}],"inLanguage":"fr-FR"}]}},"_links":{"self":[{"href":"https:\/\/flamia.es\/fr\/wp-json\/wp\/v2\/pages\/19","targetHints":{"allow":["GET"]}}],"collection":[{"href":"https:\/\/flamia.es\/fr\/wp-json\/wp\/v2\/pages"}],"about":[{"href":"https:\/\/flamia.es\/fr\/wp-json\/wp\/v2\/types\/page"}],"author":[{"embeddable":true,"href":"https:\/\/flamia.es\/fr\/wp-json\/wp\/v2\/users\/1"}],"replies":[{"embeddable":true,"href":"https:\/\/flamia.es\/fr\/wp-json\/wp\/v2\/comments?post=19"}],"version-history":[{"count":0,"href":"https:\/\/flamia.es\/fr\/wp-json\/wp\/v2\/pages\/19\/revisions"}],"wp:attachment":[{"href":"https:\/\/flamia.es\/fr\/wp-json\/wp\/v2\/media?parent=19"}],"curies":[{"name":"wp","href":"https:\/\/api.w.org\/{rel}","templated":true}]}}