{"id":20,"date":"2025-03-28T16:05:29","date_gmt":"2025-03-28T19:05:29","guid":{"rendered":"https:\/\/innovacon.simplificandotuweb.com\/?page_id=20"},"modified":"2025-05-13T16:44:53","modified_gmt":"2025-05-13T14:44:53","slug":"declaracio-daccessibilitat","status":"publish","type":"page","link":"https:\/\/flamia.es\/fr\/declaracio-daccessibilitat\/","title":{"rendered":"D\u00e9claration d&#039;accessibilit\u00e9"},"content":{"rendered":"<div data-elementor-type=\"wp-page\" data-elementor-id=\"20\" class=\"elementor elementor-20\" data-elementor-post-type=\"page\">\n\t\t\t\t<div class=\"elementor-element elementor-element-4894de47 e-flex e-con-boxed e-con e-parent\" data-id=\"4894de47\" data-element_type=\"container\">\n\t\t\t\t\t<div class=\"e-con-inner\">\n\t\t\t\t<div class=\"elementor-element elementor-element-5878d0b elementor-widget elementor-widget-heading\" data-id=\"5878d0b\" data-element_type=\"widget\" data-widget_type=\"heading.default\">\n\t\t\t\t<div class=\"elementor-widget-container\">\n\t\t\t\t\t<h2 class=\"elementor-heading-title elementor-size-default\">D\u00e9claration d&#039;accessibilit\u00e9<\/h2>\t\t\t\t<\/div>\n\t\t\t\t<\/div>\n\t\t\t\t<div class=\"elementor-element elementor-element-547ffcab elementor-widget elementor-widget-text-editor\" data-id=\"547ffcab\" data-element_type=\"widget\" data-widget_type=\"text-editor.default\">\n\t\t\t\t<div class=\"elementor-widget-container\">\n\t\t\t\t\t\t\t\t\t\n<p><strong>HORECATEK, SL<\/strong> s&#039;engage \u00e0 rendre son site web accessible, conform\u00e9ment au d\u00e9cret royal 1112\/2018 du 7 septembre relatif \u00e0 l&#039;accessibilit\u00e9 des sites web et des applications mobiles du secteur public. Cette d\u00e9claration d&#039;accessibilit\u00e9 s&#039;applique \u00e0 ce site web.<\/p>\n\n\n\n<h3 class=\"wp-block-heading\">\u00c9tat de conformit\u00e9<\/h3>\n\n\n\n<p>Ce site Web est d\u00e9velopp\u00e9 conform\u00e9ment au RD 1112\/2018.<\/p>\n\n\n\n<h3 class=\"wp-block-heading\">Pr\u00e9paration de la prochaine d\u00e9claration d&#039;accessibilit\u00e9<\/h3>\n\n\n\n<p>Cette d\u00e9claration a \u00e9t\u00e9 pr\u00e9par\u00e9e le 20 avril 2023. La m\u00e9thode utilis\u00e9e pour pr\u00e9parer la d\u00e9claration \u00e9tait une auto-\u00e9valuation.<\/p>\n\n\n\n<h3 class=\"wp-block-heading\">Observations et coordonn\u00e9es<\/h3>\n\n\n\n<p>Vous pouvez faire des communications sur les exigences d&#039;accessibilit\u00e9 (article 10.2.a du RD 1112\/2018) telles que :<\/p>\n\n\n\n<ul class=\"wp-block-list\">\n<li>Signalez toute violation \u00e9ventuelle de ce site Web.<\/li>\n\n\n\n<li>Transmettez d\u2019autres difficult\u00e9s d\u2019acc\u00e8s au contenu.<\/li>\n\n\n\n<li>Faites toute autre question ou suggestion d&#039;am\u00e9lioration concernant l&#039;accessibilit\u00e9 du site via le formulaire de contact sur ce site ou via le num\u00e9ro de t\u00e9l\u00e9phone.<\/li>\n<\/ul>\n\n\n\n<p>Vous pouvez pr\u00e9senter :<\/p>\n\n\n\n<ul class=\"wp-block-list\">\n<li>R\u00e9clamation concernant le respect des exigences du RD 1112\/2018.<\/li>\n\n\n\n<li>Demande d&#039;information accessible concernant :\n<ul class=\"wp-block-list\">\n<li>Contenus exclus du champ d&#039;application du RD 1112\/2018 tel qu&#039;\u00e9tabli \u00e0 l&#039;article 3, paragraphe 4.<\/li>\n\n\n\n<li>Contenu exempt\u00e9 de la conformit\u00e9 aux exigences d\u2019accessibilit\u00e9 pour imposer une charge disproportionn\u00e9e.<\/li>\n<\/ul>\n<\/li>\n<\/ul>\n\n\n\n<p>Dans la demande d\u2019information accessible, il est n\u00e9cessaire de pr\u00e9ciser, en toute clart\u00e9, les faits, les motifs et la demande qui permettent d\u2019\u00e9tablir qu\u2019il s\u2019agit d\u2019une demande raisonnable et l\u00e9gitime.<\/p>\n\n\n\n<p>Les plaintes et r\u00e9clamations concernant les informations accessibles seront faites via le bureau \u00e9lectronique (<a href=\"https:\/\/sede.red.gob.es\/procedimientos\/quejas-y-sugerencias\"><strong>https:\/\/sede.red.gob.es\/procedimientos\/quejas-y-sugerencias<\/strong><\/a>) et seront re\u00e7us et trait\u00e9s par le d\u00e9partement des Syst\u00e8mes d&#039;Information de Red.es.<\/p>\n\n\n\n<h3 class=\"wp-block-heading\">Contenu facultatif<\/h3>\n\n\n\n<p>Si vous souhaitez modifier la taille de la police du texte dans les principaux navigateurs graphiques, utilisez les menus suivants\u00a0:<\/p>\n\n\n\n<ul class=\"wp-block-list\">\n<li><strong>Safari<\/strong>: Affichage &gt; Agrandir le texte<\/li>\n\n\n\n<li><strong>Chrome<\/strong>: Contr\u00f4ler la page actuelle &gt; Taille du texte<\/li>\n<\/ul>\n\n\n\n<p>Pour redimensionner tout sur la page\u00a0:<\/p>\n\n\n\n<ul class=\"wp-block-list\">\n<li><strong>Ctrl++<\/strong>&nbsp;pour l&#039;augmenter<\/li>\n\n\n\n<li><strong>Ctrl + \u2013<\/strong>&nbsp;pour le r\u00e9duire<\/li>\n\n\n\n<li><strong>Ctrl + 0<\/strong>&nbsp;restaure la taille du texte d&#039;origine<\/li>\n<\/ul>\n\n\n\n<p>Si vous souhaitez remplacer la feuille de style ou modifier la couleur du texte, vous pouvez consulter la page&nbsp;<em>Comment modifier la taille ou les couleurs du texte<\/em>&nbsp;du WAI, qui peut \u00eatre lu traduit en espagnol \u00e0&nbsp;<em>Comment changer la taille ou les couleurs du texte ?<\/em><\/p>\n\t\t\t\t\t\t\t\t<\/div>\n\t\t\t\t<\/div>\n\t\t\t\t\t<\/div>\n\t\t\t\t<\/div>\n\t\t\t\t<\/div>","protected":false},"excerpt":{"rendered":"<p>HORECATEK, S.L. ha comprom\u00e8s a fer accessible el seu lloc web, d\u2019acord amb el Reial decret 1112\/2018, de 7 de setembre, sobre accessibilitat dels llocs web i aplicacions per a dispositius m\u00f2bils del sector p\u00fablic. Aquesta declaraci\u00f3 d\u2019accessibilitat s\u2019aplica a aquest web. Situaci\u00f3 de compliment Aquest lloc web est\u00e0 desenvolupat segons el RD 1112\/2018. Preparaci\u00f3 [&hellip;]<\/p>","protected":false},"author":1,"featured_media":0,"parent":0,"menu_order":0,"comment_status":"closed","ping_status":"closed","template":"","meta":{"footnotes":""},"class_list":["post-20","page","type-page","status-publish","hentry"],"yoast_head":"<!-- This site is optimized with the Yoast SEO plugin v25.5 - https:\/\/yoast.com\/wordpress\/plugins\/seo\/ -->\n<title>Declaraci\u00f3 d\u2019accessibilitat - Flamia<\/title>\n<meta name=\"robots\" content=\"index, follow, max-snippet:-1, max-image-preview:large, max-video-preview:-1\" \/>\n<link rel=\"canonical\" href=\"https:\/\/flamia.es\/fr\/declaracio-daccessibilitat\/\" \/>\n<meta property=\"og:locale\" content=\"fr_FR\" \/>\n<meta property=\"og:type\" content=\"article\" \/>\n<meta property=\"og:title\" content=\"Declaraci\u00f3 d\u2019accessibilitat - Flamia\" \/>\n<meta property=\"og:description\" content=\"HORECATEK, S.L. ha comprom\u00e8s a fer accessible el seu lloc web, d\u2019acord amb el Reial decret 1112\/2018, de 7 de setembre, sobre accessibilitat dels llocs web i aplicacions per a dispositius m\u00f2bils del sector p\u00fablic. Aquesta declaraci\u00f3 d\u2019accessibilitat s\u2019aplica a aquest web. Situaci\u00f3 de compliment Aquest lloc web est\u00e0 desenvolupat segons el RD 1112\/2018. Preparaci\u00f3 [&hellip;]\" \/>\n<meta property=\"og:url\" content=\"https:\/\/flamia.es\/fr\/declaracio-daccessibilitat\/\" \/>\n<meta property=\"og:site_name\" content=\"Flamia\" \/>\n<meta property=\"article:modified_time\" content=\"2025-05-13T14:44:53+00:00\" \/>\n<meta name=\"twitter:card\" content=\"summary_large_image\" \/>\n<meta name=\"twitter:label1\" content=\"Dur\u00e9e de lecture estim\u00e9e\" \/>\n\t<meta name=\"twitter:data1\" content=\"2 minutes\" \/>\n<script type=\"application\/ld+json\" class=\"yoast-schema-graph\">{\"@context\":\"https:\/\/schema.org\",\"@graph\":[{\"@type\":\"WebPage\",\"@id\":\"https:\/\/flamia.es\/declaracio-daccessibilitat\/\",\"url\":\"https:\/\/flamia.es\/declaracio-daccessibilitat\/\",\"name\":\"Declaraci\u00f3 d\u2019accessibilitat - Flamia\",\"isPartOf\":{\"@id\":\"https:\/\/flamia.es\/#website\"},\"datePublished\":\"2025-03-28T19:05:29+00:00\",\"dateModified\":\"2025-05-13T14:44:53+00:00\",\"breadcrumb\":{\"@id\":\"https:\/\/flamia.es\/declaracio-daccessibilitat\/#breadcrumb\"},\"inLanguage\":\"fr-FR\",\"potentialAction\":[{\"@type\":\"ReadAction\",\"target\":[\"https:\/\/flamia.es\/declaracio-daccessibilitat\/\"]}]},{\"@type\":\"BreadcrumbList\",\"@id\":\"https:\/\/flamia.es\/declaracio-daccessibilitat\/#breadcrumb\",\"itemListElement\":[{\"@type\":\"ListItem\",\"position\":1,\"name\":\"Portada\",\"item\":\"https:\/\/flamia.es\/\"},{\"@type\":\"ListItem\",\"position\":2,\"name\":\"Declaraci\u00f3 d\u2019accessibilitat\"}]},{\"@type\":\"WebSite\",\"@id\":\"https:\/\/flamia.es\/#website\",\"url\":\"https:\/\/flamia.es\/\",\"name\":\"Horecatek\",\"description\":\"Planxes el\u00e8ctriques i cremadors de gas industrials\",\"potentialAction\":[{\"@type\":\"SearchAction\",\"target\":{\"@type\":\"EntryPoint\",\"urlTemplate\":\"https:\/\/flamia.es\/?s={search_term_string}\"},\"query-input\":{\"@type\":\"PropertyValueSpecification\",\"valueRequired\":true,\"valueName\":\"search_term_string\"}}],\"inLanguage\":\"fr-FR\"}]}<\/script>\n<!-- \/ Yoast SEO plugin. -->","yoast_head_json":{"title":"Declaraci\u00f3 d\u2019accessibilitat - Flamia","robots":{"index":"index","follow":"follow","max-snippet":"max-snippet:-1","max-image-preview":"max-image-preview:large","max-video-preview":"max-video-preview:-1"},"canonical":"https:\/\/flamia.es\/fr\/declaracio-daccessibilitat\/","og_locale":"fr_FR","og_type":"article","og_title":"Declaraci\u00f3 d\u2019accessibilitat - Flamia","og_description":"HORECATEK, S.L. ha comprom\u00e8s a fer accessible el seu lloc web, d\u2019acord amb el Reial decret 1112\/2018, de 7 de setembre, sobre accessibilitat dels llocs web i aplicacions per a dispositius m\u00f2bils del sector p\u00fablic. Aquesta declaraci\u00f3 d\u2019accessibilitat s\u2019aplica a aquest web. Situaci\u00f3 de compliment Aquest lloc web est\u00e0 desenvolupat segons el RD 1112\/2018. Preparaci\u00f3 [&hellip;]","og_url":"https:\/\/flamia.es\/fr\/declaracio-daccessibilitat\/","og_site_name":"Flamia","article_modified_time":"2025-05-13T14:44:53+00:00","twitter_card":"summary_large_image","twitter_misc":{"Dur\u00e9e de lecture estim\u00e9e":"2 minutes"},"schema":{"@context":"https:\/\/schema.org","@graph":[{"@type":"WebPage","@id":"https:\/\/flamia.es\/declaracio-daccessibilitat\/","url":"https:\/\/flamia.es\/declaracio-daccessibilitat\/","name":"Declaraci\u00f3 d\u2019accessibilitat - Flamia","isPartOf":{"@id":"https:\/\/flamia.es\/#website"},"datePublished":"2025-03-28T19:05:29+00:00","dateModified":"2025-05-13T14:44:53+00:00","breadcrumb":{"@id":"https:\/\/flamia.es\/declaracio-daccessibilitat\/#breadcrumb"},"inLanguage":"fr-FR","potentialAction":[{"@type":"ReadAction","target":["https:\/\/flamia.es\/declaracio-daccessibilitat\/"]}]},{"@type":"BreadcrumbList","@id":"https:\/\/flamia.es\/declaracio-daccessibilitat\/#breadcrumb","itemListElement":[{"@type":"ListItem","position":1,"name":"Portada","item":"https:\/\/flamia.es\/"},{"@type":"ListItem","position":2,"name":"Declaraci\u00f3 d\u2019accessibilitat"}]},{"@type":"WebSite","@id":"https:\/\/flamia.es\/#website","url":"https:\/\/flamia.es\/","name":"Horecatech","description":"Fers \u00e0 repasser \u00e9lectriques et br\u00fbleurs \u00e0 gaz industriels","potentialAction":[{"@type":"SearchAction","target":{"@type":"EntryPoint","urlTemplate":"https:\/\/flamia.es\/?s={search_term_string}"},"query-input":{"@type":"PropertyValueSpecification","valueRequired":true,"valueName":"search_term_string"}}],"inLanguage":"fr-FR"}]}},"_links":{"self":[{"href":"https:\/\/flamia.es\/fr\/wp-json\/wp\/v2\/pages\/20","targetHints":{"allow":["GET"]}}],"collection":[{"href":"https:\/\/flamia.es\/fr\/wp-json\/wp\/v2\/pages"}],"about":[{"href":"https:\/\/flamia.es\/fr\/wp-json\/wp\/v2\/types\/page"}],"author":[{"embeddable":true,"href":"https:\/\/flamia.es\/fr\/wp-json\/wp\/v2\/users\/1"}],"replies":[{"embeddable":true,"href":"https:\/\/flamia.es\/fr\/wp-json\/wp\/v2\/comments?post=20"}],"version-history":[{"count":0,"href":"https:\/\/flamia.es\/fr\/wp-json\/wp\/v2\/pages\/20\/revisions"}],"wp:attachment":[{"href":"https:\/\/flamia.es\/fr\/wp-json\/wp\/v2\/media?parent=20"}],"curies":[{"name":"wp","href":"https:\/\/api.w.org\/{rel}","templated":true}]}}