{"id":30,"date":"2025-03-28T16:09:49","date_gmt":"2025-03-28T19:09:49","guid":{"rendered":"https:\/\/innovacon.simplificandotuweb.com\/?page_id=30"},"modified":"2025-07-04T15:46:11","modified_gmt":"2025-07-04T13:46:11","slug":"politica-de-privacitat","status":"publish","type":"page","link":"https:\/\/flamia.es\/fr\/politica-de-privacitat\/","title":{"rendered":"politique de confidentialit\u00e9"},"content":{"rendered":"<div data-elementor-type=\"wp-page\" data-elementor-id=\"30\" class=\"elementor elementor-30\" data-elementor-post-type=\"page\">\n\t\t\t\t<div class=\"elementor-element elementor-element-1ddb4436 e-flex e-con-boxed e-con e-parent\" data-id=\"1ddb4436\" data-element_type=\"container\">\n\t\t\t\t\t<div class=\"e-con-inner\">\n\t\t\t\t<div class=\"elementor-element elementor-element-df84bf4 elementor-widget elementor-widget-heading\" data-id=\"df84bf4\" data-element_type=\"widget\" data-widget_type=\"heading.default\">\n\t\t\t\t<div class=\"elementor-widget-container\">\n\t\t\t\t\t<h2 class=\"elementor-heading-title elementor-size-default\">politique de confidentialit\u00e9<\/h2>\t\t\t\t<\/div>\n\t\t\t\t<\/div>\n\t\t\t\t<div class=\"elementor-element elementor-element-3abd521e elementor-widget elementor-widget-text-editor\" data-id=\"3abd521e\" data-element_type=\"widget\" data-widget_type=\"text-editor.default\">\n\t\t\t\t<div class=\"elementor-widget-container\">\n\t\t\t\t\t\t\t\t\t\n<h3 class=\"wp-block-heading\"><strong>1.- INFORMATIONS \u00c0 L&#039;UTILISATEUR<\/strong><\/h3>\n\n<p>Le site Web informe les utilisateurs du site Web de sa politique en mati\u00e8re de traitement et de protection des donn\u00e9es personnelles des utilisateurs et des clients qui peuvent \u00eatre demand\u00e9es lors de la navigation sur son site Web.<\/p>\n\n<p>Le site Web est responsable du traitement des donn\u00e9es personnelles de l&#039;utilisateur, les informations suivantes sont donc fournies concernant le traitement de leurs donn\u00e9es :<\/p>\n\n<p><strong>Crit\u00e8res de conservation des donn\u00e9es :<\/strong>\u00a0Les donn\u00e9es personnelles fournies seront conserv\u00e9es jusqu&#039;\u00e0 ce que l&#039;int\u00e9ress\u00e9 en demande la suspension, en exer\u00e7ant ses droits sur les donn\u00e9es, et dans tous les cas dans le respect des d\u00e9lais de prescription l\u00e9gaux qui lui sont applicables.<\/p>\n\n<p><strong>Droits des parties int\u00e9ress\u00e9es :<\/strong><\/p>\n\n<ul class=\"wp-block-list\">\n<li>Droit de retirer votre consentement \u00e0 tout moment.<\/li>\n\n<li>Droit d&#039;acc\u00e8s, de rectification, de suppression, de portabilit\u00e9 de vos donn\u00e9es, ainsi que de limitation ou d&#039;opposition \u00e0 leur traitement, et de ne pas faire l&#039;objet de d\u00e9cisions individuelles automatis\u00e9es.<\/li>\n<\/ul>\n\n<p><strong>Coordonn\u00e9es pour exercer vos droits :<\/strong><br \/>Le droit que vous souhaitez exercer doit \u00eatre correctement identifi\u00e9 et clairement demand\u00e9.<\/p>\n\n<ul class=\"wp-block-list\">\n<li><strong>Entreprise: <\/strong>HORECATEK, SL<\/li>\n\n<li><strong>Num\u00e9ro d&#039;identification fiscale : <\/strong>B66758160<\/li>\n\n<li><strong>Responsable: <\/strong>Oscar Ribes Vilanova<\/li>\n\n<li><strong>Adresse: <\/strong>C\/Bac de Roda, 53<\/li>\n\n<li><strong>Code postal et population : <\/strong>08005 Barcelone (Barcelone)<\/li>\n\n<li><strong>T\u00e9l\u00e9phone:<\/strong>+34 653102398<\/li>\n<li><strong>E-mail: <\/strong><a href=\"mailto:info@flamia.es\" target=\"_blank\" rel=\"noopener\">info@flamia.es<\/a><\/li>\n<\/ul>\n\n<h3 class=\"wp-block-heading\"><strong>2.- INFORMATIONS FOURNIES PAR L&#039;UTILISATEUR<\/strong><\/h3>\n\n<p>Si vous avez moins de 18 ans, vous n&#039;\u00eates pas autoris\u00e9 \u00e0 utiliser les formulaires sur notre site Web.<\/p>\n\n<p>Les utilisateurs, en saisissant leurs donn\u00e9es dans les formulaires de contact ou pr\u00e9sent\u00e9s dans les formulaires de t\u00e9l\u00e9chargement, acceptent express\u00e9ment et librement et sans \u00e9quivoque que leurs donn\u00e9es sont n\u00e9cessaires au Responsable pour r\u00e9pondre \u00e0 leur demande, l&#039;inclusion de donn\u00e9es dans les champs restants \u00e9tant volontaire.<\/p>\n\n<p>L&#039;Utilisateur garantit que les donn\u00e9es personnelles fournies sont v\u00e9ridiques et est responsable de communiquer toute modification.<\/p>\n\n<p>Toutes les donn\u00e9es demand\u00e9es via le site web sont n\u00e9cessaires pour fournir un service optimal \u00e0 l&#039;Utilisateur. Si toutes les donn\u00e9es ne sont pas fournies, il n&#039;est pas garanti que les informations et services fournis par le Responsable du traitement r\u00e9pondront pleinement \u00e0 vos besoins.<\/p>\n\n<h3 class=\"wp-block-heading\"><strong>3.- MESURES DE S\u00c9CURIT\u00c9<\/strong><\/h3>\n\n<p>Conform\u00e9ment aux dispositions de la r\u00e9glementation en vigueur en mati\u00e8re de protection des donn\u00e9es personnelles, le Responsable respecte toutes les dispositions des r\u00e9glementations RGPD et LOPD pour le traitement des donn\u00e9es personnelles sous sa responsabilit\u00e9, qui sont trait\u00e9es de mani\u00e8re licite, loyale et transparente par rapport \u00e0 l&#039;int\u00e9ress\u00e9, et sont ad\u00e9quates, pertinentes et limit\u00e9es \u00e0 ce qui est n\u00e9cessaire au regard des finalit\u00e9s pour lesquelles elles sont trait\u00e9es.<\/p>\n\n<p>Le Responsable garantit qu&#039;il a mis en \u0153uvre des politiques techniques et organisationnelles appropri\u00e9es pour appliquer les mesures de s\u00e9curit\u00e9 \u00e9tablies par le RGPD et la LOPD pour prot\u00e9ger les droits et libert\u00e9s des Utilisateurs, et leur a communiqu\u00e9 les informations appropri\u00e9es afin qu&#039;ils puissent les exercer.<\/p>\n\n<h3 class=\"wp-block-heading\"><strong>4.- FAILLES DE S\u00c9CURIT\u00c9<\/strong><\/h3>\n\n<p>Le Responsable signalera toute violation de s\u00e9curit\u00e9 affectant la base de donn\u00e9es utilis\u00e9e par ce site Web, ou affectant l&#039;un de nos services tiers, \u00e0 chaque personne dont les donn\u00e9es pourraient avoir \u00e9t\u00e9 affect\u00e9es, ainsi qu&#039;aux autorit\u00e9s, dans les 72 heures suivant la d\u00e9tection de la violation.<\/p>\n\n<h3 class=\"wp-block-heading\"><strong>L\u00c9GISLATION ET JURIDICTION APPLICABLES<\/strong><\/h3>\n\n<p>Pour la r\u00e9solution de tous les litiges ou probl\u00e8mes li\u00e9s \u00e0 ce site Web ou aux activit\u00e9s qui y sont r\u00e9alis\u00e9es, la l\u00e9gislation espagnole sera appliqu\u00e9e, \u00e0 laquelle les parties se soumettent express\u00e9ment, les tribunaux de Barcelone \u00e9tant comp\u00e9tents pour la r\u00e9solution de tous les conflits d\u00e9coulant de ou li\u00e9s \u00e0 son utilisation.<\/p>\n\t\t\t\t\t\t\t\t<\/div>\n\t\t\t\t<\/div>\n\t\t\t\t\t<\/div>\n\t\t\t\t<\/div>\n\t\t\t\t<\/div>","protected":false},"excerpt":{"rendered":"<p>1.- INFORMATIONS AUX UTILISATEURS. Le site web informe les utilisateurs de sa politique de traitement et de protection des donn\u00e9es personnelles des utilisateurs et clients susceptibles d&#039;\u00eatre sollicit\u00e9es lors de leur navigation. Le site web est responsable du traitement des donn\u00e9es personnelles [\u2026]<\/p>","protected":false},"author":1,"featured_media":0,"parent":0,"menu_order":0,"comment_status":"closed","ping_status":"closed","template":"","meta":{"footnotes":""},"class_list":["post-30","page","type-page","status-publish","hentry"],"yoast_head":"<!-- This site is optimized with the Yoast SEO plugin v25.5 - https:\/\/yoast.com\/wordpress\/plugins\/seo\/ -->\n<title>Pol\u00edtica de Privacitat - Flamia<\/title>\n<meta name=\"robots\" content=\"index, follow, max-snippet:-1, max-image-preview:large, max-video-preview:-1\" \/>\n<link rel=\"canonical\" href=\"https:\/\/flamia.es\/fr\/politica-de-privacitat\/\" \/>\n<meta property=\"og:locale\" content=\"fr_FR\" \/>\n<meta property=\"og:type\" content=\"article\" \/>\n<meta property=\"og:title\" content=\"Pol\u00edtica de Privacitat - Flamia\" \/>\n<meta property=\"og:description\" content=\"1.- INFORMACI\u00d3 A L\u2019USUARI El lloc web informa els usuaris del lloc web sobre la seva pol\u00edtica respecte al tractament i protecci\u00f3 de les dades de car\u00e0cter personal dels usuaris i clients que puguin ser sol\u00b7licitades durant la navegaci\u00f3 pel seu lloc web. El lloc web \u00e9s el Responsable del tractament de les dades personals [&hellip;]\" \/>\n<meta property=\"og:url\" content=\"https:\/\/flamia.es\/fr\/politica-de-privacitat\/\" \/>\n<meta property=\"og:site_name\" content=\"Flamia\" \/>\n<meta property=\"article:modified_time\" content=\"2025-07-04T13:46:11+00:00\" \/>\n<meta name=\"twitter:card\" content=\"summary_large_image\" \/>\n<meta name=\"twitter:label1\" content=\"Dur\u00e9e de lecture estim\u00e9e\" \/>\n\t<meta name=\"twitter:data1\" content=\"3 minutes\" \/>\n<script type=\"application\/ld+json\" class=\"yoast-schema-graph\">{\"@context\":\"https:\/\/schema.org\",\"@graph\":[{\"@type\":\"WebPage\",\"@id\":\"https:\/\/flamia.es\/politica-de-privacitat\/\",\"url\":\"https:\/\/flamia.es\/politica-de-privacitat\/\",\"name\":\"Pol\u00edtica de Privacitat - Flamia\",\"isPartOf\":{\"@id\":\"https:\/\/flamia.es\/#website\"},\"datePublished\":\"2025-03-28T19:09:49+00:00\",\"dateModified\":\"2025-07-04T13:46:11+00:00\",\"breadcrumb\":{\"@id\":\"https:\/\/flamia.es\/politica-de-privacitat\/#breadcrumb\"},\"inLanguage\":\"fr-FR\",\"potentialAction\":[{\"@type\":\"ReadAction\",\"target\":[\"https:\/\/flamia.es\/politica-de-privacitat\/\"]}]},{\"@type\":\"BreadcrumbList\",\"@id\":\"https:\/\/flamia.es\/politica-de-privacitat\/#breadcrumb\",\"itemListElement\":[{\"@type\":\"ListItem\",\"position\":1,\"name\":\"Portada\",\"item\":\"https:\/\/flamia.es\/\"},{\"@type\":\"ListItem\",\"position\":2,\"name\":\"Pol\u00edtica de Privacitat\"}]},{\"@type\":\"WebSite\",\"@id\":\"https:\/\/flamia.es\/#website\",\"url\":\"https:\/\/flamia.es\/\",\"name\":\"Horecatek\",\"description\":\"Planxes el\u00e8ctriques i cremadors de gas industrials\",\"potentialAction\":[{\"@type\":\"SearchAction\",\"target\":{\"@type\":\"EntryPoint\",\"urlTemplate\":\"https:\/\/flamia.es\/?s={search_term_string}\"},\"query-input\":{\"@type\":\"PropertyValueSpecification\",\"valueRequired\":true,\"valueName\":\"search_term_string\"}}],\"inLanguage\":\"fr-FR\"}]}<\/script>\n<!-- \/ Yoast SEO plugin. -->","yoast_head_json":{"title":"Politique de confidentialit\u00e9 - Flamia","robots":{"index":"index","follow":"follow","max-snippet":"max-snippet:-1","max-image-preview":"max-image-preview:large","max-video-preview":"max-video-preview:-1"},"canonical":"https:\/\/flamia.es\/fr\/politica-de-privacitat\/","og_locale":"fr_FR","og_type":"article","og_title":"Pol\u00edtica de Privacitat - Flamia","og_description":"1.- INFORMACI\u00d3 A L\u2019USUARI El lloc web informa els usuaris del lloc web sobre la seva pol\u00edtica respecte al tractament i protecci\u00f3 de les dades de car\u00e0cter personal dels usuaris i clients que puguin ser sol\u00b7licitades durant la navegaci\u00f3 pel seu lloc web. El lloc web \u00e9s el Responsable del tractament de les dades personals [&hellip;]","og_url":"https:\/\/flamia.es\/fr\/politica-de-privacitat\/","og_site_name":"Flamia","article_modified_time":"2025-07-04T13:46:11+00:00","twitter_card":"summary_large_image","twitter_misc":{"Dur\u00e9e de lecture estim\u00e9e":"3 minutes"},"schema":{"@context":"https:\/\/schema.org","@graph":[{"@type":"WebPage","@id":"https:\/\/flamia.es\/politica-de-privacitat\/","url":"https:\/\/flamia.es\/politica-de-privacitat\/","name":"Politique de confidentialit\u00e9 - Flamia","isPartOf":{"@id":"https:\/\/flamia.es\/#website"},"datePublished":"2025-03-28T19:09:49+00:00","dateModified":"2025-07-04T13:46:11+00:00","breadcrumb":{"@id":"https:\/\/flamia.es\/politica-de-privacitat\/#breadcrumb"},"inLanguage":"fr-FR","potentialAction":[{"@type":"ReadAction","target":["https:\/\/flamia.es\/politica-de-privacitat\/"]}]},{"@type":"BreadcrumbList","@id":"https:\/\/flamia.es\/politica-de-privacitat\/#breadcrumb","itemListElement":[{"@type":"ListItem","position":1,"name":"Portada","item":"https:\/\/flamia.es\/"},{"@type":"ListItem","position":2,"name":"Pol\u00edtica de Privacitat"}]},{"@type":"WebSite","@id":"https:\/\/flamia.es\/#website","url":"https:\/\/flamia.es\/","name":"Horecatech","description":"Fers \u00e0 repasser \u00e9lectriques et br\u00fbleurs \u00e0 gaz industriels","potentialAction":[{"@type":"SearchAction","target":{"@type":"EntryPoint","urlTemplate":"https:\/\/flamia.es\/?s={search_term_string}"},"query-input":{"@type":"PropertyValueSpecification","valueRequired":true,"valueName":"search_term_string"}}],"inLanguage":"fr-FR"}]}},"_links":{"self":[{"href":"https:\/\/flamia.es\/fr\/wp-json\/wp\/v2\/pages\/30","targetHints":{"allow":["GET"]}}],"collection":[{"href":"https:\/\/flamia.es\/fr\/wp-json\/wp\/v2\/pages"}],"about":[{"href":"https:\/\/flamia.es\/fr\/wp-json\/wp\/v2\/types\/page"}],"author":[{"embeddable":true,"href":"https:\/\/flamia.es\/fr\/wp-json\/wp\/v2\/users\/1"}],"replies":[{"embeddable":true,"href":"https:\/\/flamia.es\/fr\/wp-json\/wp\/v2\/comments?post=30"}],"version-history":[{"count":0,"href":"https:\/\/flamia.es\/fr\/wp-json\/wp\/v2\/pages\/30\/revisions"}],"wp:attachment":[{"href":"https:\/\/flamia.es\/fr\/wp-json\/wp\/v2\/media?parent=30"}],"curies":[{"name":"wp","href":"https:\/\/api.w.org\/{rel}","templated":true}]}}