{"id":17,"date":"2025-03-28T15:59:36","date_gmt":"2025-03-28T18:59:36","guid":{"rendered":"https:\/\/innovacon.simplificandotuweb.com\/?page_id=17"},"modified":"2025-07-04T15:45:53","modified_gmt":"2025-07-04T13:45:53","slug":"politica-de-cookies","status":"publish","type":"page","link":"https:\/\/flamia.es\/nb\/politica-de-cookies\/","title":{"rendered":"Informasjonskapsler"},"content":{"rendered":"<div data-elementor-type=\"wp-page\" data-elementor-id=\"17\" class=\"elementor elementor-17\" data-elementor-post-type=\"page\">\n\t\t\t\t<div class=\"elementor-element elementor-element-154855a3 e-flex e-con-boxed e-con e-parent\" data-id=\"154855a3\" data-element_type=\"container\">\n\t\t\t\t\t<div class=\"e-con-inner\">\n\t\t\t\t<div class=\"elementor-element elementor-element-49fca23 elementor-widget elementor-widget-heading\" data-id=\"49fca23\" data-element_type=\"widget\" data-widget_type=\"heading.default\">\n\t\t\t\t<div class=\"elementor-widget-container\">\n\t\t\t\t\t<h2 class=\"elementor-heading-title elementor-size-default\">Informasjonskapsler<\/h2>\t\t\t\t<\/div>\n\t\t\t\t<\/div>\n\t\t\t\t<div class=\"elementor-element elementor-element-60f13ed8 elementor-widget elementor-widget-text-editor\" data-id=\"60f13ed8\" data-element_type=\"widget\" data-widget_type=\"text-editor.default\">\n\t\t\t\t<div class=\"elementor-widget-container\">\n\t\t\t\t\t\t\t\t\t\n<h3 class=\"wp-block-heading\">Informasjonskapsler (EU)<\/h3>\n\n<p>Denne informasjonskapselpolicyen ble sist oppdatert 08.01.2024 og gjelder for borgere og lovlige fastboende i E\u00d8S-omr\u00e5det og Sveits.<\/p>\n\n<h3 class=\"wp-block-heading\">1. Innledning<\/h3>\n\n<p>V\u00e5r nettside,\u00a0<a href=\"https:\/\/flamia.es\/nb\/\"><strong>https:\/\/flamia.es\/<\/strong><\/a>\u00a0(heretter: \u00abnettstedet\u00bb), bruker informasjonskapsler og andre relaterte teknologier (for enkelhets skyld refereres alle teknologier til som \u00abinformasjonskapsler\u00bb). Informasjonskapsler kan ogs\u00e5 plasseres av tredjeparter som vi har kontrakt med. I det f\u00f8lgende dokumentet informerer vi deg om bruken av informasjonskapsler p\u00e5 nettstedet v\u00e5rt.<\/p>\n\n<h3 class=\"wp-block-heading\">2. Hva er informasjonskapsler?<\/h3>\n\n<p>En informasjonskapsel er en liten fil som sendes sammen med sidene p\u00e5 dette nettstedet, og som nettleseren din lagrer p\u00e5 harddisken til datamaskinen eller en annen enhet. Den lagrede informasjonen kan returneres til v\u00e5re servere eller de aktuelle tredjepartsserverne ved et senere bes\u00f8k.<\/p>\n\n<h3 class=\"wp-block-heading\">3. Hva er skript?<\/h3>\n\n<p>Et skript er en del programkode som brukes for \u00e5 f\u00e5 nettstedet v\u00e5rt til \u00e5 fungere ordentlig og interaktivt. Denne koden kj\u00f8rer p\u00e5 serveren v\u00e5r eller p\u00e5 enheten din.<\/p>\n\n<h3 class=\"wp-block-heading\">4. Hva er en web-beacon?<\/h3>\n\n<p>En web beacon (eller pikseltag) er en liten, usynlig tekstbit eller et bilde p\u00e5 et nettsted som brukes til \u00e5 overv\u00e5ke nettstedstrafikk. For \u00e5 gj\u00f8re dette kan ulike data om deg lagres ved hjelp av disse web beacons.<\/p>\n\n<h3 class=\"wp-block-heading\">5. Informasjonskapsler<\/h3>\n\n<h4 class=\"wp-block-heading\">5.1 Tekniske eller funksjonelle informasjonskapsler<\/h4>\n\n<p>Noen informasjonskapsler sikrer at visse deler av nettstedet fungerer som de skal, og at brukerpreferansene dine huskes. Ved \u00e5 plassere funksjonelle informasjonskapsler gj\u00f8r vi det enklere for deg \u00e5 bes\u00f8ke nettstedet v\u00e5rt. P\u00e5 denne m\u00e5ten trenger du ikke \u00e5 oppgi den samme informasjonen gjentatte ganger n\u00e5r du bes\u00f8ker nettstedet, og for eksempel blir varer liggende i handlekurven din til du har foretatt betalingen. Vi kan plassere disse informasjonskapslene uten ditt samtykke.<\/p>\n\n<h4 class=\"wp-block-heading\">5.2 Markedsf\u00f8rings-\/sporingsinformasjonskapsler<\/h4>\n\n<p>Markedsf\u00f8rings-\/sporingsinformasjonskapsler er informasjonskapsler, eller enhver annen form for lokal lagring, som brukes til \u00e5 opprette brukerprofiler for \u00e5 vise reklame eller for \u00e5 spore brukeren p\u00e5 dette nettstedet eller p\u00e5 tvers av flere nettsteder for lignende markedsf\u00f8ringsform\u00e5l.<\/p>\n\n<h3 class=\"wp-block-heading\">6. Informasjonskapsler som brukes<\/h3>\n\n<p><strong>Elementor<\/strong><\/p>\n\n<ul class=\"wp-block-list\">\n<li>Statistikk (anonym)<\/li>\n\n<li>Samtykke til Elementor-tjenesten<\/li>\n<\/ul>\n\n<p><strong>WordPress<\/strong><\/p>\n\n<ul class=\"wp-block-list\">\n<li>Funksjonell<\/li>\n\n<li>Samtykke til WordPress-tjenesten<\/li>\n<\/ul>\n\n<p><strong>Diverse<\/strong><\/p>\n\n<ul class=\"wp-block-list\">\n<li>Form\u00e5l i p\u00e5vente av etterforskning<\/li>\n\n<li>Samtykke til diverse tjenester\u00a0<\/li>\n<\/ul>\n\n<h3 class=\"wp-block-heading\">7. Samtykke<\/h3>\n\n<p>N\u00e5r du bes\u00f8ker nettstedet v\u00e5rt for f\u00f8rste gang, viser vi deg et popup-vindu med en forklaring om informasjonskapsler. S\u00e5 snart du klikker p\u00e5 \u00abLagre innstillinger\u00bb, godtar du v\u00e5r bruk av kategoriene av informasjonskapsler og programtillegg du har valgt i popup-vinduet, som beskrevet i denne informasjonskapselpolicyen. Du kan deaktivere bruken av informasjonskapsler via nettleseren din, men v\u00e6r oppmerksom p\u00e5 at nettstedet v\u00e5rt kanskje ikke lenger fungerer som det skal.<\/p>\n\n<h4 class=\"wp-block-heading\">7.1 Administrer samtykkeinnstillingene dine<\/h4>\n\n<ul class=\"wp-block-list\">\n<li><strong>Funksjonell<\/strong>\u00a0(Alltid aktiv)<\/li>\n\n<li><strong>Markedsf\u00f8ring<\/strong><\/li>\n<\/ul>\n\n<h3 class=\"wp-block-heading\">8. Aktivering\/deaktivering og sletting av informasjonskapsler<\/h3>\n\n<p>Du kan bruke nettleseren din til \u00e5 slette informasjonskapsler automatisk eller manuelt. Du kan ogs\u00e5 angi at visse informasjonskapsler ikke kan plasseres. Et annet alternativ er \u00e5 endre innstillingene i nettleseren din slik at du mottar en melding hver gang en informasjonskapsel plasseres. For mer informasjon om disse alternativene, se instruksjonene i \u00abHjelp\u00bb-delen av nettleseren din.<\/p>\n\n<p>V\u00e6r oppmerksom p\u00e5 at nettstedet v\u00e5rt kanskje ikke fungerer som det skal hvis du deaktiverer alle informasjonskapsler. Hvis du sletter informasjonskapsler fra nettleseren din, vil de bli plassert p\u00e5 nytt etter ditt samtykke n\u00e5r du bes\u00f8ker nettstedene v\u00e5re igjen.<\/p>\n\n<h3 class=\"wp-block-heading\">9. Dine rettigheter ang\u00e5ende personopplysninger<\/h3>\n\n<p>Du har f\u00f8lgende rettigheter ang\u00e5ende dine personopplysninger:<\/p>\n\n<ul class=\"wp-block-list\">\n<li>Rett til \u00e5 vite hvorfor dine personopplysninger er n\u00f8dvendige, hva som vil skje med dem og hvor lenge de vil bli oppbevart.<\/li>\n\n<li><strong>Rett til innsyn<\/strong>Du har rett til \u00e5 f\u00e5 tilgang til dine personopplysninger som vi kjenner til.<\/li>\n\n<li><strong>Rett til retting<\/strong>Du har rett til \u00e5 fullf\u00f8re, rette, slette eller blokkere dine personopplysninger n\u00e5r du m\u00e5tte \u00f8nske det.<\/li>\n\n<li>Hvis du gir oss ditt samtykke til \u00e5 behandle dataene dine, har du rett til \u00e5 trekke tilbake dette samtykket og be om at personopplysningene dine slettes.<\/li>\n\n<li><strong>Rett til portabilitet av dine data<\/strong>Du har rett til \u00e5 be den behandlingsansvarlige om \u00e5 f\u00e5 utlevert alle dine personopplysninger og f\u00e5 dem overf\u00f8rt i sin helhet til en annen behandlingsansvarlig.<\/li>\n\n<li><strong>Retten til \u00e5 motsette seg<\/strong>Du kan protestere mot behandlingen av dine data. Vi vil etterkomme denne foresp\u00f8rselen, med mindre det foreligger berettigede grunner for behandlingen.<\/li>\n<\/ul>\n\n<p>For \u00e5 ut\u00f8ve disse rettighetene, vennligst kontakt oss. Se kontaktinformasjonen nederst i denne informasjonskapselpolicyen. Hvis du har klager p\u00e5 hvordan vi h\u00e5ndterer dataene dine, vil vi gjerne at du gir oss beskjed, men du har ogs\u00e5 rett til \u00e5 sende inn en klage til tilsynsmyndigheten (databeskyttelsesmyndigheten).<\/p>\n\n<h3 class=\"wp-block-heading\">10. Kontaktinformasjon<\/h3>\n\n<p>For sp\u00f8rsm\u00e5l og\/eller kommentarer om v\u00e5r policy for informasjonskapsler og denne erkl\u00e6ringen, vennligst kontakt oss ved hjelp av f\u00f8lgende kontaktinformasjon:<\/p>\n\n<ul class=\"wp-block-list\">\n<li><strong>Bedrift: <\/strong>HORECATEK, SL<\/li>\n\n<li><strong>Skatte-ID: <\/strong>B66758160<\/li>\n\n<li><strong>Ansvarlig: <\/strong>Oscar Ribes Vilanova<\/li>\n\n<li><strong>Adresse: <\/strong>C\/Bac de Roda, 53<\/li>\n\n<li><strong>Postnummer og befolkning: <\/strong>08005 Barcelona (Barcelona)<\/li>\n\n<li><strong>Telefon:<\/strong>+34 653102398<\/li>\n<li><strong>E-post: <\/strong><a href=\"mailto:info@flamia.es\" target=\"_blank\" rel=\"noopener\">info@flamia.es<\/a><\/li>\n<\/ul>\n\n<p>Denne informasjonskapselpolicyen er synkronisert med\u00a0<strong>informasjonskapseldatabase.org<\/strong>\u00a0den 08.01.2024.<\/p>\n\t\t\t\t\t\t\t\t<\/div>\n\t\t\t\t<\/div>\n\t\t\t\t\t<\/div>\n\t\t\t\t<\/div>\n\t\t\t\t<\/div>","protected":false},"excerpt":{"rendered":"<p>Pol\u00edtica de Cookies (UE) Aquesta pol\u00edtica de cookies va ser actualitzada per \u00faltima vegada el 08\/01\/2024 i s\u2019aplica als ciutadans i residents legals permanents de l\u2019Espai Econ\u00f2mic Europeu i Su\u00efssa. 1. Introducci\u00f3 El nostre web,\u00a0https:\/\/flamia.es\/\u00a0(d\u2019ara endavant: \u00abel web\u00bb), utilitza cookies i altres tecnologies relacionades (per comoditat, totes les tecnologies es denominen \u00abcookies\u00bb). Les cookies tamb\u00e9 [&hellip;]<\/p>","protected":false},"author":1,"featured_media":0,"parent":0,"menu_order":0,"comment_status":"closed","ping_status":"closed","template":"","meta":{"footnotes":""},"class_list":["post-17","page","type-page","status-publish","hentry"],"yoast_head":"<!-- This site is optimized with the Yoast SEO plugin v25.5 - https:\/\/yoast.com\/wordpress\/plugins\/seo\/ -->\n<title>Pol\u00edtica de Cookies - Flamia<\/title>\n<meta name=\"robots\" content=\"index, follow, max-snippet:-1, max-image-preview:large, max-video-preview:-1\" \/>\n<link rel=\"canonical\" href=\"https:\/\/flamia.es\/nb\/politica-de-cookies\/\" \/>\n<meta property=\"og:locale\" content=\"nb_NO\" \/>\n<meta property=\"og:type\" content=\"article\" \/>\n<meta property=\"og:title\" content=\"Pol\u00edtica de Cookies - Flamia\" \/>\n<meta property=\"og:description\" content=\"Pol\u00edtica de Cookies (UE) Aquesta pol\u00edtica de cookies va ser actualitzada per \u00faltima vegada el 08\/01\/2024 i s\u2019aplica als ciutadans i residents legals permanents de l\u2019Espai Econ\u00f2mic Europeu i Su\u00efssa. 1. Introducci\u00f3 El nostre web,\u00a0https:\/\/flamia.es\/\u00a0(d\u2019ara endavant: \u00abel web\u00bb), utilitza cookies i altres tecnologies relacionades (per comoditat, totes les tecnologies es denominen \u00abcookies\u00bb). Les cookies tamb\u00e9 [&hellip;]\" \/>\n<meta property=\"og:url\" content=\"https:\/\/flamia.es\/nb\/politica-de-cookies\/\" \/>\n<meta property=\"og:site_name\" content=\"Flamia\" \/>\n<meta property=\"article:modified_time\" content=\"2025-07-04T13:45:53+00:00\" \/>\n<meta name=\"twitter:card\" content=\"summary_large_image\" \/>\n<meta name=\"twitter:label1\" content=\"Ansl. lesetid\" \/>\n\t<meta name=\"twitter:data1\" content=\"4 minutter\" \/>\n<script type=\"application\/ld+json\" class=\"yoast-schema-graph\">{\"@context\":\"https:\/\/schema.org\",\"@graph\":[{\"@type\":\"WebPage\",\"@id\":\"https:\/\/flamia.es\/politica-de-cookies\/\",\"url\":\"https:\/\/flamia.es\/politica-de-cookies\/\",\"name\":\"Pol\u00edtica de Cookies - Flamia\",\"isPartOf\":{\"@id\":\"https:\/\/flamia.es\/#website\"},\"datePublished\":\"2025-03-28T18:59:36+00:00\",\"dateModified\":\"2025-07-04T13:45:53+00:00\",\"breadcrumb\":{\"@id\":\"https:\/\/flamia.es\/politica-de-cookies\/#breadcrumb\"},\"inLanguage\":\"nb-NO\",\"potentialAction\":[{\"@type\":\"ReadAction\",\"target\":[\"https:\/\/flamia.es\/politica-de-cookies\/\"]}]},{\"@type\":\"BreadcrumbList\",\"@id\":\"https:\/\/flamia.es\/politica-de-cookies\/#breadcrumb\",\"itemListElement\":[{\"@type\":\"ListItem\",\"position\":1,\"name\":\"Portada\",\"item\":\"https:\/\/flamia.es\/\"},{\"@type\":\"ListItem\",\"position\":2,\"name\":\"Pol\u00edtica de Cookies\"}]},{\"@type\":\"WebSite\",\"@id\":\"https:\/\/flamia.es\/#website\",\"url\":\"https:\/\/flamia.es\/\",\"name\":\"Horecatek\",\"description\":\"Planxes el\u00e8ctriques i cremadors de gas industrials\",\"potentialAction\":[{\"@type\":\"SearchAction\",\"target\":{\"@type\":\"EntryPoint\",\"urlTemplate\":\"https:\/\/flamia.es\/?s={search_term_string}\"},\"query-input\":{\"@type\":\"PropertyValueSpecification\",\"valueRequired\":true,\"valueName\":\"search_term_string\"}}],\"inLanguage\":\"nb-NO\"}]}<\/script>\n<!-- \/ Yoast SEO plugin. -->","yoast_head_json":{"title":"Pol\u00edtica de Cookies - Flamia","robots":{"index":"index","follow":"follow","max-snippet":"max-snippet:-1","max-image-preview":"max-image-preview:large","max-video-preview":"max-video-preview:-1"},"canonical":"https:\/\/flamia.es\/nb\/politica-de-cookies\/","og_locale":"nb_NO","og_type":"article","og_title":"Pol\u00edtica de Cookies - Flamia","og_description":"Pol\u00edtica de Cookies (UE) Aquesta pol\u00edtica de cookies va ser actualitzada per \u00faltima vegada el 08\/01\/2024 i s\u2019aplica als ciutadans i residents legals permanents de l\u2019Espai Econ\u00f2mic Europeu i Su\u00efssa. 1. Introducci\u00f3 El nostre web,\u00a0https:\/\/flamia.es\/\u00a0(d\u2019ara endavant: \u00abel web\u00bb), utilitza cookies i altres tecnologies relacionades (per comoditat, totes les tecnologies es denominen \u00abcookies\u00bb). Les cookies tamb\u00e9 [&hellip;]","og_url":"https:\/\/flamia.es\/nb\/politica-de-cookies\/","og_site_name":"Flamia","article_modified_time":"2025-07-04T13:45:53+00:00","twitter_card":"summary_large_image","twitter_misc":{"Ansl. lesetid":"4 minutter"},"schema":{"@context":"https:\/\/schema.org","@graph":[{"@type":"WebPage","@id":"https:\/\/flamia.es\/politica-de-cookies\/","url":"https:\/\/flamia.es\/politica-de-cookies\/","name":"Pol\u00edtica de Cookies - Flamia","isPartOf":{"@id":"https:\/\/flamia.es\/#website"},"datePublished":"2025-03-28T18:59:36+00:00","dateModified":"2025-07-04T13:45:53+00:00","breadcrumb":{"@id":"https:\/\/flamia.es\/politica-de-cookies\/#breadcrumb"},"inLanguage":"nb-NO","potentialAction":[{"@type":"ReadAction","target":["https:\/\/flamia.es\/politica-de-cookies\/"]}]},{"@type":"BreadcrumbList","@id":"https:\/\/flamia.es\/politica-de-cookies\/#breadcrumb","itemListElement":[{"@type":"ListItem","position":1,"name":"Portada","item":"https:\/\/flamia.es\/"},{"@type":"ListItem","position":2,"name":"Pol\u00edtica de Cookies"}]},{"@type":"WebSite","@id":"https:\/\/flamia.es\/#website","url":"https:\/\/flamia.es\/","name":"Horecatech","description":"Elektriske strykejern og industrielle gassbrennere","potentialAction":[{"@type":"SearchAction","target":{"@type":"EntryPoint","urlTemplate":"https:\/\/flamia.es\/?s={search_term_string}"},"query-input":{"@type":"PropertyValueSpecification","valueRequired":true,"valueName":"search_term_string"}}],"inLanguage":"nb-NO"}]}},"_links":{"self":[{"href":"https:\/\/flamia.es\/nb\/wp-json\/wp\/v2\/pages\/17","targetHints":{"allow":["GET"]}}],"collection":[{"href":"https:\/\/flamia.es\/nb\/wp-json\/wp\/v2\/pages"}],"about":[{"href":"https:\/\/flamia.es\/nb\/wp-json\/wp\/v2\/types\/page"}],"author":[{"embeddable":true,"href":"https:\/\/flamia.es\/nb\/wp-json\/wp\/v2\/users\/1"}],"replies":[{"embeddable":true,"href":"https:\/\/flamia.es\/nb\/wp-json\/wp\/v2\/comments?post=17"}],"version-history":[{"count":0,"href":"https:\/\/flamia.es\/nb\/wp-json\/wp\/v2\/pages\/17\/revisions"}],"wp:attachment":[{"href":"https:\/\/flamia.es\/nb\/wp-json\/wp\/v2\/media?parent=17"}],"curies":[{"name":"wp","href":"https:\/\/api.w.org\/{rel}","templated":true}]}}