{"id":19,"date":"2025-03-28T16:04:18","date_gmt":"2025-03-28T19:04:18","guid":{"rendered":"https:\/\/innovacon.simplificandotuweb.com\/?page_id=19"},"modified":"2025-07-04T15:45:12","modified_gmt":"2025-07-04T13:45:12","slug":"avis-legal","status":"publish","type":"page","link":"https:\/\/flamia.es\/nb\/avis-legal\/","title":{"rendered":"Juridisk merknad"},"content":{"rendered":"<div data-elementor-type=\"wp-page\" data-elementor-id=\"19\" class=\"elementor elementor-19\" data-elementor-post-type=\"page\">\n\t\t\t\t<div class=\"elementor-element elementor-element-239ad5ac e-flex e-con-boxed e-con e-parent\" data-id=\"239ad5ac\" data-element_type=\"container\">\n\t\t\t\t\t<div class=\"e-con-inner\">\n\t\t\t\t<div class=\"elementor-element elementor-element-bf13866 elementor-widget elementor-widget-heading\" data-id=\"bf13866\" data-element_type=\"widget\" data-widget_type=\"heading.default\">\n\t\t\t\t<div class=\"elementor-widget-container\">\n\t\t\t\t\t<h2 class=\"elementor-heading-title elementor-size-default\">Juridisk merknad<\/h2>\t\t\t\t<\/div>\n\t\t\t\t<\/div>\n\t\t\t\t<div class=\"elementor-element elementor-element-746ab3a6 elementor-widget elementor-widget-text-editor\" data-id=\"746ab3a6\" data-element_type=\"widget\" data-widget_type=\"text-editor.default\">\n\t\t\t\t<div class=\"elementor-widget-container\">\n\t\t\t\t\t\t\t\t\t\n<h3 class=\"wp-block-heading\">Databehandlingsansvarlig<\/h3>\n\n<p>I samsvar med informasjonsplikten fastsatt i lov 34\/2002 av 11. juli om informasjonssamfunnstjenester og elektronisk handel, informerer vi deg om at dette nettstedet eies av:<\/p>\n\n<ul class=\"wp-block-list\">\n<li><strong>Bedrift: <\/strong>HORECATEK, SL<\/li>\n\n<li><strong>Skatte-ID: <\/strong>B66758160<\/li>\n\n<li><strong>Ansvarlig: <\/strong>Oscar Ribes Vilanova<\/li>\n\n<li><strong>Adresse: <\/strong>C\/Bac de Roda, 53<\/li>\n\n<li><strong>Postnummer og befolkning: <\/strong>08005 Barcelona (Barcelona)<\/li>\n\n<li><strong>Telefon:<\/strong>+34 653102398<\/li>\n\n<li><strong>E-post: <\/strong><a href=\"mailto:info@flamia.es\" target=\"_blank\" rel=\"noopener\">info@flamia.es<\/a><\/li>\n<\/ul>\n\n<h3 class=\"wp-block-heading\">Gjenstand<\/h3>\n\n<p>Den behandlingsansvarlige gj\u00f8r dette dokumentet tilgjengelig for brukere som har til hensikt \u00e5 overholde bestemmelsene i gjeldende forskrifter om personvern, og i sammenheng med det nye regelverket som er etablert i kraft av bestemmelsene i Europaparlaments- og R\u00e5dets forordning (EU) 2016\/679 av 27. april 2016 om vern av fysiske personer i forbindelse med behandling av personopplysninger og fri utveksling av slike opplysninger (heretter kalt \u00abRGPD\u00bb), og nasjonale forskrifter om vern av personopplysninger, samt for \u00e5 informere alle brukere av nettstedet om bruksvilk\u00e5rene.<\/p>\n\n<p>Enhver person som bes\u00f8ker dette nettstedet p\u00e5tar seg rollen som bruker og forplikter seg til streng overholdelse av bestemmelsene som er angitt heri, samt alle andre gjeldende lovbestemmelser.<\/p>\n\n<p>Den behandlingsansvarlige forbeholder seg retten til \u00e5 endre enhver type informasjon som m\u00e5tte vises p\u00e5 nettstedet, uten noen forpliktelse til \u00e5 gi forh\u00e5ndsvarsel eller informere brukere om disse endringene, og publisering p\u00e5 den behandlingsansvarliges nettsted anses som tilstrekkelig.<\/p>\n\n<h3 class=\"wp-block-heading\">Ansvar<\/h3>\n\n<p>Den ansvarlige parten er fritatt for ethvert ansvar som f\u00f8lge av informasjonen som er publisert p\u00e5 nettstedet, forutsatt at denne informasjonen har blitt manipulert eller lagt inn av en tredjepart som ikke er relatert til den.<\/p>\n\n<h3 class=\"wp-block-heading\">IP-adresser<\/h3>\n\n<p>Nettstedserverne kan automatisk oppdage IP-adressen og domenenavnet som brukes av brukeren. En IP-adresse er et nummer som automatisk tildeles en datamaskin n\u00e5r den kobler seg til Internett.<\/p>\n\n<p>All denne informasjonen registreres i en serveraktivitetsfil, beh\u00f8rig registrert, som tillater senere behandling av dataene for \u00e5 oppn\u00e5 utelukkende statistiske m\u00e5linger som lar oss vite antall sidevisninger, antall bes\u00f8k p\u00e5 webserverne, rekkef\u00f8lgen p\u00e5 bes\u00f8kene, tilgangspunkt osv.<\/p>\n\n<h3 class=\"wp-block-heading\">Lenkepolicy<\/h3>\n\n<p>Fra dette nettstedet er det mulig \u00e5 bli omdirigert til innhold fra tredjepartsnettsteder. Siden den ansvarlige parten ikke alltid kan kontrollere innholdet som tredjeparter legger ut p\u00e5 sine nettsteder, p\u00e5tar den seg ikke noe ansvar for slikt innhold.<\/p>\n\n<p>Uansett erkl\u00e6rer den ansvarlige parten at den umiddelbart vil fjerne ethvert innhold som kan v\u00e6re i strid med nasjonal eller internasjonal lovgivning, moral eller offentlig orden, slette omdirigeringen til dette nettstedet og informere de kompetente myndighetene om det aktuelle innholdet.<\/p>\n\n<p>Den ansvarlige parten er ikke ansvarlig for informasjonen og innholdet som er lagret, for eksempel, men ikke begrenset til, i forum, chatter, blogggeneratorer, kommentarer, sosiale nettverk eller andre metoder som tillater tredjeparter \u00e5 publisere innhold uavhengig p\u00e5 den ansvarlige partens nettsted.<\/p>\n\n<p>I samsvar med bestemmelsene i artikkel 11 og 16 i LSSICE stiller imidlertid den behandlingsansvarlige seg til r\u00e5dighet for alle brukere, myndigheter og sikkerhetsstyrker, og samarbeider aktivt om fjerning eller, der det er hensiktsmessig, blokkering av alt innhold som kan p\u00e5virke eller v\u00e6re i strid med nasjonal eller internasjonal lovgivning, tredjeparts rettigheter eller moral og offentlig orden.<\/p>\n\n<p>Hvis brukeren mener at det finnes innhold p\u00e5 nettstedet som kan v\u00e6re utsatt for denne klassifiseringen, vennligst varsle nettstedadministratoren umiddelbart.<\/p>\n\n<p>Denne nettsiden har blitt gjennomg\u00e5tt og testet for \u00e5 sikre at den fungerer som den skal. I prinsippet kan korrekt drift garanteres 365 dager i \u00e5ret, 24 timer i d\u00f8gnet.<\/p>\n\n<p>Den behandlingsansvarlige utelukker imidlertid ikke muligheten for at det kan forekomme visse programmeringsfeil eller at det kan oppst\u00e5 \u00e5rsaker som force majeure, naturkatastrofer, streik eller lignende omstendigheter som gj\u00f8r tilgang til nettstedet umulig.<\/p>\n\n<h3 class=\"wp-block-heading\">Databeskyttelse<\/h3>\n\n<p>Den behandlingsansvarlige er sterkt forpliktet til \u00e5 overholde bestemmelsene i gjeldende regelverk om personvern, og i sammenheng med det nye regelverket som er etablert i kraft av bestemmelsene i Europaparlaments- og r\u00e5dsforordning (EU) 2016\/679 av 27. april 2016 om vern av fysiske personer i forbindelse med behandling av personopplysninger og om fri utveksling av slike opplysninger (heretter kalt GDPR), og nasjonale forskrifter om vern av personopplysninger.<\/p>\n\n<p>P\u00e5 samme m\u00e5te informerer den behandlingsansvarlige om at den overholder lov 34\/2002 av 11. juli om informasjonssamfunnstjenester og elektronisk handel, og vil til enhver tid be om samtykke til behandling av dine data for kommersielle form\u00e5l.<\/p>\n\n<h3 class=\"wp-block-heading\">Immateriell og industriell eiendom<\/h3>\n\n<p>Nettstedet, inkludert, men ikke begrenset til, programmering, redigering, kompilering og andre elementer som er n\u00f8dvendige for driften, design, logoer, tekster og\/eller grafikk, tilh\u00f8rer den ansvarlige parten eller har, der det er aktuelt, en lisens eller uttrykkelig autorisasjon fra forfatterne.<\/p>\n\n<p>Alt innhold p\u00e5 nettstedet er beh\u00f8rig beskyttet av forskrifter om immaterielle rettigheter og industriell eiendom. Uansett form\u00e5let med innholdet, krever hel eller delvis reproduksjon, bruk, utnyttelse, distribusjon og kommersialisering uansett skriftlig forh\u00e5ndsgodkjenning fra den ansvarlige parten.<\/p>\n\n<p>Enhver bruk som ikke tidligere er godkjent av den ansvarlige parten, vil bli ansett som et alvorlig brudd p\u00e5 opphavsmannens immaterielle rettigheter eller industrielle eiendomsrettigheter.<\/p>\n\n<p>Design, logoer, tekster og\/eller grafikk som ikke eies av leverand\u00f8ren og som kan vises p\u00e5 nettstedet, tilh\u00f8rer sine respektive eiere, som er ansvarlige for eventuelle kontroverser som m\u00e5tte oppst\u00e5 ang\u00e5ende dem.<\/p>\n\n<p>Uansett har den behandlingsansvarlige uttrykkelig og forh\u00e5ndsgodkjent tillatelse fra dem.<\/p>\n\n<p>Den behandlingsansvarlige gir uttrykkelig tredjeparter tillatelse til \u00e5 omdirigere direkte til spesifikt innhold p\u00e5 nettstedet, og de m\u00e5 uansett omdirigere til hovedsiden p\u00e5 den behandlingsansvarliges nettsted.<\/p>\n\n<p>Den ansvarlige parten erkjenner til fordel for sine eiere de tilsvarende immaterielle og industrielle eiendomsrettighetene, og det faktum at de vises p\u00e5 nettstedet inneb\u00e6rer ikke at den ansvarlige parten har rettigheter eller ansvar over dem, og heller ikke st\u00f8tte, sponsing eller anbefaling fra deres side.<\/p>\n\n<p>For \u00e5 komme med merknader om mulige brudd p\u00e5 immaterielle rettigheter eller industrielle eiendomsrettigheter, samt om innhold p\u00e5 nettstedet, kan du gj\u00f8re det via f\u00f8lgende e-post:\u00a0<strong><a href=\"mailto:oscar.ribes@randstech.com\" target=\"_blank\" rel=\"noreferrer noopener\">info@flamia.es<\/a><\/strong><\/p>\n\t\t\t\t\t\t\t\t<\/div>\n\t\t\t\t<\/div>\n\t\t\t\t\t<\/div>\n\t\t\t\t<\/div>\n\t\t\t\t<\/div>","protected":false},"excerpt":{"rendered":"<p>Responsable del tractament de les dades En compliment del deure d\u2019informaci\u00f3 que estableix la Llei 34\/2002, d\u201911 de juliol, de Serveis de la Societat de la Informaci\u00f3 i del Comer\u00e7 Electr\u00f2nic, us comuniquem que aquesta web \u00e9s titularitat de: Objecte El Responsable posa a disposici\u00f3 dels usuaris aquest document amb el qual pret\u00e9n complir el [&hellip;]<\/p>","protected":false},"author":1,"featured_media":0,"parent":0,"menu_order":0,"comment_status":"closed","ping_status":"closed","template":"","meta":{"footnotes":""},"class_list":["post-19","page","type-page","status-publish","hentry"],"yoast_head":"<!-- This site is optimized with the Yoast SEO plugin v25.5 - https:\/\/yoast.com\/wordpress\/plugins\/seo\/ -->\n<title>Av\u00eds Legal - Flamia<\/title>\n<meta name=\"robots\" content=\"index, follow, max-snippet:-1, max-image-preview:large, max-video-preview:-1\" \/>\n<link rel=\"canonical\" href=\"https:\/\/flamia.es\/nb\/avis-legal\/\" \/>\n<meta property=\"og:locale\" content=\"nb_NO\" \/>\n<meta property=\"og:type\" content=\"article\" \/>\n<meta property=\"og:title\" content=\"Av\u00eds Legal - Flamia\" \/>\n<meta property=\"og:description\" content=\"Responsable del tractament de les dades En compliment del deure d\u2019informaci\u00f3 que estableix la Llei 34\/2002, d\u201911 de juliol, de Serveis de la Societat de la Informaci\u00f3 i del Comer\u00e7 Electr\u00f2nic, us comuniquem que aquesta web \u00e9s titularitat de: Objecte El Responsable posa a disposici\u00f3 dels usuaris aquest document amb el qual pret\u00e9n complir el [&hellip;]\" \/>\n<meta property=\"og:url\" content=\"https:\/\/flamia.es\/nb\/avis-legal\/\" \/>\n<meta property=\"og:site_name\" content=\"Flamia\" \/>\n<meta property=\"article:modified_time\" content=\"2025-07-04T13:45:12+00:00\" \/>\n<meta name=\"twitter:card\" content=\"summary_large_image\" \/>\n<meta name=\"twitter:label1\" content=\"Ansl. lesetid\" \/>\n\t<meta name=\"twitter:data1\" content=\"6 minutter\" \/>\n<script type=\"application\/ld+json\" class=\"yoast-schema-graph\">{\"@context\":\"https:\/\/schema.org\",\"@graph\":[{\"@type\":\"WebPage\",\"@id\":\"https:\/\/flamia.es\/avis-legal\/\",\"url\":\"https:\/\/flamia.es\/avis-legal\/\",\"name\":\"Av\u00eds Legal - Flamia\",\"isPartOf\":{\"@id\":\"https:\/\/flamia.es\/#website\"},\"datePublished\":\"2025-03-28T19:04:18+00:00\",\"dateModified\":\"2025-07-04T13:45:12+00:00\",\"breadcrumb\":{\"@id\":\"https:\/\/flamia.es\/avis-legal\/#breadcrumb\"},\"inLanguage\":\"nb-NO\",\"potentialAction\":[{\"@type\":\"ReadAction\",\"target\":[\"https:\/\/flamia.es\/avis-legal\/\"]}]},{\"@type\":\"BreadcrumbList\",\"@id\":\"https:\/\/flamia.es\/avis-legal\/#breadcrumb\",\"itemListElement\":[{\"@type\":\"ListItem\",\"position\":1,\"name\":\"Portada\",\"item\":\"https:\/\/flamia.es\/\"},{\"@type\":\"ListItem\",\"position\":2,\"name\":\"Av\u00eds Legal\"}]},{\"@type\":\"WebSite\",\"@id\":\"https:\/\/flamia.es\/#website\",\"url\":\"https:\/\/flamia.es\/\",\"name\":\"Horecatek\",\"description\":\"Planxes el\u00e8ctriques i cremadors de gas industrials\",\"potentialAction\":[{\"@type\":\"SearchAction\",\"target\":{\"@type\":\"EntryPoint\",\"urlTemplate\":\"https:\/\/flamia.es\/?s={search_term_string}\"},\"query-input\":{\"@type\":\"PropertyValueSpecification\",\"valueRequired\":true,\"valueName\":\"search_term_string\"}}],\"inLanguage\":\"nb-NO\"}]}<\/script>\n<!-- \/ Yoast SEO plugin. -->","yoast_head_json":{"title":"Av\u00eds Legal - Flamia","robots":{"index":"index","follow":"follow","max-snippet":"max-snippet:-1","max-image-preview":"max-image-preview:large","max-video-preview":"max-video-preview:-1"},"canonical":"https:\/\/flamia.es\/nb\/avis-legal\/","og_locale":"nb_NO","og_type":"article","og_title":"Av\u00eds Legal - Flamia","og_description":"Responsable del tractament de les dades En compliment del deure d\u2019informaci\u00f3 que estableix la Llei 34\/2002, d\u201911 de juliol, de Serveis de la Societat de la Informaci\u00f3 i del Comer\u00e7 Electr\u00f2nic, us comuniquem que aquesta web \u00e9s titularitat de: Objecte El Responsable posa a disposici\u00f3 dels usuaris aquest document amb el qual pret\u00e9n complir el [&hellip;]","og_url":"https:\/\/flamia.es\/nb\/avis-legal\/","og_site_name":"Flamia","article_modified_time":"2025-07-04T13:45:12+00:00","twitter_card":"summary_large_image","twitter_misc":{"Ansl. lesetid":"6 minutter"},"schema":{"@context":"https:\/\/schema.org","@graph":[{"@type":"WebPage","@id":"https:\/\/flamia.es\/avis-legal\/","url":"https:\/\/flamia.es\/avis-legal\/","name":"Av\u00eds Legal - Flamia","isPartOf":{"@id":"https:\/\/flamia.es\/#website"},"datePublished":"2025-03-28T19:04:18+00:00","dateModified":"2025-07-04T13:45:12+00:00","breadcrumb":{"@id":"https:\/\/flamia.es\/avis-legal\/#breadcrumb"},"inLanguage":"nb-NO","potentialAction":[{"@type":"ReadAction","target":["https:\/\/flamia.es\/avis-legal\/"]}]},{"@type":"BreadcrumbList","@id":"https:\/\/flamia.es\/avis-legal\/#breadcrumb","itemListElement":[{"@type":"ListItem","position":1,"name":"Portada","item":"https:\/\/flamia.es\/"},{"@type":"ListItem","position":2,"name":"Av\u00eds Legal"}]},{"@type":"WebSite","@id":"https:\/\/flamia.es\/#website","url":"https:\/\/flamia.es\/","name":"Horecatech","description":"Elektriske strykejern og industrielle gassbrennere","potentialAction":[{"@type":"SearchAction","target":{"@type":"EntryPoint","urlTemplate":"https:\/\/flamia.es\/?s={search_term_string}"},"query-input":{"@type":"PropertyValueSpecification","valueRequired":true,"valueName":"search_term_string"}}],"inLanguage":"nb-NO"}]}},"_links":{"self":[{"href":"https:\/\/flamia.es\/nb\/wp-json\/wp\/v2\/pages\/19","targetHints":{"allow":["GET"]}}],"collection":[{"href":"https:\/\/flamia.es\/nb\/wp-json\/wp\/v2\/pages"}],"about":[{"href":"https:\/\/flamia.es\/nb\/wp-json\/wp\/v2\/types\/page"}],"author":[{"embeddable":true,"href":"https:\/\/flamia.es\/nb\/wp-json\/wp\/v2\/users\/1"}],"replies":[{"embeddable":true,"href":"https:\/\/flamia.es\/nb\/wp-json\/wp\/v2\/comments?post=19"}],"version-history":[{"count":0,"href":"https:\/\/flamia.es\/nb\/wp-json\/wp\/v2\/pages\/19\/revisions"}],"wp:attachment":[{"href":"https:\/\/flamia.es\/nb\/wp-json\/wp\/v2\/media?parent=19"}],"curies":[{"name":"wp","href":"https:\/\/api.w.org\/{rel}","templated":true}]}}