{"id":20,"date":"2025-03-28T16:05:29","date_gmt":"2025-03-28T19:05:29","guid":{"rendered":"https:\/\/innovacon.simplificandotuweb.com\/?page_id=20"},"modified":"2025-05-13T16:44:53","modified_gmt":"2025-05-13T14:44:53","slug":"declaracio-daccessibilitat","status":"publish","type":"page","link":"https:\/\/flamia.es\/nb\/declaracio-daccessibilitat\/","title":{"rendered":"Tilgjengelighetserkl\u00e6ring"},"content":{"rendered":"<div data-elementor-type=\"wp-page\" data-elementor-id=\"20\" class=\"elementor elementor-20\" data-elementor-post-type=\"page\">\n\t\t\t\t<div class=\"elementor-element elementor-element-4894de47 e-flex e-con-boxed e-con e-parent\" data-id=\"4894de47\" data-element_type=\"container\">\n\t\t\t\t\t<div class=\"e-con-inner\">\n\t\t\t\t<div class=\"elementor-element elementor-element-5878d0b elementor-widget elementor-widget-heading\" data-id=\"5878d0b\" data-element_type=\"widget\" data-widget_type=\"heading.default\">\n\t\t\t\t<div class=\"elementor-widget-container\">\n\t\t\t\t\t<h2 class=\"elementor-heading-title elementor-size-default\">Tilgjengelighetserkl\u00e6ring<\/h2>\t\t\t\t<\/div>\n\t\t\t\t<\/div>\n\t\t\t\t<div class=\"elementor-element elementor-element-547ffcab elementor-widget elementor-widget-text-editor\" data-id=\"547ffcab\" data-element_type=\"widget\" data-widget_type=\"text-editor.default\">\n\t\t\t\t<div class=\"elementor-widget-container\">\n\t\t\t\t\t\t\t\t\t\n<p><strong>HORECATEK, SL<\/strong> har forpliktet seg til \u00e5 gj\u00f8re nettstedet sitt tilgjengelig, i samsvar med kongelig resolusjon 1112\/2018 av 7. september om tilgjengelighet til nettsteder og applikasjoner for mobile enheter i offentlig sektor. Denne tilgjengelighetserkl\u00e6ringen gjelder for dette nettstedet.<\/p>\n\n\n\n<h3 class=\"wp-block-heading\">Samsvarsstatus<\/h3>\n\n\n\n<p>Denne nettsiden er utviklet i henhold til RD 1112\/2018.<\/p>\n\n\n\n<h3 class=\"wp-block-heading\">Forberedelser til neste tilgjengelighetserkl\u00e6ring<\/h3>\n\n\n\n<p>Denne uttalelsen ble utarbeidet 20. april 2023. Metoden som ble brukt for \u00e5 utarbeide uttalelsen var en selvevaluering.<\/p>\n\n\n\n<h3 class=\"wp-block-heading\">Observasjoner og kontaktinformasjon<\/h3>\n\n\n\n<p>Du kan sende inn kommunikasjon om tilgjengelighetskrav (artikkel 10.2.a i RD 1112\/2018) som for eksempel:<\/p>\n\n\n\n<ul class=\"wp-block-list\">\n<li>Rapporter eventuelle brudd fra dette nettstedet.<\/li>\n\n\n\n<li>Formidle andre vanskeligheter med \u00e5 f\u00e5 tilgang til innhold.<\/li>\n\n\n\n<li>Send andre sp\u00f8rsm\u00e5l eller forslag til forbedringer ang\u00e5ende nettstedets tilgjengelighet via kontaktskjemaet p\u00e5 dette nettstedet eller via telefonnummeret.<\/li>\n<\/ul>\n\n\n\n<p>Du kan presentere:<\/p>\n\n\n\n<ul class=\"wp-block-list\">\n<li>Klage ang\u00e5ende samsvar med kravene i RD 1112\/2018.<\/li>\n\n\n\n<li>Foresp\u00f8rsel om tilgjengelig informasjon ang\u00e5ende:\n<ul class=\"wp-block-list\">\n<li>Innhold som er unntatt fra virkeomr\u00e5det til RD 1112\/2018 som fastsatt i artikkel 3, avsnitt 4.<\/li>\n\n\n\n<li>Innhold som er unntatt fra samsvar med tilgjengelighetskrav, p\u00e5f\u00f8rer en uforholdsmessig byrde.<\/li>\n<\/ul>\n<\/li>\n<\/ul>\n\n\n\n<p>I foresp\u00f8rselen om tilgjengelig informasjon er det n\u00f8dvendig \u00e5 spesifisere, med full klarhet, fakta, begrunnelser og foresp\u00f8rsel som gj\u00f8r det mulig \u00e5 fastsl\u00e5 at det er en rimelig og legitim foresp\u00f8rsel.<\/p>\n\n\n\n<p>Klager og krav ang\u00e5ende tilgjengelig informasjon vil bli sendt via det elektroniske kontoret (<a href=\"https:\/\/sede.red.gob.es\/procedimientos\/quejas-y-sugerencias\"><strong>https:\/\/sede.red.gob.es\/procedimientos\/quejas-y-sugerencias<\/strong><\/a>) og vil bli mottatt og behandlet av informasjonssystemavdelingen i Red.es.<\/p>\n\n\n\n<h3 class=\"wp-block-heading\">Valgfritt innhold<\/h3>\n\n\n\n<p>Hvis du vil endre skriftst\u00f8rrelsen p\u00e5 teksten i de viktigste grafiske nettleserne, bruker du f\u00f8lgende menyer:<\/p>\n\n\n\n<ul class=\"wp-block-list\">\n<li><strong>Safari<\/strong>Vis &gt; Gj\u00f8r tekst st\u00f8rre<\/li>\n\n\n\n<li><strong>Krom<\/strong>Kontroller gjeldende side &gt; Tekstst\u00f8rrelse<\/li>\n<\/ul>\n\n\n\n<p>Slik endrer du st\u00f8rrelsen p\u00e5 alt p\u00e5 siden:<\/p>\n\n\n\n<ul class=\"wp-block-list\">\n<li><strong>Ctrl++<\/strong>&nbsp;\u00e5 \u00f8ke den<\/li>\n\n\n\n<li><strong>Ctrl + \u2013<\/strong>&nbsp;\u00e5 redusere det<\/li>\n\n\n\n<li><strong>Ctrl + 0<\/strong>&nbsp;gjenoppretter den opprinnelige tekstst\u00f8rrelsen<\/li>\n<\/ul>\n\n\n\n<p>Hvis du vil overstyre stilarket eller endre tekstfargen, kan du se p\u00e5 siden&nbsp;<em>Slik endrer du tekstst\u00f8rrelse eller farger<\/em>&nbsp;av WAI, som kan leses oversatt til spansk p\u00e5&nbsp;<em>Hvordan endrer man tekstst\u00f8rrelse eller farger?<\/em><\/p>\n\t\t\t\t\t\t\t\t<\/div>\n\t\t\t\t<\/div>\n\t\t\t\t\t<\/div>\n\t\t\t\t<\/div>\n\t\t\t\t<\/div>","protected":false},"excerpt":{"rendered":"<p>HORECATEK, S.L. ha comprom\u00e8s a fer accessible el seu lloc web, d\u2019acord amb el Reial decret 1112\/2018, de 7 de setembre, sobre accessibilitat dels llocs web i aplicacions per a dispositius m\u00f2bils del sector p\u00fablic. Aquesta declaraci\u00f3 d\u2019accessibilitat s\u2019aplica a aquest web. Situaci\u00f3 de compliment Aquest lloc web est\u00e0 desenvolupat segons el RD 1112\/2018. Preparaci\u00f3 [&hellip;]<\/p>","protected":false},"author":1,"featured_media":0,"parent":0,"menu_order":0,"comment_status":"closed","ping_status":"closed","template":"","meta":{"footnotes":""},"class_list":["post-20","page","type-page","status-publish","hentry"],"yoast_head":"<!-- This site is optimized with the Yoast SEO plugin v25.5 - https:\/\/yoast.com\/wordpress\/plugins\/seo\/ -->\n<title>Declaraci\u00f3 d\u2019accessibilitat - Flamia<\/title>\n<meta name=\"robots\" content=\"index, follow, max-snippet:-1, max-image-preview:large, max-video-preview:-1\" \/>\n<link rel=\"canonical\" href=\"https:\/\/flamia.es\/nb\/declaracio-daccessibilitat\/\" \/>\n<meta property=\"og:locale\" content=\"nb_NO\" \/>\n<meta property=\"og:type\" content=\"article\" \/>\n<meta property=\"og:title\" content=\"Declaraci\u00f3 d\u2019accessibilitat - Flamia\" \/>\n<meta property=\"og:description\" content=\"HORECATEK, S.L. ha comprom\u00e8s a fer accessible el seu lloc web, d\u2019acord amb el Reial decret 1112\/2018, de 7 de setembre, sobre accessibilitat dels llocs web i aplicacions per a dispositius m\u00f2bils del sector p\u00fablic. Aquesta declaraci\u00f3 d\u2019accessibilitat s\u2019aplica a aquest web. Situaci\u00f3 de compliment Aquest lloc web est\u00e0 desenvolupat segons el RD 1112\/2018. Preparaci\u00f3 [&hellip;]\" \/>\n<meta property=\"og:url\" content=\"https:\/\/flamia.es\/nb\/declaracio-daccessibilitat\/\" \/>\n<meta property=\"og:site_name\" content=\"Flamia\" \/>\n<meta property=\"article:modified_time\" content=\"2025-05-13T14:44:53+00:00\" \/>\n<meta name=\"twitter:card\" content=\"summary_large_image\" \/>\n<meta name=\"twitter:label1\" content=\"Ansl. lesetid\" \/>\n\t<meta name=\"twitter:data1\" content=\"2 minutter\" \/>\n<script type=\"application\/ld+json\" class=\"yoast-schema-graph\">{\"@context\":\"https:\/\/schema.org\",\"@graph\":[{\"@type\":\"WebPage\",\"@id\":\"https:\/\/flamia.es\/declaracio-daccessibilitat\/\",\"url\":\"https:\/\/flamia.es\/declaracio-daccessibilitat\/\",\"name\":\"Declaraci\u00f3 d\u2019accessibilitat - Flamia\",\"isPartOf\":{\"@id\":\"https:\/\/flamia.es\/#website\"},\"datePublished\":\"2025-03-28T19:05:29+00:00\",\"dateModified\":\"2025-05-13T14:44:53+00:00\",\"breadcrumb\":{\"@id\":\"https:\/\/flamia.es\/declaracio-daccessibilitat\/#breadcrumb\"},\"inLanguage\":\"nb-NO\",\"potentialAction\":[{\"@type\":\"ReadAction\",\"target\":[\"https:\/\/flamia.es\/declaracio-daccessibilitat\/\"]}]},{\"@type\":\"BreadcrumbList\",\"@id\":\"https:\/\/flamia.es\/declaracio-daccessibilitat\/#breadcrumb\",\"itemListElement\":[{\"@type\":\"ListItem\",\"position\":1,\"name\":\"Portada\",\"item\":\"https:\/\/flamia.es\/\"},{\"@type\":\"ListItem\",\"position\":2,\"name\":\"Declaraci\u00f3 d\u2019accessibilitat\"}]},{\"@type\":\"WebSite\",\"@id\":\"https:\/\/flamia.es\/#website\",\"url\":\"https:\/\/flamia.es\/\",\"name\":\"Horecatek\",\"description\":\"Planxes el\u00e8ctriques i cremadors de gas industrials\",\"potentialAction\":[{\"@type\":\"SearchAction\",\"target\":{\"@type\":\"EntryPoint\",\"urlTemplate\":\"https:\/\/flamia.es\/?s={search_term_string}\"},\"query-input\":{\"@type\":\"PropertyValueSpecification\",\"valueRequired\":true,\"valueName\":\"search_term_string\"}}],\"inLanguage\":\"nb-NO\"}]}<\/script>\n<!-- \/ Yoast SEO plugin. -->","yoast_head_json":{"title":"Declaraci\u00f3 d\u2019accessibilitat - Flamia","robots":{"index":"index","follow":"follow","max-snippet":"max-snippet:-1","max-image-preview":"max-image-preview:large","max-video-preview":"max-video-preview:-1"},"canonical":"https:\/\/flamia.es\/nb\/declaracio-daccessibilitat\/","og_locale":"nb_NO","og_type":"article","og_title":"Declaraci\u00f3 d\u2019accessibilitat - Flamia","og_description":"HORECATEK, S.L. ha comprom\u00e8s a fer accessible el seu lloc web, d\u2019acord amb el Reial decret 1112\/2018, de 7 de setembre, sobre accessibilitat dels llocs web i aplicacions per a dispositius m\u00f2bils del sector p\u00fablic. Aquesta declaraci\u00f3 d\u2019accessibilitat s\u2019aplica a aquest web. Situaci\u00f3 de compliment Aquest lloc web est\u00e0 desenvolupat segons el RD 1112\/2018. Preparaci\u00f3 [&hellip;]","og_url":"https:\/\/flamia.es\/nb\/declaracio-daccessibilitat\/","og_site_name":"Flamia","article_modified_time":"2025-05-13T14:44:53+00:00","twitter_card":"summary_large_image","twitter_misc":{"Ansl. lesetid":"2 minutter"},"schema":{"@context":"https:\/\/schema.org","@graph":[{"@type":"WebPage","@id":"https:\/\/flamia.es\/declaracio-daccessibilitat\/","url":"https:\/\/flamia.es\/declaracio-daccessibilitat\/","name":"Declaraci\u00f3 d\u2019accessibilitat - Flamia","isPartOf":{"@id":"https:\/\/flamia.es\/#website"},"datePublished":"2025-03-28T19:05:29+00:00","dateModified":"2025-05-13T14:44:53+00:00","breadcrumb":{"@id":"https:\/\/flamia.es\/declaracio-daccessibilitat\/#breadcrumb"},"inLanguage":"nb-NO","potentialAction":[{"@type":"ReadAction","target":["https:\/\/flamia.es\/declaracio-daccessibilitat\/"]}]},{"@type":"BreadcrumbList","@id":"https:\/\/flamia.es\/declaracio-daccessibilitat\/#breadcrumb","itemListElement":[{"@type":"ListItem","position":1,"name":"Portada","item":"https:\/\/flamia.es\/"},{"@type":"ListItem","position":2,"name":"Declaraci\u00f3 d\u2019accessibilitat"}]},{"@type":"WebSite","@id":"https:\/\/flamia.es\/#website","url":"https:\/\/flamia.es\/","name":"Horecatech","description":"Elektriske strykejern og industrielle gassbrennere","potentialAction":[{"@type":"SearchAction","target":{"@type":"EntryPoint","urlTemplate":"https:\/\/flamia.es\/?s={search_term_string}"},"query-input":{"@type":"PropertyValueSpecification","valueRequired":true,"valueName":"search_term_string"}}],"inLanguage":"nb-NO"}]}},"_links":{"self":[{"href":"https:\/\/flamia.es\/nb\/wp-json\/wp\/v2\/pages\/20","targetHints":{"allow":["GET"]}}],"collection":[{"href":"https:\/\/flamia.es\/nb\/wp-json\/wp\/v2\/pages"}],"about":[{"href":"https:\/\/flamia.es\/nb\/wp-json\/wp\/v2\/types\/page"}],"author":[{"embeddable":true,"href":"https:\/\/flamia.es\/nb\/wp-json\/wp\/v2\/users\/1"}],"replies":[{"embeddable":true,"href":"https:\/\/flamia.es\/nb\/wp-json\/wp\/v2\/comments?post=20"}],"version-history":[{"count":0,"href":"https:\/\/flamia.es\/nb\/wp-json\/wp\/v2\/pages\/20\/revisions"}],"wp:attachment":[{"href":"https:\/\/flamia.es\/nb\/wp-json\/wp\/v2\/media?parent=20"}],"curies":[{"name":"wp","href":"https:\/\/api.w.org\/{rel}","templated":true}]}}