{"id":30,"date":"2025-03-28T16:09:49","date_gmt":"2025-03-28T19:09:49","guid":{"rendered":"https:\/\/innovacon.simplificandotuweb.com\/?page_id=30"},"modified":"2025-07-04T15:46:11","modified_gmt":"2025-07-04T13:46:11","slug":"politica-de-privacitat","status":"publish","type":"page","link":"https:\/\/flamia.es\/nb\/politica-de-privacitat\/","title":{"rendered":"Personvernerkl\u00e6ring"},"content":{"rendered":"<div data-elementor-type=\"wp-page\" data-elementor-id=\"30\" class=\"elementor elementor-30\" data-elementor-post-type=\"page\">\n\t\t\t\t<div class=\"elementor-element elementor-element-1ddb4436 e-flex e-con-boxed e-con e-parent\" data-id=\"1ddb4436\" data-element_type=\"container\">\n\t\t\t\t\t<div class=\"e-con-inner\">\n\t\t\t\t<div class=\"elementor-element elementor-element-df84bf4 elementor-widget elementor-widget-heading\" data-id=\"df84bf4\" data-element_type=\"widget\" data-widget_type=\"heading.default\">\n\t\t\t\t<div class=\"elementor-widget-container\">\n\t\t\t\t\t<h2 class=\"elementor-heading-title elementor-size-default\">Personvernerkl\u00e6ring<\/h2>\t\t\t\t<\/div>\n\t\t\t\t<\/div>\n\t\t\t\t<div class=\"elementor-element elementor-element-3abd521e elementor-widget elementor-widget-text-editor\" data-id=\"3abd521e\" data-element_type=\"widget\" data-widget_type=\"text-editor.default\">\n\t\t\t\t<div class=\"elementor-widget-container\">\n\t\t\t\t\t\t\t\t\t\n<h3 class=\"wp-block-heading\"><strong>1.- INFORMASJON TIL BRUKEREN<\/strong><\/h3>\n\n<p>Nettstedet informerer brukerne av nettstedet om sine retningslinjer ang\u00e5ende behandling og beskyttelse av personopplysninger for brukere og kunder som kan bli forespurt mens de surfer p\u00e5 nettstedet.<\/p>\n\n<p>Nettstedet er ansvarlig for behandlingen av brukerens personopplysninger, derfor gis f\u00f8lgende informasjon om behandlingen av deres data:<\/p>\n\n<p><strong>Kriterier for datalagring:<\/strong>\u00a0Personopplysningene som gis vil bli oppbevart inntil den ber\u00f8rte parten ber om suspensjon, ut\u00f8ver sine rettigheter over opplysningene, og under alle omstendigheter i samsvar med de lovbestemte foreldelsesfristene som gjelder for dem.<\/p>\n\n<p><strong>Rettigheter for interesserte parter:<\/strong><\/p>\n\n<ul class=\"wp-block-list\">\n<li>Rett til \u00e5 trekke tilbake samtykket ditt n\u00e5r som helst.<\/li>\n\n<li>Rett til tilgang til, retting, sletting, portabilitet av dine data, samt begrensning eller innsigelse mot behandlingen av dem, og rett til ikke \u00e5 v\u00e6re gjenstand for automatiserte individuelle avgj\u00f8relser.<\/li>\n<\/ul>\n\n<p><strong>Kontaktinformasjon for \u00e5 ut\u00f8ve dine rettigheter:<\/strong><br \/>Rettigheten du \u00f8nsker \u00e5 ut\u00f8ve m\u00e5 v\u00e6re korrekt identifisert og det m\u00e5 forespures tydelig.<\/p>\n\n<ul class=\"wp-block-list\">\n<li><strong>Bedrift: <\/strong>HORECATEK, SL<\/li>\n\n<li><strong>Skatte-ID: <\/strong>B66758160<\/li>\n\n<li><strong>Ansvarlig: <\/strong>Oscar Ribes Vilanova<\/li>\n\n<li><strong>Adresse: <\/strong>C\/Bac de Roda, 53<\/li>\n\n<li><strong>Postnummer og befolkning: <\/strong>08005 Barcelona (Barcelona)<\/li>\n\n<li><strong>Telefon:<\/strong>+34 653102398<\/li>\n<li><strong>E-post: <\/strong><a href=\"mailto:info@flamia.es\" target=\"_blank\" rel=\"noopener\">info@flamia.es<\/a><\/li>\n<\/ul>\n\n<h3 class=\"wp-block-heading\"><strong>2.- INFORMASJON GIVET AV BRUKEREN<\/strong><\/h3>\n\n<p>Hvis du er under 18 \u00e5r, har du ikke lov til \u00e5 bruke skjemaer p\u00e5 nettstedet v\u00e5rt.<\/p>\n\n<p>Ved \u00e5 oppgi dataene sine i kontaktskjemaene eller nedlastingsskjemaene godtar brukere uttrykkelig, fritt og utvetydig at dataene deres er n\u00f8dvendige for at den behandlingsansvarlige skal kunne svare p\u00e5 foresp\u00f8rselen deres, og at det er frivillig \u00e5 inkludere data i de resterende feltene.<\/p>\n\n<p>Brukeren garanterer at de oppgitte personopplysningene er sannferdige og er ansvarlig for \u00e5 meddele eventuelle endringer.<\/p>\n\n<p>Alle data som ettersp\u00f8rres via nettstedet er n\u00f8dvendige for \u00e5 kunne tilby brukeren optimal service. Hvis ikke alle data oppgis, er det ikke garantert at informasjonen og tjenestene som leveres av den behandlingsansvarlige, fullt ut vil dekke dine behov.<\/p>\n\n<h3 class=\"wp-block-heading\"><strong>3.- SIKKERHETSFORANSTALTNINGER<\/strong><\/h3>\n\n<p>I samsvar med bestemmelsene i gjeldende forskrift om beskyttelse av personopplysninger, overholder den behandlingsansvarlige alle bestemmelsene i RGPD- og LOPD-forskriftene for behandling av personopplysninger under dens ansvar, som behandles lovlig, rettferdig og transparent i forhold til den ber\u00f8rte part, og er tilstrekkelige, relevante og begrenset til det som er n\u00f8dvendig i forhold til form\u00e5lene de behandles for.<\/p>\n\n<p>Den behandlingsansvarlige garanterer at den har implementert passende tekniske og organisatoriske retningslinjer for \u00e5 anvende sikkerhetstiltakene fastsatt i GDPR og LOPD for \u00e5 beskytte brukernes rettigheter og friheter, og har kommunisert n\u00f8dvendig informasjon til dem slik at de kan ut\u00f8ve dem.<\/p>\n\n<h3 class=\"wp-block-heading\"><strong>4.- SIKKERHETSBRUDD<\/strong><\/h3>\n\n<p>Den behandlingsansvarlige vil rapportere ethvert sikkerhetsbrudd som p\u00e5virker databasen som brukes av dette nettstedet, eller som p\u00e5virker noen av v\u00e5re tredjepartstjenester, til hver enkelt person hvis data kan ha blitt ber\u00f8rt, samt til myndighetene, innen 72 timer etter at bruddet ble oppdaget.<\/p>\n\n<h3 class=\"wp-block-heading\"><strong>GJELDENDE LOVGIVNING OG JURISDIKSJON<\/strong><\/h3>\n\n<p>For l\u00f8sning av alle tvister eller problemer knyttet til dette nettstedet eller aktivitetene som utf\u00f8res p\u00e5 det, gjelder spansk lovgivning, noe partene uttrykkelig samtykker i, med domstolene i Barcelona som er kompetente for l\u00f8sning av alle konflikter som oppst\u00e5r fra eller er relatert til bruken av det.<\/p>\n\t\t\t\t\t\t\t\t<\/div>\n\t\t\t\t<\/div>\n\t\t\t\t\t<\/div>\n\t\t\t\t<\/div>\n\t\t\t\t<\/div>","protected":false},"excerpt":{"rendered":"<p>1.- INFORMACI\u00d3 A L\u2019USUARI El lloc web informa els usuaris del lloc web sobre la seva pol\u00edtica respecte al tractament i protecci\u00f3 de les dades de car\u00e0cter personal dels usuaris i clients que puguin ser sol\u00b7licitades durant la navegaci\u00f3 pel seu lloc web. El lloc web \u00e9s el Responsable del tractament de les dades personals [&hellip;]<\/p>","protected":false},"author":1,"featured_media":0,"parent":0,"menu_order":0,"comment_status":"closed","ping_status":"closed","template":"","meta":{"footnotes":""},"class_list":["post-30","page","type-page","status-publish","hentry"],"yoast_head":"<!-- This site is optimized with the Yoast SEO plugin v25.5 - https:\/\/yoast.com\/wordpress\/plugins\/seo\/ -->\n<title>Pol\u00edtica de Privacitat - Flamia<\/title>\n<meta name=\"robots\" content=\"index, follow, max-snippet:-1, max-image-preview:large, max-video-preview:-1\" \/>\n<link rel=\"canonical\" href=\"https:\/\/flamia.es\/nb\/politica-de-privacitat\/\" \/>\n<meta property=\"og:locale\" content=\"nb_NO\" \/>\n<meta property=\"og:type\" content=\"article\" \/>\n<meta property=\"og:title\" content=\"Pol\u00edtica de Privacitat - Flamia\" \/>\n<meta property=\"og:description\" content=\"1.- INFORMACI\u00d3 A L\u2019USUARI El lloc web informa els usuaris del lloc web sobre la seva pol\u00edtica respecte al tractament i protecci\u00f3 de les dades de car\u00e0cter personal dels usuaris i clients que puguin ser sol\u00b7licitades durant la navegaci\u00f3 pel seu lloc web. El lloc web \u00e9s el Responsable del tractament de les dades personals [&hellip;]\" \/>\n<meta property=\"og:url\" content=\"https:\/\/flamia.es\/nb\/politica-de-privacitat\/\" \/>\n<meta property=\"og:site_name\" content=\"Flamia\" \/>\n<meta property=\"article:modified_time\" content=\"2025-07-04T13:46:11+00:00\" \/>\n<meta name=\"twitter:card\" content=\"summary_large_image\" \/>\n<meta name=\"twitter:label1\" content=\"Ansl. lesetid\" \/>\n\t<meta name=\"twitter:data1\" content=\"3 minutter\" \/>\n<script type=\"application\/ld+json\" class=\"yoast-schema-graph\">{\"@context\":\"https:\/\/schema.org\",\"@graph\":[{\"@type\":\"WebPage\",\"@id\":\"https:\/\/flamia.es\/politica-de-privacitat\/\",\"url\":\"https:\/\/flamia.es\/politica-de-privacitat\/\",\"name\":\"Pol\u00edtica de Privacitat - Flamia\",\"isPartOf\":{\"@id\":\"https:\/\/flamia.es\/#website\"},\"datePublished\":\"2025-03-28T19:09:49+00:00\",\"dateModified\":\"2025-07-04T13:46:11+00:00\",\"breadcrumb\":{\"@id\":\"https:\/\/flamia.es\/politica-de-privacitat\/#breadcrumb\"},\"inLanguage\":\"nb-NO\",\"potentialAction\":[{\"@type\":\"ReadAction\",\"target\":[\"https:\/\/flamia.es\/politica-de-privacitat\/\"]}]},{\"@type\":\"BreadcrumbList\",\"@id\":\"https:\/\/flamia.es\/politica-de-privacitat\/#breadcrumb\",\"itemListElement\":[{\"@type\":\"ListItem\",\"position\":1,\"name\":\"Portada\",\"item\":\"https:\/\/flamia.es\/\"},{\"@type\":\"ListItem\",\"position\":2,\"name\":\"Pol\u00edtica de Privacitat\"}]},{\"@type\":\"WebSite\",\"@id\":\"https:\/\/flamia.es\/#website\",\"url\":\"https:\/\/flamia.es\/\",\"name\":\"Horecatek\",\"description\":\"Planxes el\u00e8ctriques i cremadors de gas industrials\",\"potentialAction\":[{\"@type\":\"SearchAction\",\"target\":{\"@type\":\"EntryPoint\",\"urlTemplate\":\"https:\/\/flamia.es\/?s={search_term_string}\"},\"query-input\":{\"@type\":\"PropertyValueSpecification\",\"valueRequired\":true,\"valueName\":\"search_term_string\"}}],\"inLanguage\":\"nb-NO\"}]}<\/script>\n<!-- \/ Yoast SEO plugin. -->","yoast_head_json":{"title":"Pol\u00edtica de Privacitat - Flamia","robots":{"index":"index","follow":"follow","max-snippet":"max-snippet:-1","max-image-preview":"max-image-preview:large","max-video-preview":"max-video-preview:-1"},"canonical":"https:\/\/flamia.es\/nb\/politica-de-privacitat\/","og_locale":"nb_NO","og_type":"article","og_title":"Pol\u00edtica de Privacitat - Flamia","og_description":"1.- INFORMACI\u00d3 A L\u2019USUARI El lloc web informa els usuaris del lloc web sobre la seva pol\u00edtica respecte al tractament i protecci\u00f3 de les dades de car\u00e0cter personal dels usuaris i clients que puguin ser sol\u00b7licitades durant la navegaci\u00f3 pel seu lloc web. El lloc web \u00e9s el Responsable del tractament de les dades personals [&hellip;]","og_url":"https:\/\/flamia.es\/nb\/politica-de-privacitat\/","og_site_name":"Flamia","article_modified_time":"2025-07-04T13:46:11+00:00","twitter_card":"summary_large_image","twitter_misc":{"Ansl. lesetid":"3 minutter"},"schema":{"@context":"https:\/\/schema.org","@graph":[{"@type":"WebPage","@id":"https:\/\/flamia.es\/politica-de-privacitat\/","url":"https:\/\/flamia.es\/politica-de-privacitat\/","name":"Pol\u00edtica de Privacitat - Flamia","isPartOf":{"@id":"https:\/\/flamia.es\/#website"},"datePublished":"2025-03-28T19:09:49+00:00","dateModified":"2025-07-04T13:46:11+00:00","breadcrumb":{"@id":"https:\/\/flamia.es\/politica-de-privacitat\/#breadcrumb"},"inLanguage":"nb-NO","potentialAction":[{"@type":"ReadAction","target":["https:\/\/flamia.es\/politica-de-privacitat\/"]}]},{"@type":"BreadcrumbList","@id":"https:\/\/flamia.es\/politica-de-privacitat\/#breadcrumb","itemListElement":[{"@type":"ListItem","position":1,"name":"Portada","item":"https:\/\/flamia.es\/"},{"@type":"ListItem","position":2,"name":"Pol\u00edtica de Privacitat"}]},{"@type":"WebSite","@id":"https:\/\/flamia.es\/#website","url":"https:\/\/flamia.es\/","name":"Horecatech","description":"Elektriske strykejern og industrielle gassbrennere","potentialAction":[{"@type":"SearchAction","target":{"@type":"EntryPoint","urlTemplate":"https:\/\/flamia.es\/?s={search_term_string}"},"query-input":{"@type":"PropertyValueSpecification","valueRequired":true,"valueName":"search_term_string"}}],"inLanguage":"nb-NO"}]}},"_links":{"self":[{"href":"https:\/\/flamia.es\/nb\/wp-json\/wp\/v2\/pages\/30","targetHints":{"allow":["GET"]}}],"collection":[{"href":"https:\/\/flamia.es\/nb\/wp-json\/wp\/v2\/pages"}],"about":[{"href":"https:\/\/flamia.es\/nb\/wp-json\/wp\/v2\/types\/page"}],"author":[{"embeddable":true,"href":"https:\/\/flamia.es\/nb\/wp-json\/wp\/v2\/users\/1"}],"replies":[{"embeddable":true,"href":"https:\/\/flamia.es\/nb\/wp-json\/wp\/v2\/comments?post=30"}],"version-history":[{"count":0,"href":"https:\/\/flamia.es\/nb\/wp-json\/wp\/v2\/pages\/30\/revisions"}],"wp:attachment":[{"href":"https:\/\/flamia.es\/nb\/wp-json\/wp\/v2\/media?parent=30"}],"curies":[{"name":"wp","href":"https:\/\/api.w.org\/{rel}","templated":true}]}}